{"id":6488,"date":"2025-04-11T12:01:42","date_gmt":"2025-04-11T10:01:42","guid":{"rendered":"https:\/\/maabmakeup.es\/?post_type=product&#038;p=6488"},"modified":"2025-08-11T10:31:15","modified_gmt":"2025-08-11T08:31:15","slug":"proteinas-de-seda-acondicionador-en-spray-suavidad-y-control-del-frizz","status":"publish","type":"product","link":"https:\/\/maabmakeup.com\/inicio-2\/tienda\/cabello\/proteinas-de-seda-acondicionador-en-spray-suavidad-y-control-del-frizz\/","title":{"rendered":"PROTE\u00cdNAS DE SEDA Acondicionador en spray &#8211; Suavidad y Control del Frizz"},"content":{"rendered":"<p>Contiene prote\u00ednas de seda. Las prote\u00ednas complementan la esctructura capilar, evitan que el cabello se vuelva quebradizo y realzan el rizo natural del cabello.<br \/>\nEspecialmente indicado para cabello rizado, seco, rebelde o cabello de porosidad media.<\/p>\n<p>Este spray acondicionador hidrata y suaviza el cabello de la ra\u00edz a las puntas. No necesita aclarado.<\/p>\n<p>Protege el cabello y evita la p\u00e9rdida de humedad, restaurando su brillo natural.<\/p>\n<p>Suaviza y proporciona un acabado aterciopelado.<\/p>\n<p>Facilita el peinado y los resultados son visibles desde la primera aplicaci\u00f3n.<\/p>\n<p>Ingredientes activos: Extracto de las prote\u00ednas de la Seda, que en contacto con la piel, se unen a la queratina natural formando una pel\u00edcula que evita que la piel pierda su humedad.<\/p>\n","protected":false},"excerpt":{"rendered":"<p>Contiene prote\u00ednas de seda. Las prote\u00ednas complementan la esctructura capilar, evitan que el cabello se vuelva quebradizo y realzan el<\/p>\n","protected":false},"featured_media":6489,"comment_status":"open","ping_status":"closed","template":"","meta":[],"product_brand":[217],"product_cat":[183],"product_tag":[],"class_list":{"0":"post-6488","1":"product","2":"type-product","3":"status-publish","4":"has-post-thumbnail","6":"product_brand-ziaja","7":"product_cat-cabello","9":"first","10":"instock","11":"purchasable","12":"product-type-simple"},"_links":{"self":[{"href":"https:\/\/maabmakeup.com\/inicio-2\/wp-json\/wp\/v2\/product\/6488","targetHints":{"allow":["GET"]}}],"collection":[{"href":"https:\/\/maabmakeup.com\/inicio-2\/wp-json\/wp\/v2\/product"}],"about":[{"href":"https:\/\/maabmakeup.com\/inicio-2\/wp-json\/wp\/v2\/types\/product"}],"replies":[{"embeddable":true,"href":"https:\/\/maabmakeup.com\/inicio-2\/wp-json\/wp\/v2\/comments?post=6488"}],"wp:featuredmedia":[{"embeddable":true,"href":"https:\/\/maabmakeup.com\/inicio-2\/wp-json\/wp\/v2\/media\/6489"}],"wp:attachment":[{"href":"https:\/\/maabmakeup.com\/inicio-2\/wp-json\/wp\/v2\/media?parent=6488"}],"wp:term":[{"taxonomy":"product_brand","embeddable":true,"href":"https:\/\/maabmakeup.com\/inicio-2\/wp-json\/wp\/v2\/product_brand?post=6488"},{"taxonomy":"product_cat","embeddable":true,"href":"https:\/\/maabmakeup.com\/inicio-2\/wp-json\/wp\/v2\/product_cat?post=6488"},{"taxonomy":"product_tag","embeddable":true,"href":"https:\/\/maabmakeup.com\/inicio-2\/wp-json\/wp\/v2\/product_tag?post=6488"}],"curies":[{"name":"wp","href":"https:\/\/api.w.org\/{rel}","templated":true}]}}