{"id":6574,"date":"2025-05-24T22:06:58","date_gmt":"2025-05-24T20:06:58","guid":{"rendered":"https:\/\/maabmakeup.es\/?post_type=product&#038;p=6574"},"modified":"2025-11-18T10:20:12","modified_gmt":"2025-11-18T09:20:12","slug":"curso-inicio-a-la-manicura-semipermanente-online","status":"publish","type":"product","link":"https:\/\/maabmakeup.com\/inicio-2\/tienda\/cursos\/curso-inicio-a-la-manicura-semipermanente-online\/","title":{"rendered":"Curso online manicura semipermanente"},"content":{"rendered":"<p>In\u00edciate en el mundo de manicura desde casa y con cualquier dispositivo. Se trata de un curso donde empezaremos desde cero para principiantes y al finalizarlo se hace entrega de un t\u00edtulo con diploma certificado con el que podr\u00e1s acreditar tu formaci\u00f3n para poder insertarte en el mundo laboral.<\/p>\n<p>Aprende los conceptos b\u00e1sicos de teor\u00eda y visualiza las demostraciones paso a paso de como se realiza una manicura semipermanente de forma profesional y luego env\u00edanos tus trabajos y los corregiremos de manera personalizada e individual.<\/p>\n<p>\u00bfQuieres recibir en tu direcci\u00f3n todos los productos necesarios? Tambi\u00e9n tienes un kit disponible en el que viene incluido:<\/p>\n<p>-Primer<br \/>\n-Deshidratador<br \/>\n-celulosas<br \/>\n-lima 100-180<br \/>\n-cepillo de manicura<br \/>\n-Alicate<br \/>\n-Base transparente<br \/>\n-Base con color<br \/>\n-Finalizador<br \/>\n-Esmalte de color<br \/>\n-L\u00e1mpara luz led (OPCIONAL) 52\u20ac (sin el descuento aplicado)<\/p>\n<p>Precio del kit:<br \/>\n&#8211; con recogida en tienda: 65,8\u20ac (descuento del 15%) Precio FINAL: 55,93\u20ac<br \/>\n&#8211; Con env\u00edo a pen\u00ednsula: 65,8\u20ac SIN GASTOS DE ENV\u00cdO NI IMPUESTO<\/p>\n","protected":false},"excerpt":{"rendered":"<p>In\u00edciate en el mundo de manicura desde casa y con cualquier dispositivo. Se trata de un curso donde empezaremos desde<\/p>\n","protected":false},"featured_media":7652,"comment_status":"open","ping_status":"closed","template":"","meta":[],"product_brand":[],"product_cat":[138],"product_tag":[],"class_list":{"0":"post-6574","1":"product","2":"type-product","3":"status-publish","4":"has-post-thumbnail","6":"product_cat-cursos","8":"first","9":"instock","10":"sold-individually","11":"purchasable","12":"product-type-simple"},"_links":{"self":[{"href":"https:\/\/maabmakeup.com\/inicio-2\/wp-json\/wp\/v2\/product\/6574","targetHints":{"allow":["GET"]}}],"collection":[{"href":"https:\/\/maabmakeup.com\/inicio-2\/wp-json\/wp\/v2\/product"}],"about":[{"href":"https:\/\/maabmakeup.com\/inicio-2\/wp-json\/wp\/v2\/types\/product"}],"replies":[{"embeddable":true,"href":"https:\/\/maabmakeup.com\/inicio-2\/wp-json\/wp\/v2\/comments?post=6574"}],"wp:featuredmedia":[{"embeddable":true,"href":"https:\/\/maabmakeup.com\/inicio-2\/wp-json\/wp\/v2\/media\/7652"}],"wp:attachment":[{"href":"https:\/\/maabmakeup.com\/inicio-2\/wp-json\/wp\/v2\/media?parent=6574"}],"wp:term":[{"taxonomy":"product_brand","embeddable":true,"href":"https:\/\/maabmakeup.com\/inicio-2\/wp-json\/wp\/v2\/product_brand?post=6574"},{"taxonomy":"product_cat","embeddable":true,"href":"https:\/\/maabmakeup.com\/inicio-2\/wp-json\/wp\/v2\/product_cat?post=6574"},{"taxonomy":"product_tag","embeddable":true,"href":"https:\/\/maabmakeup.com\/inicio-2\/wp-json\/wp\/v2\/product_tag?post=6574"}],"curies":[{"name":"wp","href":"https:\/\/api.w.org\/{rel}","templated":true}]}}