{"id":6624,"date":"2025-06-17T09:34:31","date_gmt":"2025-06-17T07:34:31","guid":{"rendered":"https:\/\/maabmakeup.es\/?post_type=product&#038;p=6624"},"modified":"2026-03-28T13:17:55","modified_gmt":"2026-03-28T12:17:55","slug":"cleanser-profesional-para-trabajar-el-polygel-illusion-beauty-500ml","status":"publish","type":"product","link":"https:\/\/maabmakeup.com\/inicio-2\/tienda\/liquidos\/cleanser\/cleanser-profesional-para-trabajar-el-polygel-illusion-beauty-500ml\/","title":{"rendered":"Cleanser profesional para trabajar el PolyGel illusion beauty \u2013 500ml"},"content":{"rendered":"<p>Para trabajar con el PolyGel illusion beauty.<\/p>\n<p>Liquido limpiador de geles. Elimina toda la grasa de la superficie de la u\u00f1a natural, lo que mejora la adhesi\u00f3n del gel o acr\u00edlico, as\u00ed como la capa de dispersi\u00f3n restante despu\u00e9s del curado.<\/p>\n","protected":false},"excerpt":{"rendered":"<p>Para trabajar con el PolyGel illusion beauty. Liquido limpiador de geles. Elimina toda la grasa de la superficie de la<\/p>\n","protected":false},"featured_media":6625,"comment_status":"open","ping_status":"closed","template":"","meta":[],"product_brand":[186],"product_cat":[50],"product_tag":[],"class_list":{"0":"post-6624","1":"product","2":"type-product","3":"status-publish","4":"has-post-thumbnail","6":"product_brand-illusion-beauty","7":"product_cat-cleanser","9":"first","10":"instock","11":"purchasable","12":"product-type-simple"},"_links":{"self":[{"href":"https:\/\/maabmakeup.com\/inicio-2\/wp-json\/wp\/v2\/product\/6624","targetHints":{"allow":["GET"]}}],"collection":[{"href":"https:\/\/maabmakeup.com\/inicio-2\/wp-json\/wp\/v2\/product"}],"about":[{"href":"https:\/\/maabmakeup.com\/inicio-2\/wp-json\/wp\/v2\/types\/product"}],"replies":[{"embeddable":true,"href":"https:\/\/maabmakeup.com\/inicio-2\/wp-json\/wp\/v2\/comments?post=6624"}],"wp:featuredmedia":[{"embeddable":true,"href":"https:\/\/maabmakeup.com\/inicio-2\/wp-json\/wp\/v2\/media\/6625"}],"wp:attachment":[{"href":"https:\/\/maabmakeup.com\/inicio-2\/wp-json\/wp\/v2\/media?parent=6624"}],"wp:term":[{"taxonomy":"product_brand","embeddable":true,"href":"https:\/\/maabmakeup.com\/inicio-2\/wp-json\/wp\/v2\/product_brand?post=6624"},{"taxonomy":"product_cat","embeddable":true,"href":"https:\/\/maabmakeup.com\/inicio-2\/wp-json\/wp\/v2\/product_cat?post=6624"},{"taxonomy":"product_tag","embeddable":true,"href":"https:\/\/maabmakeup.com\/inicio-2\/wp-json\/wp\/v2\/product_tag?post=6624"}],"curies":[{"name":"wp","href":"https:\/\/api.w.org\/{rel}","templated":true}]}}