{"id":6643,"date":"2025-06-18T09:51:42","date_gmt":"2025-06-18T07:51:42","guid":{"rendered":"https:\/\/maabmakeup.es\/?post_type=product&#038;p=6643"},"modified":"2025-09-23T12:35:19","modified_gmt":"2025-09-23T10:35:19","slug":"rubber-base-clear-gel-polis-30ml-lunamoon","status":"publish","type":"product","link":"https:\/\/maabmakeup.com\/inicio-2\/tienda\/base\/flexible\/rubber-base-clear-gel-polis-30ml-lunamoon\/","title":{"rendered":"Rubber Base CLEAR, gel polis 30ML LUNAMOON"},"content":{"rendered":"<p>Base rubber,  es una base el\u00e1stica universal transparente para nivelar u\u00f1as.<\/p>\n<p>Caracter\u00edsticas:<\/p>\n<p>Acidez: 3-4 pH.<\/p>\n<p>Adecuado como base para todo tipo de recubrimientos y para extensiones de punta de gel.<\/p>\n<p>Consistencia media, autonivelante.<\/p>\n<p>Requisito de potencia de la l\u00e1mpara de curado: 36 &#8211; 48 W. <\/p>\n<p>La regla principal para nivelar es que el espesor debe ser de 0,5 mm.<\/p>\n<p>Proporciona portabilidad sin desprendimiento durante 3 a 4 semanas.<\/p>\n<p>Se elimina f\u00e1cilmente con el torno.<\/p>\n<p>Adecuado para nivelaci\u00f3n en u\u00f1as cortas.<\/p>\n<p>Hipoalerg\u00e9nico y tiene olor neutro.<\/p>\n","protected":false},"excerpt":{"rendered":"<p>Base rubber, es una base el\u00e1stica universal transparente para nivelar u\u00f1as. Caracter\u00edsticas: Acidez: 3-4 pH. Adecuado como base para todo<\/p>\n","protected":false},"featured_media":6644,"comment_status":"open","ping_status":"closed","template":"","meta":[],"product_brand":[216],"product_cat":[36,234],"product_tag":[],"class_list":{"0":"post-6643","1":"product","2":"type-product","3":"status-publish","4":"has-post-thumbnail","6":"product_brand-luna","7":"product_cat-base","8":"product_cat-flexible","10":"first","11":"outofstock","12":"purchasable","13":"product-type-simple"},"_links":{"self":[{"href":"https:\/\/maabmakeup.com\/inicio-2\/wp-json\/wp\/v2\/product\/6643","targetHints":{"allow":["GET"]}}],"collection":[{"href":"https:\/\/maabmakeup.com\/inicio-2\/wp-json\/wp\/v2\/product"}],"about":[{"href":"https:\/\/maabmakeup.com\/inicio-2\/wp-json\/wp\/v2\/types\/product"}],"replies":[{"embeddable":true,"href":"https:\/\/maabmakeup.com\/inicio-2\/wp-json\/wp\/v2\/comments?post=6643"}],"wp:featuredmedia":[{"embeddable":true,"href":"https:\/\/maabmakeup.com\/inicio-2\/wp-json\/wp\/v2\/media\/6644"}],"wp:attachment":[{"href":"https:\/\/maabmakeup.com\/inicio-2\/wp-json\/wp\/v2\/media?parent=6643"}],"wp:term":[{"taxonomy":"product_brand","embeddable":true,"href":"https:\/\/maabmakeup.com\/inicio-2\/wp-json\/wp\/v2\/product_brand?post=6643"},{"taxonomy":"product_cat","embeddable":true,"href":"https:\/\/maabmakeup.com\/inicio-2\/wp-json\/wp\/v2\/product_cat?post=6643"},{"taxonomy":"product_tag","embeddable":true,"href":"https:\/\/maabmakeup.com\/inicio-2\/wp-json\/wp\/v2\/product_tag?post=6643"}],"curies":[{"name":"wp","href":"https:\/\/api.w.org\/{rel}","templated":true}]}}