{"id":6645,"date":"2025-06-18T09:54:31","date_gmt":"2025-06-18T07:54:31","guid":{"rendered":"https:\/\/maabmakeup.es\/?post_type=product&#038;p=6645"},"modified":"2025-11-27T12:44:45","modified_gmt":"2025-11-27T11:44:45","slug":"rubber-base-clear-strong-gel-polis-60ml-lunamoon","status":"publish","type":"product","link":"https:\/\/maabmakeup.com\/inicio-2\/tienda\/base\/rigida\/rubber-base-clear-strong-gel-polis-60ml-lunamoon\/","title":{"rendered":"Rubber Base CLEAR STRONG, gel polis 60ML LUNAMOON"},"content":{"rendered":"<p>\u00e2\u2013\u00aa Fortalece y endurece las u\u00f1as.<\/p>\n<p>\u00e2\u2013\u00aa Se autonivela r\u00e1pidamente.<\/p>\n<p>\u00e2\u2013\u00aa Tiene una consistencia medio-l\u00edquida que permite nivelar en pocos segundos.<\/p>\n<p>\u00e2\u2013\u00aa Acidez: pH 5\u20136.<\/p>\n<p>\u00e2\u2013\u00aa Hipoalerg\u00e9nica.<\/p>\n<p>\u00e2\u2013\u00aa Puede causar sensaci\u00f3n de calor o ardor en u\u00f1as da\u00f1adas (no en u\u00f1as sanas).<\/p>\n<p>\u00e2\u2013\u00aa Se retira f\u00e1cilmente tanto con lima como con l\u00edquido removedor.<\/p>\n<p>\u00e2\u2013\u00aa Brillo bonito: si se elimina la capa pegajosa, no es necesario aplicar top coat.<\/p>\n<p>\u00e2\u2013\u00aa Regla b\u00e1sica de nivelado: el grosor en el borde libre debe ser de 0,5\u00e2\u20ac\u00afmm.<\/p>\n<p>\u00e2\u2013\u00aa Requiere una capa base previa de LUNAmoon Rubber Base.<\/p>\n<p>\u00e2\u2013\u00aa Potencia recomendada de l\u00e1mpara: 36\u201348\u00e2\u20ac\u00afW (debe ser original).<\/p>\n<p>Caducidad: 24 meses. Una vez abierto, usar en un plazo m\u00e1ximo de 18 meses<\/p>\n","protected":false},"excerpt":{"rendered":"<p>\u00e2\u2013\u00aa Fortalece y endurece las u\u00f1as. \u00e2\u2013\u00aa Se autonivela r\u00e1pidamente. \u00e2\u2013\u00aa Tiene una consistencia medio-l\u00edquida que permite nivelar en pocos<\/p>\n","protected":false},"featured_media":6646,"comment_status":"open","ping_status":"closed","template":"","meta":[],"product_brand":[216],"product_cat":[36,235],"product_tag":[],"class_list":{"0":"post-6645","1":"product","2":"type-product","3":"status-publish","4":"has-post-thumbnail","6":"product_brand-luna","7":"product_cat-base","8":"product_cat-rigida","10":"first","11":"outofstock","12":"purchasable","13":"product-type-simple"},"_links":{"self":[{"href":"https:\/\/maabmakeup.com\/inicio-2\/wp-json\/wp\/v2\/product\/6645","targetHints":{"allow":["GET"]}}],"collection":[{"href":"https:\/\/maabmakeup.com\/inicio-2\/wp-json\/wp\/v2\/product"}],"about":[{"href":"https:\/\/maabmakeup.com\/inicio-2\/wp-json\/wp\/v2\/types\/product"}],"replies":[{"embeddable":true,"href":"https:\/\/maabmakeup.com\/inicio-2\/wp-json\/wp\/v2\/comments?post=6645"}],"wp:featuredmedia":[{"embeddable":true,"href":"https:\/\/maabmakeup.com\/inicio-2\/wp-json\/wp\/v2\/media\/6646"}],"wp:attachment":[{"href":"https:\/\/maabmakeup.com\/inicio-2\/wp-json\/wp\/v2\/media?parent=6645"}],"wp:term":[{"taxonomy":"product_brand","embeddable":true,"href":"https:\/\/maabmakeup.com\/inicio-2\/wp-json\/wp\/v2\/product_brand?post=6645"},{"taxonomy":"product_cat","embeddable":true,"href":"https:\/\/maabmakeup.com\/inicio-2\/wp-json\/wp\/v2\/product_cat?post=6645"},{"taxonomy":"product_tag","embeddable":true,"href":"https:\/\/maabmakeup.com\/inicio-2\/wp-json\/wp\/v2\/product_tag?post=6645"}],"curies":[{"name":"wp","href":"https:\/\/api.w.org\/{rel}","templated":true}]}}