{"id":6668,"date":"2025-06-19T09:58:14","date_gmt":"2025-06-19T07:58:14","guid":{"rendered":"https:\/\/maabmakeup.es\/?post_type=product&#038;p=6668"},"modified":"2025-08-11T10:38:39","modified_gmt":"2025-08-11T08:38:39","slug":"esmalte-semipermanente-dnka-0121-12-ml","status":"publish","type":"product","link":"https:\/\/maabmakeup.com\/inicio-2\/tienda\/esmaltes\/esmalte-semipermanente-dnka-0121-12-ml\/","title":{"rendered":"Esmalte semipermanente DNKA &#8211; 0121 &#8211; 12 ML"},"content":{"rendered":"<p>Esmaltes semipermanentes con muy buena cobertura, muy pigmentados de 12ml.<\/p>\n<p>Siempre es mejor que los esmaltes sean espesos para que no se manchen las cut\u00edculas,  si su cobertura es buena no tienes que dar tantas capas y acabas el servicio de la manicura m\u00e1s r\u00e1pido y la u\u00f1a no coger\u00e1 grosor.<\/p>\n<p>Made in Ucrania.<\/p>\n","protected":false},"excerpt":{"rendered":"<p>Esmaltes semipermanentes con muy buena cobertura, muy pigmentados de 12ml. Siempre es mejor que los esmaltes sean espesos para que<\/p>\n","protected":false},"featured_media":6669,"comment_status":"open","ping_status":"closed","template":"","meta":[],"product_brand":[214],"product_cat":[123],"product_tag":[],"class_list":{"0":"post-6668","1":"product","2":"type-product","3":"status-publish","4":"has-post-thumbnail","6":"product_brand-dnka","7":"product_cat-esmaltes","9":"first","10":"instock","11":"purchasable","12":"product-type-simple"},"_links":{"self":[{"href":"https:\/\/maabmakeup.com\/inicio-2\/wp-json\/wp\/v2\/product\/6668","targetHints":{"allow":["GET"]}}],"collection":[{"href":"https:\/\/maabmakeup.com\/inicio-2\/wp-json\/wp\/v2\/product"}],"about":[{"href":"https:\/\/maabmakeup.com\/inicio-2\/wp-json\/wp\/v2\/types\/product"}],"replies":[{"embeddable":true,"href":"https:\/\/maabmakeup.com\/inicio-2\/wp-json\/wp\/v2\/comments?post=6668"}],"wp:featuredmedia":[{"embeddable":true,"href":"https:\/\/maabmakeup.com\/inicio-2\/wp-json\/wp\/v2\/media\/6669"}],"wp:attachment":[{"href":"https:\/\/maabmakeup.com\/inicio-2\/wp-json\/wp\/v2\/media?parent=6668"}],"wp:term":[{"taxonomy":"product_brand","embeddable":true,"href":"https:\/\/maabmakeup.com\/inicio-2\/wp-json\/wp\/v2\/product_brand?post=6668"},{"taxonomy":"product_cat","embeddable":true,"href":"https:\/\/maabmakeup.com\/inicio-2\/wp-json\/wp\/v2\/product_cat?post=6668"},{"taxonomy":"product_tag","embeddable":true,"href":"https:\/\/maabmakeup.com\/inicio-2\/wp-json\/wp\/v2\/product_tag?post=6668"}],"curies":[{"name":"wp","href":"https:\/\/api.w.org\/{rel}","templated":true}]}}