{"id":7129,"date":"2025-08-11T10:57:32","date_gmt":"2025-08-11T08:57:32","guid":{"rendered":"https:\/\/maabmakeup.es\/?post_type=product&#038;p=7129"},"modified":"2025-10-23T09:47:14","modified_gmt":"2025-10-23T07:47:14","slug":"vitamina-c-b3-niacinamida-crema-facial-de-dia-revitalizante-wake-me-up","status":"publish","type":"product","link":"https:\/\/maabmakeup.com\/inicio-2\/tienda\/facial\/vitamina-c-b3-niacinamida-crema-facial-de-dia-revitalizante-wake-me-up\/","title":{"rendered":"VITAMINA C.B3 NIACINAMIDA Crema facial de d\u00eda revitalizante Wake Me Up"},"content":{"rendered":"<p>Crema facial de f\u00f3rmula ligera con acabado satinado. Boost de energ\u00eda matutina para despertar la piel y revitalizarla.<\/p>\n<p>Este producto combina la potencia de la Vitamina C y la Niacinamida, cuya sinergia ilumina la piel, reduce la apariencia de manchas oscuras, minimiza los poros y mejora la textura general de la piel.<\/p>\n<p>&#8211; Contiene vitaminas energizantes e hidratantes.<br \/>\n&#8211; Revitaliza, alisa e hidrata la epidermis.<br \/>\n&#8211; Unifica el tono de la piel y aporta un brillo juvenil.<br \/>\n&#8211; Booster para activar la piel por la ma\u00f1ana, dosis de energ\u00eda para el rostro.<br \/>\n&#8211; Acabado satinado.<\/p>\n<p>Ingredientes principales: niacinamida, vitamina C, manteca de karit\u00e9, prote\u00ednas de arroz hidrolizadas, aceite de camelia japonesa, vitaminas B5, B6, E.<br \/>\nApta a partir de 20 a\u00f1os.<\/p>\n<p>MODO DE EMPLEO:<br \/>\nAplicar una peque\u00f1a cantidad de crema sobre la piel del rostro y dejar hasta su absorci\u00f3n.<br \/>\nApta para antes del maquillaje. Se combina bien con la base de maquillaje.<br \/>\nPuede utilizarse varias veces al d\u00eda.<\/p>\n","protected":false},"excerpt":{"rendered":"<p>Crema facial de f\u00f3rmula ligera con acabado satinado. Boost de energ\u00eda matutina para despertar la piel y revitalizarla. Este producto<\/p>\n","protected":false},"featured_media":7130,"comment_status":"open","ping_status":"closed","template":"","meta":[],"product_brand":[217],"product_cat":[184],"product_tag":[],"class_list":{"0":"post-7129","1":"product","2":"type-product","3":"status-publish","4":"has-post-thumbnail","6":"product_brand-ziaja","7":"product_cat-facial","9":"first","10":"instock","11":"purchasable","12":"product-type-simple"},"_links":{"self":[{"href":"https:\/\/maabmakeup.com\/inicio-2\/wp-json\/wp\/v2\/product\/7129","targetHints":{"allow":["GET"]}}],"collection":[{"href":"https:\/\/maabmakeup.com\/inicio-2\/wp-json\/wp\/v2\/product"}],"about":[{"href":"https:\/\/maabmakeup.com\/inicio-2\/wp-json\/wp\/v2\/types\/product"}],"replies":[{"embeddable":true,"href":"https:\/\/maabmakeup.com\/inicio-2\/wp-json\/wp\/v2\/comments?post=7129"}],"wp:featuredmedia":[{"embeddable":true,"href":"https:\/\/maabmakeup.com\/inicio-2\/wp-json\/wp\/v2\/media\/7130"}],"wp:attachment":[{"href":"https:\/\/maabmakeup.com\/inicio-2\/wp-json\/wp\/v2\/media?parent=7129"}],"wp:term":[{"taxonomy":"product_brand","embeddable":true,"href":"https:\/\/maabmakeup.com\/inicio-2\/wp-json\/wp\/v2\/product_brand?post=7129"},{"taxonomy":"product_cat","embeddable":true,"href":"https:\/\/maabmakeup.com\/inicio-2\/wp-json\/wp\/v2\/product_cat?post=7129"},{"taxonomy":"product_tag","embeddable":true,"href":"https:\/\/maabmakeup.com\/inicio-2\/wp-json\/wp\/v2\/product_tag?post=7129"}],"curies":[{"name":"wp","href":"https:\/\/api.w.org\/{rel}","templated":true}]}}