{"id":7282,"date":"2025-10-21T12:26:48","date_gmt":"2025-10-21T10:26:48","guid":{"rendered":"https:\/\/maabmakeup.com\/inicio-2\/?post_type=product&#038;p=7282"},"modified":"2026-02-25T12:16:14","modified_gmt":"2026-02-25T11:16:14","slug":"joia-vegan-primer-sin-acido-para-unas-15ml-2","status":"publish","type":"product","link":"https:\/\/maabmakeup.com\/inicio-2\/tienda\/cuidado-de-las-unas\/primer\/joia-vegan-primer-sin-acido-para-unas-15ml-2\/","title":{"rendered":"JOIA vegan Primer sin \u00e1cido para u\u00f1as &#8211; 15ml"},"content":{"rendered":"<p>El Primer para u\u00f1as acid free de JOIA vegano ser\u00e1 tu aliado si buscas una manicura duradera. Porciona una fuerte adherencia de la base y los esmaltes semipermanentes en la u\u00f1a natural y evita que se astille o rompa prematuramente.<\/p>\n<p>Este producto no altera el pH de la placa de la u\u00f1a, y tiene propiedades antis\u00e9pticas.<\/p>\n<p>\u00a1S\u00faper sencillo de utilizar! Tan solo necesitas aplicar el producto sobre la placa de la u\u00f1a natural despu\u00e9s del deshidratador. Distribuye uniformemente el primer sobre la u\u00f1a y espera un minuto. Ya est\u00e1. \u00a1Puedes pasar al siguiente paso! &#8211; No requiere curado en l\u00e1mpara UV LED.<\/p>\n<p>Se diferencia de un deshidratador u otros desengrasantes de u\u00f1as por sus funciones \u00a1Por eso vale la pena a\u00f1adir este producto en tu colecci\u00f3n!<\/p>\n<p>Capacidad: 15ml<\/p>\n<p>Producto vegano.<br \/>\n15-Free f\u00f3rmula.<\/p>\n<p>JOIA vegan es la primera marca vegana de esmaltes semipermanentes. JOIA vegan naci\u00f3 con la filosof\u00eda del veganismo y respeto por el medio ambiente, para ayudar a hacer del mundo un lugar mejor. \u00a1La combinaci\u00f3n perfecta entre innovaci\u00f3n, belleza y una filosof\u00eda eco-friendly!<\/p>\n","protected":false},"excerpt":{"rendered":"<p>El Primer para u\u00f1as acid free de JOIA vegano ser\u00e1 tu aliado si buscas una manicura duradera. Porciona una fuerte<\/p>\n","protected":false},"featured_media":7283,"comment_status":"open","ping_status":"closed","template":"","meta":[],"product_brand":[207],"product_cat":[77],"product_tag":[],"class_list":{"0":"post-7282","1":"product","2":"type-product","3":"status-publish","4":"has-post-thumbnail","6":"product_brand-joia","7":"product_cat-primer","9":"first","10":"instock","11":"purchasable","12":"product-type-simple"},"_links":{"self":[{"href":"https:\/\/maabmakeup.com\/inicio-2\/wp-json\/wp\/v2\/product\/7282","targetHints":{"allow":["GET"]}}],"collection":[{"href":"https:\/\/maabmakeup.com\/inicio-2\/wp-json\/wp\/v2\/product"}],"about":[{"href":"https:\/\/maabmakeup.com\/inicio-2\/wp-json\/wp\/v2\/types\/product"}],"replies":[{"embeddable":true,"href":"https:\/\/maabmakeup.com\/inicio-2\/wp-json\/wp\/v2\/comments?post=7282"}],"wp:featuredmedia":[{"embeddable":true,"href":"https:\/\/maabmakeup.com\/inicio-2\/wp-json\/wp\/v2\/media\/7283"}],"wp:attachment":[{"href":"https:\/\/maabmakeup.com\/inicio-2\/wp-json\/wp\/v2\/media?parent=7282"}],"wp:term":[{"taxonomy":"product_brand","embeddable":true,"href":"https:\/\/maabmakeup.com\/inicio-2\/wp-json\/wp\/v2\/product_brand?post=7282"},{"taxonomy":"product_cat","embeddable":true,"href":"https:\/\/maabmakeup.com\/inicio-2\/wp-json\/wp\/v2\/product_cat?post=7282"},{"taxonomy":"product_tag","embeddable":true,"href":"https:\/\/maabmakeup.com\/inicio-2\/wp-json\/wp\/v2\/product_tag?post=7282"}],"curies":[{"name":"wp","href":"https:\/\/api.w.org\/{rel}","templated":true}]}}