{"id":7286,"date":"2025-10-21T13:08:41","date_gmt":"2025-10-21T11:08:41","guid":{"rendered":"https:\/\/maabmakeup.com\/inicio-2\/?post_type=product&#038;p=7286"},"modified":"2026-01-27T10:32:41","modified_gmt":"2026-01-27T09:32:41","slug":"pnb-esmalte-semipermanente-210-red-velvet-8ml","status":"publish","type":"product","link":"https:\/\/maabmakeup.com\/inicio-2\/tienda\/esmaltes\/pnb-esmalte-semipermanente-210-red-velvet-8ml\/","title":{"rendered":"PNB Esmalte semipermanente &#8211; 210 Red Velvet &#8211; 8ml"},"content":{"rendered":"<p>\u00a1Cobertura con una sola capa!<\/p>\n<p>&#8211; F\u00f3rmula hipoalerg\u00e9nica 7 FREE<br \/>\n&#8211; No contienen ingredientes que causen reacciones al\u00e9rgicas<br \/>\n&#8211; Los colores no dejan marcas ni rayas.<br \/>\n&#8211; Cruelty free<br \/>\n&#8211; Sin olor<br \/>\n&#8211; Capacidad: 8ml<\/p>\n<p>Modo de empleo:<br \/>\n&#8211; Preparar la placa de la u\u00f1a.<br \/>\n&#8211; Aplicar el deshidratador de u\u00f1as y, a continuaci\u00f3n, el Primer sin \u00e1cido Bond Control.<br \/>\n&#8211; Aplicar una capa de base para esmalte semipermanente y curar.<br \/>\n&#8211; Aplicar 1 capa del esmalte semipermanente de color y curar durante 60 segundos.<br \/>\n&#8211; Aplicar el Top Coat y curar.<\/p>\n<p>La duraci\u00f3n de la manicura es superior a 2 semanas.<\/p>\n<p>Al realizar la manicura con esmaltes semipermanentes de PNB recomendamos utilizar las bases y tops de la misma marca.<\/p>\n","protected":false},"excerpt":{"rendered":"<p>\u00a1Cobertura con una sola capa! &#8211; F\u00f3rmula hipoalerg\u00e9nica 7 FREE &#8211; No contienen ingredientes que causen reacciones al\u00e9rgicas &#8211; Los<\/p>\n","protected":false},"featured_media":7287,"comment_status":"open","ping_status":"closed","template":"","meta":[],"product_brand":[215],"product_cat":[123],"product_tag":[],"class_list":{"0":"post-7286","1":"product","2":"type-product","3":"status-publish","4":"has-post-thumbnail","6":"product_brand-pnb","7":"product_cat-esmaltes","9":"first","10":"instock","11":"purchasable","12":"product-type-simple"},"_links":{"self":[{"href":"https:\/\/maabmakeup.com\/inicio-2\/wp-json\/wp\/v2\/product\/7286","targetHints":{"allow":["GET"]}}],"collection":[{"href":"https:\/\/maabmakeup.com\/inicio-2\/wp-json\/wp\/v2\/product"}],"about":[{"href":"https:\/\/maabmakeup.com\/inicio-2\/wp-json\/wp\/v2\/types\/product"}],"replies":[{"embeddable":true,"href":"https:\/\/maabmakeup.com\/inicio-2\/wp-json\/wp\/v2\/comments?post=7286"}],"wp:featuredmedia":[{"embeddable":true,"href":"https:\/\/maabmakeup.com\/inicio-2\/wp-json\/wp\/v2\/media\/7287"}],"wp:attachment":[{"href":"https:\/\/maabmakeup.com\/inicio-2\/wp-json\/wp\/v2\/media?parent=7286"}],"wp:term":[{"taxonomy":"product_brand","embeddable":true,"href":"https:\/\/maabmakeup.com\/inicio-2\/wp-json\/wp\/v2\/product_brand?post=7286"},{"taxonomy":"product_cat","embeddable":true,"href":"https:\/\/maabmakeup.com\/inicio-2\/wp-json\/wp\/v2\/product_cat?post=7286"},{"taxonomy":"product_tag","embeddable":true,"href":"https:\/\/maabmakeup.com\/inicio-2\/wp-json\/wp\/v2\/product_tag?post=7286"}],"curies":[{"name":"wp","href":"https:\/\/api.w.org\/{rel}","templated":true}]}}