{"id":7288,"date":"2025-10-21T13:29:28","date_gmt":"2025-10-21T11:29:28","guid":{"rendered":"https:\/\/maabmakeup.com\/inicio-2\/?post_type=product&#038;p=7288"},"modified":"2025-11-11T10:58:14","modified_gmt":"2025-11-11T09:58:14","slug":"joia-vegan-base-coat-smart-hema-free-8ml","status":"publish","type":"product","link":"https:\/\/maabmakeup.com\/inicio-2\/tienda\/base\/joia-vegan-base-coat-smart-hema-free-8ml\/","title":{"rendered":"JOIA Vegan Base Coat &#8211; Smart &#8211; Hema Free &#8211; 8ml"},"content":{"rendered":"<p>La Smart Base JOIA vegan, libre de Hema, es una base de goma universal con una f\u00f3rmula \u00fanica sin mon\u00f3mero HEMA. Su innovadora composici\u00f3n combina ingredientes de nueva generaci\u00f3n, proporcionando la m\u00e1xima protecci\u00f3n y durabilidad para tus u\u00f1as. Este producto es completamente vegano y seguro, dise\u00f1ado para ofrecer un recubrimiento confiable sin comprometer la salud de las u\u00f1as.<\/p>\n<p>Las pruebas del grupo focal mostraron una durabilidad del recubrimiento del 100% y una ausencia absoluta de descascarillado.<\/p>\n<p>Gracias a su consistencia el\u00e1stica y autonivelante, esta base se aplica de forma r\u00e1pida y uniforme, convirti\u00e9ndola en la opci\u00f3n ideal para u\u00f1as cortas o de longitud media. Su bajo contenido de \u00e1cido y la ausencia de liberaci\u00f3n de calor durante la polimerizaci\u00f3n reducen el riesgo de onic\u00f3lisis, garantizando una aplicaci\u00f3n c\u00f3moda y segura.<\/p>\n<p>RANGO DE APLICACI\u00d3N:<br \/>\n&#8211; Imprimaci\u00f3n y creaci\u00f3n de una capa protectora para pol\u00edmeros duros y blandos.<br \/>\n&#8211; Alineaci\u00f3n de la arquitectura de la placa ungueal est\u00e1ndar.<br \/>\n&#8211; Ideal para u\u00f1as de longitud corta y media.<\/p>\n<p>VENTAJAS:<br \/>\n&#8211; F\u00f3rmula segura sin mon\u00f3mero HEMA.<br \/>\n&#8211; No testado en animales y sin ingredientes de origen animal (certificado VEGAN).<br \/>\n&#8211; Base universal de alta compatibilidad.<br \/>\n&#8211; El\u00e1stica y resistente.<br \/>\n&#8211; Consistencia de viscosidad media y autonivelaci\u00f3n r\u00e1pida.<br \/>\n&#8211; Baja temperatura y sin liberaci\u00f3n de calor.<br \/>\n&#8211; Confiabilidad y resistencia al desgaste.<br \/>\n&#8211; Garantiza una duraci\u00f3n sin astillado ni descascarillado durante 3 semanas.<\/p>\n<p>Tiempo de curado:<br \/>\nL\u00e1mpara UV LED 48W: 60 &#8211; 120 segundos<\/p>\n","protected":false},"excerpt":{"rendered":"<p>La Smart Base JOIA vegan, libre de Hema, es una base de goma universal con una f\u00f3rmula \u00fanica sin mon\u00f3mero<\/p>\n","protected":false},"featured_media":7459,"comment_status":"open","ping_status":"closed","template":"","meta":[],"product_brand":[207],"product_cat":[36],"product_tag":[],"class_list":{"0":"post-7288","1":"product","2":"type-product","3":"status-publish","4":"has-post-thumbnail","6":"product_brand-joia","7":"product_cat-base","9":"first","10":"outofstock","11":"purchasable","12":"product-type-simple"},"_links":{"self":[{"href":"https:\/\/maabmakeup.com\/inicio-2\/wp-json\/wp\/v2\/product\/7288","targetHints":{"allow":["GET"]}}],"collection":[{"href":"https:\/\/maabmakeup.com\/inicio-2\/wp-json\/wp\/v2\/product"}],"about":[{"href":"https:\/\/maabmakeup.com\/inicio-2\/wp-json\/wp\/v2\/types\/product"}],"replies":[{"embeddable":true,"href":"https:\/\/maabmakeup.com\/inicio-2\/wp-json\/wp\/v2\/comments?post=7288"}],"wp:featuredmedia":[{"embeddable":true,"href":"https:\/\/maabmakeup.com\/inicio-2\/wp-json\/wp\/v2\/media\/7459"}],"wp:attachment":[{"href":"https:\/\/maabmakeup.com\/inicio-2\/wp-json\/wp\/v2\/media?parent=7288"}],"wp:term":[{"taxonomy":"product_brand","embeddable":true,"href":"https:\/\/maabmakeup.com\/inicio-2\/wp-json\/wp\/v2\/product_brand?post=7288"},{"taxonomy":"product_cat","embeddable":true,"href":"https:\/\/maabmakeup.com\/inicio-2\/wp-json\/wp\/v2\/product_cat?post=7288"},{"taxonomy":"product_tag","embeddable":true,"href":"https:\/\/maabmakeup.com\/inicio-2\/wp-json\/wp\/v2\/product_tag?post=7288"}],"curies":[{"name":"wp","href":"https:\/\/api.w.org\/{rel}","templated":true}]}}