{"id":7292,"date":"2025-10-21T17:15:26","date_gmt":"2025-10-21T15:15:26","guid":{"rendered":"https:\/\/maabmakeup.com\/inicio-2\/?post_type=product&#038;p=7292"},"modified":"2026-01-26T11:38:19","modified_gmt":"2026-01-26T10:38:19","slug":"joia-vegan-base-coat-bb-cream-soft-milk-15ml","status":"publish","type":"product","link":"https:\/\/maabmakeup.com\/inicio-2\/tienda\/base\/joia-vegan-base-coat-bb-cream-soft-milk-15ml\/","title":{"rendered":"JOIA vegan Base Coat &#8211; BB Cream &#8211; Soft Milk &#8211; 15ml"},"content":{"rendered":"<p>BB Cream Base de JOIA vegan, una base que te inspirar\u00e1 a crear creativos nail looks.<\/p>\n<p>La base con color Soft Milk es el mismo tono de blanquecino elegido por todas las fashionistas del mundo. La cobertura de este color complementar\u00e1 perfectamente tu outfit de Instagram. Como s\u00edmbolo de ternura y sofisticaci\u00f3n, el tono Soft Milk resaltar\u00e1 la belleza de las u\u00f1as cortas y largas de cualquier forma.<\/p>\n<p>El producto tiene una textura c\u00f3moda de aplicar, se distribuye perfectamente y oculta las imperfecciones de la placa de la u\u00f1a. \u00bfHas encontrado una analog\u00eda con las cremas faciales BB Cream?<\/p>\n<p>La base se caracteriza por sus propiedades autonivelantes, as\u00ed como por su pigmentaci\u00f3n. Util\u00edzala como color en manicuras monocrom\u00e1ticas o para crear decoraciones y dise\u00f1os de moda.<\/p>\n<p>&#8211; Producto el\u00e1stico y con mucha plasticidad.<br \/>\n&#8211; Adherencia del producto a cualquier tipo de placa de u\u00f1as y a la siguiente capa de color con esmalte semipermanente.<br \/>\n&#8211; Polimerizaci\u00f3n r\u00e1pida.<br \/>\n&#8211; No da\u00f1a la placa de las u\u00f1as y las fortalece.<br \/>\n&#8211; Larga duraci\u00f3n sin agrietarse, romperse o laminarse.<\/p>\n<p>Otro punto a favor es el consumo econ\u00f3mico del producto, ya que gracias a su envase \u00a1un frasco te durar\u00e1 mucho tiempo!<\/p>\n<p>Tiempo de curado:<br \/>\nL\u00e1mpara UV LED 48W: 60 segundos<\/p>\n<p>Producto vegano.<br \/>\n15-Free f\u00f3rmula.<\/p>\n<p>JOIA vegan es la primera marca vegana de esmaltes semipermanentes. JOIA vegan naci\u00f3 con la filosof\u00eda del veganismo y respeto por el medio ambiente, para ayudar a hacer del mundo un lugar mejor. \u00a1La combinaci\u00f3n perfecta entre innovaci\u00f3n, belleza y una filosof\u00eda eco-friendly!<\/p>\n","protected":false},"excerpt":{"rendered":"<p>BB Cream Base de JOIA vegan, una base que te inspirar\u00e1 a crear creativos nail looks. La base con color<\/p>\n","protected":false},"featured_media":7293,"comment_status":"open","ping_status":"closed","template":"","meta":[],"product_brand":[207],"product_cat":[36],"product_tag":[],"class_list":{"0":"post-7292","1":"product","2":"type-product","3":"status-publish","4":"has-post-thumbnail","6":"product_brand-joia","7":"product_cat-base","9":"first","10":"outofstock","11":"purchasable","12":"product-type-simple"},"_links":{"self":[{"href":"https:\/\/maabmakeup.com\/inicio-2\/wp-json\/wp\/v2\/product\/7292","targetHints":{"allow":["GET"]}}],"collection":[{"href":"https:\/\/maabmakeup.com\/inicio-2\/wp-json\/wp\/v2\/product"}],"about":[{"href":"https:\/\/maabmakeup.com\/inicio-2\/wp-json\/wp\/v2\/types\/product"}],"replies":[{"embeddable":true,"href":"https:\/\/maabmakeup.com\/inicio-2\/wp-json\/wp\/v2\/comments?post=7292"}],"wp:featuredmedia":[{"embeddable":true,"href":"https:\/\/maabmakeup.com\/inicio-2\/wp-json\/wp\/v2\/media\/7293"}],"wp:attachment":[{"href":"https:\/\/maabmakeup.com\/inicio-2\/wp-json\/wp\/v2\/media?parent=7292"}],"wp:term":[{"taxonomy":"product_brand","embeddable":true,"href":"https:\/\/maabmakeup.com\/inicio-2\/wp-json\/wp\/v2\/product_brand?post=7292"},{"taxonomy":"product_cat","embeddable":true,"href":"https:\/\/maabmakeup.com\/inicio-2\/wp-json\/wp\/v2\/product_cat?post=7292"},{"taxonomy":"product_tag","embeddable":true,"href":"https:\/\/maabmakeup.com\/inicio-2\/wp-json\/wp\/v2\/product_tag?post=7292"}],"curies":[{"name":"wp","href":"https:\/\/api.w.org\/{rel}","templated":true}]}}