{"id":7294,"date":"2025-10-21T17:35:56","date_gmt":"2025-10-21T15:35:56","guid":{"rendered":"https:\/\/maabmakeup.com\/inicio-2\/?post_type=product&#038;p=7294"},"modified":"2026-03-25T12:27:04","modified_gmt":"2026-03-25T11:27:04","slug":"torno-inalambrico-compact-lite-hi-hybrid","status":"publish","type":"product","link":"https:\/\/maabmakeup.com\/inicio-2\/tienda\/accesorios\/torno-inalambrico-compact-lite-hi-hybrid\/","title":{"rendered":"Torno inal\u00e1mbrico Compact Lite hi Hybrid"},"content":{"rendered":"<p>\u00bfBuscas una forma f\u00e1cil de retirar tu esmalte semipermanente? El torno Compact Lite es un dispositivo de alta calidad con el que puedes eliminar de forma segura la manicura semipermanente o de gel, trabajar cuidadosamente las cut\u00edculas, limar las u\u00f1as, darles la forma deseada y preparar adecuadamente la placa de la u\u00f1a para una nueva manicura.<\/p>\n<p>Su bater\u00eda le permite trabajar de forma inal\u00e1mbrica hasta 8 horas, y puedes cargarlo a trav\u00e9s de cualquier puerto USB. Su pr\u00e1ctico mango, el manejo intuitivo y poder controlar la velocidad hasta 30.000 rpm a trav\u00e9s de la pantalla facilitan la realizaci\u00f3n de la manicura.<\/p>\n<p>El tama\u00f1o peque\u00f1o y compacto, el funcionamiento sin cables y el c\u00f3modo hacen que este torno sea m\u00f3vil y permite realizar la manicura en cualquier lugar. Adem\u00e1s, podr\u00e1s disfrutar de la comodidad de un funcionamiento silencioso y sin vibraciones. Es realmente f\u00e1cil de usar, lo que hace que sea una opci\u00f3n ideal para principiantes.<\/p>\n<p>Caracter\u00edsticas principales:<br \/>\n\u00e2\u20ac\u00a2 f\u00e1cil de usar<br \/>\n\u00e2\u20ac\u00a2 ideal para principiantes<br \/>\n\u00e2\u20ac\u00a2 hasta 8 horas de funcionamiento sin cables<br \/>\n\u00e2\u20ac\u00a2 tama\u00f1o compacto<br \/>\n\u00e2\u20ac\u00a2 funcionamiento silencioso y sin vibraciones<br \/>\n\u00e2\u20ac\u00a2 sistema de cambio de fresas f\u00e1cil y r\u00e1pido<br \/>\n\u00e2\u20ac\u00a2 alta potencia de la bater\u00eda &#8211; capacidad de 2000 mAh<br \/>\n\u00e2\u20ac\u00a2 regulaci\u00f3n continua de la velocidad hasta 30 mil rpm<br \/>\n\u00e2\u20ac\u00a2 pantalla LCD clara<br \/>\n\u00e2\u20ac\u00a2 se carga en cualquier toma de corriente USB<br \/>\n\u00e2\u20ac\u00a2 un soporte para fijar el torno<br \/>\n\u00e2\u20ac\u00a2 un dise\u00f1o moderno<\/p>\n<p>El set incluye:<br \/>\n\u00e2\u20ac\u00a2 1 torno con pantalla<br \/>\n\u00e2\u20ac\u00a2 1 mango<br \/>\n\u00e2\u20ac\u00a2 1 soporte para el torno<br \/>\n\u00e2\u20ac\u00a2 1 soporte para el mango<br \/>\n\u00e2\u20ac\u00a2 1 cable de conexi\u00f3n entre el torno y el mango<br \/>\n\u00e2\u20ac\u00a2 1 cable USB tipo C<br \/>\n\u00e2\u20ac\u00a2 1 manual de usuario<\/p>\n<p>Datos t\u00e9cnicos:<br \/>\n\u00e2\u20ac\u00a2 Dimensiones: 147 x 60 x 45 mm<br \/>\n\u00e2\u20ac\u00a2 Peso neto: 0,56 kg<br \/>\n\u00e2\u20ac\u00a2 Velocidad de rotaci\u00f3n: 30.000 RPM<br \/>\n\u00e2\u20ac\u00a2 Tensi\u00f3n de entrada: 220 VAC, 50 Hz<br \/>\n\u00e2\u20ac\u00a2 Tensi\u00f3n de salida: 7,4 VDC 0,5 A<br \/>\n\u00e2\u20ac\u00a2 Potencia: 12W (m\u00e1x.)<\/p>\n<p>Productos relacionados<\/p>\n","protected":false},"excerpt":{"rendered":"<p>\u00bfBuscas una forma f\u00e1cil de retirar tu esmalte semipermanente? El torno Compact Lite es un dispositivo de alta calidad con<\/p>\n","protected":false},"featured_media":7295,"comment_status":"open","ping_status":"closed","template":"","meta":[],"product_brand":[],"product_cat":[107],"product_tag":[],"class_list":{"0":"post-7294","1":"product","2":"type-product","3":"status-publish","4":"has-post-thumbnail","6":"product_cat-accesorios","8":"first","9":"instock","10":"purchasable","11":"product-type-simple"},"_links":{"self":[{"href":"https:\/\/maabmakeup.com\/inicio-2\/wp-json\/wp\/v2\/product\/7294","targetHints":{"allow":["GET"]}}],"collection":[{"href":"https:\/\/maabmakeup.com\/inicio-2\/wp-json\/wp\/v2\/product"}],"about":[{"href":"https:\/\/maabmakeup.com\/inicio-2\/wp-json\/wp\/v2\/types\/product"}],"replies":[{"embeddable":true,"href":"https:\/\/maabmakeup.com\/inicio-2\/wp-json\/wp\/v2\/comments?post=7294"}],"wp:featuredmedia":[{"embeddable":true,"href":"https:\/\/maabmakeup.com\/inicio-2\/wp-json\/wp\/v2\/media\/7295"}],"wp:attachment":[{"href":"https:\/\/maabmakeup.com\/inicio-2\/wp-json\/wp\/v2\/media?parent=7294"}],"wp:term":[{"taxonomy":"product_brand","embeddable":true,"href":"https:\/\/maabmakeup.com\/inicio-2\/wp-json\/wp\/v2\/product_brand?post=7294"},{"taxonomy":"product_cat","embeddable":true,"href":"https:\/\/maabmakeup.com\/inicio-2\/wp-json\/wp\/v2\/product_cat?post=7294"},{"taxonomy":"product_tag","embeddable":true,"href":"https:\/\/maabmakeup.com\/inicio-2\/wp-json\/wp\/v2\/product_tag?post=7294"}],"curies":[{"name":"wp","href":"https:\/\/api.w.org\/{rel}","templated":true}]}}