{"id":7296,"date":"2025-10-21T17:43:03","date_gmt":"2025-10-21T15:43:03","guid":{"rendered":"https:\/\/maabmakeup.com\/inicio-2\/?post_type=product&#038;p=7296"},"modified":"2026-01-21T13:55:14","modified_gmt":"2026-01-21T12:55:14","slug":"pnb-base-universal-8ml","status":"publish","type":"product","link":"https:\/\/maabmakeup.com\/inicio-2\/tienda\/base\/pnb-base-universal-8ml\/","title":{"rendered":"PNB Base Universal &#8211; 8ml"},"content":{"rendered":"<p>Base transparente con composici\u00f3n 7 free dise\u00f1ada para una mejor adherencia y protecci\u00f3n de las u\u00f1as.<\/p>\n<p>&#8211; Propiedades: Resistente, mejora la adherencia y protege la u\u00f1a<br \/>\n&#8211; Evita la descamaci\u00f3n<br \/>\n&#8211; Densidad: media<br \/>\n&#8211; Color: Transparente<br \/>\n&#8211; Ideal para u\u00f1as con mucha humedad<br \/>\n&#8211; No da\u00f1a la placa de la u\u00f1a gracias a su composici\u00f3n 7 free<br \/>\n&#8211; Capacidad: 8ml<\/p>\n<p>La duraci\u00f3n de la manicura es de al menos 28 d\u00edas.<\/p>\n<p>Modo de empleo:<br \/>\nCurar cada capa en una l\u00e1mpara UV\/LED durante 90 segundos.<\/p>\n","protected":false},"excerpt":{"rendered":"<p>Base transparente con composici\u00f3n 7 free dise\u00f1ada para una mejor adherencia y protecci\u00f3n de las u\u00f1as. &#8211; Propiedades: Resistente, mejora<\/p>\n","protected":false},"featured_media":7297,"comment_status":"open","ping_status":"closed","template":"","meta":[],"product_brand":[215],"product_cat":[36],"product_tag":[],"class_list":{"0":"post-7296","1":"product","2":"type-product","3":"status-publish","4":"has-post-thumbnail","6":"product_brand-pnb","7":"product_cat-base","9":"first","10":"instock","11":"purchasable","12":"product-type-simple"},"_links":{"self":[{"href":"https:\/\/maabmakeup.com\/inicio-2\/wp-json\/wp\/v2\/product\/7296","targetHints":{"allow":["GET"]}}],"collection":[{"href":"https:\/\/maabmakeup.com\/inicio-2\/wp-json\/wp\/v2\/product"}],"about":[{"href":"https:\/\/maabmakeup.com\/inicio-2\/wp-json\/wp\/v2\/types\/product"}],"replies":[{"embeddable":true,"href":"https:\/\/maabmakeup.com\/inicio-2\/wp-json\/wp\/v2\/comments?post=7296"}],"wp:featuredmedia":[{"embeddable":true,"href":"https:\/\/maabmakeup.com\/inicio-2\/wp-json\/wp\/v2\/media\/7297"}],"wp:attachment":[{"href":"https:\/\/maabmakeup.com\/inicio-2\/wp-json\/wp\/v2\/media?parent=7296"}],"wp:term":[{"taxonomy":"product_brand","embeddable":true,"href":"https:\/\/maabmakeup.com\/inicio-2\/wp-json\/wp\/v2\/product_brand?post=7296"},{"taxonomy":"product_cat","embeddable":true,"href":"https:\/\/maabmakeup.com\/inicio-2\/wp-json\/wp\/v2\/product_cat?post=7296"},{"taxonomy":"product_tag","embeddable":true,"href":"https:\/\/maabmakeup.com\/inicio-2\/wp-json\/wp\/v2\/product_tag?post=7296"}],"curies":[{"name":"wp","href":"https:\/\/api.w.org\/{rel}","templated":true}]}}