{"id":7298,"date":"2025-10-21T17:48:02","date_gmt":"2025-10-21T15:48:02","guid":{"rendered":"https:\/\/maabmakeup.com\/inicio-2\/?post_type=product&#038;p=7298"},"modified":"2025-10-21T17:50:10","modified_gmt":"2025-10-21T15:50:10","slug":"pnb-top-coat-no-wipe-express-8ml","status":"publish","type":"product","link":"https:\/\/maabmakeup.com\/inicio-2\/tienda\/top-coat\/pnb-top-coat-no-wipe-express-8ml\/","title":{"rendered":"PNB Top Coat No Wipe &#8211; Express &#8211; 8ml"},"content":{"rendered":"<p>\u00a1Una f\u00f3rmula mejorada con el efecto de un elegante brillo!<\/p>\n<p>El Top Coat Express No Wipe es ideal para completar la manicura semipermanente sobre u\u00f1as naturales y extensiones con gel o acr\u00edlicos.<br \/>\n&#8211; Propiedades: elasticidad y resistencia<br \/>\n&#8211; F\u00f3rmula duradera<br \/>\n&#8211; Consistencia: media<br \/>\n&#8211; Protege al color de ralladas y ara\u00f1azos<br \/>\n&#8211; Sin capa de dispersi\u00f3n<br \/>\n&#8211; F\u00f3rmula 7 FREE<br \/>\n&#8211; Sin olor<br \/>\n&#8211; Protege el color<br \/>\n&#8211; Capacidad: 8ml<\/p>\n<p>Modo de empleo:<br \/>\n&#8211; Preparar la placa de la u\u00f1a con un pulidor o una lima de grano 240, eliminando el brillo de la superficie de la u\u00f1a.<br \/>\n&#8211; Aplicar el deshidratador de u\u00f1as y, a continuaci\u00f3n, el Primer sin \u00e1cido Bond Control.<br \/>\n&#8211; Aplicar una capa de base para esmalte semipermanente y curar.<br \/>\n&#8211; Aplicar 1-2 capas del esmalte semipermanente de color y curar durante 60 segundos.<br \/>\n&#8211; Aplicar el Top Coat Express No Wipe y curar en l\u00e1mpara 60 segundos.<\/p>\n<p>La duraci\u00f3n de la manicura es de 3 semanas.<\/p>\n","protected":false},"excerpt":{"rendered":"<p>\u00a1Una f\u00f3rmula mejorada con el efecto de un elegante brillo! El Top Coat Express No Wipe es ideal para completar<\/p>\n","protected":false},"featured_media":7299,"comment_status":"open","ping_status":"closed","template":"","meta":[],"product_brand":[215],"product_cat":[166],"product_tag":[],"class_list":{"0":"post-7298","1":"product","2":"type-product","3":"status-publish","4":"has-post-thumbnail","6":"product_brand-pnb","7":"product_cat-top-coat","9":"first","10":"instock","11":"purchasable","12":"product-type-simple"},"_links":{"self":[{"href":"https:\/\/maabmakeup.com\/inicio-2\/wp-json\/wp\/v2\/product\/7298","targetHints":{"allow":["GET"]}}],"collection":[{"href":"https:\/\/maabmakeup.com\/inicio-2\/wp-json\/wp\/v2\/product"}],"about":[{"href":"https:\/\/maabmakeup.com\/inicio-2\/wp-json\/wp\/v2\/types\/product"}],"replies":[{"embeddable":true,"href":"https:\/\/maabmakeup.com\/inicio-2\/wp-json\/wp\/v2\/comments?post=7298"}],"wp:featuredmedia":[{"embeddable":true,"href":"https:\/\/maabmakeup.com\/inicio-2\/wp-json\/wp\/v2\/media\/7299"}],"wp:attachment":[{"href":"https:\/\/maabmakeup.com\/inicio-2\/wp-json\/wp\/v2\/media?parent=7298"}],"wp:term":[{"taxonomy":"product_brand","embeddable":true,"href":"https:\/\/maabmakeup.com\/inicio-2\/wp-json\/wp\/v2\/product_brand?post=7298"},{"taxonomy":"product_cat","embeddable":true,"href":"https:\/\/maabmakeup.com\/inicio-2\/wp-json\/wp\/v2\/product_cat?post=7298"},{"taxonomy":"product_tag","embeddable":true,"href":"https:\/\/maabmakeup.com\/inicio-2\/wp-json\/wp\/v2\/product_tag?post=7298"}],"curies":[{"name":"wp","href":"https:\/\/api.w.org\/{rel}","templated":true}]}}