{"id":7300,"date":"2025-10-21T17:54:03","date_gmt":"2025-10-21T15:54:03","guid":{"rendered":"https:\/\/maabmakeup.com\/inicio-2\/?post_type=product&#038;p=7300"},"modified":"2025-11-28T10:27:56","modified_gmt":"2025-11-28T09:27:56","slug":"pnb-esmalte-semipermanente-shock-effect-10-night-blue-8ml","status":"publish","type":"product","link":"https:\/\/maabmakeup.com\/inicio-2\/tienda\/esmaltes\/pnb-esmalte-semipermanente-shock-effect-10-night-blue-8ml\/","title":{"rendered":"PNB Esmalte semipermanente Shock Effect &#8211; 10 Night Blue &#8211; 8ml"},"content":{"rendered":"<p>\u00a1Shock Effect, la colecci\u00f3n m\u00e1s brillante!<\/p>\n<p>Es un esmalte semipermanente azul oscuro. Se asocia con el cosmos ilimitado, en el que brillan y centellean muchas estrellas.<br \/>\nEsta impresionante cobertura ser\u00e1 una elecci\u00f3n ideal. El contraste de la base azul oscuro y el juego de destellos brillantes inspira dise\u00f1os inusuales y combinaciones atrevidas.<\/p>\n<p>&#8211; F\u00f3rmula hipoalerg\u00e9nica 7 FREE<br \/>\n&#8211; No contienen ingredientes que causen reacciones al\u00e9rgicas<br \/>\n&#8211; Los colores no dejan marcas ni rayas.<br \/>\n&#8211; Cruelty free<br \/>\n&#8211; Sin olor<br \/>\n&#8211; Capacidad: 8ml<\/p>\n<p>Modo de empleo:<br \/>\n&#8211; Preparar la placa de la u\u00f1a.<br \/>\n&#8211; Aplicar el deshidratador de u\u00f1as y, a continuaci\u00f3n, el Primer sin \u00e1cido Bond Control.<br \/>\n&#8211; Aplicar una capa de base para esmalte semipermanente y curar.<br \/>\n&#8211; Aplicar 2 capas finas del esmalte semipermanente de color y curar durante 60 segundos.<br \/>\n&#8211; Aplicar el Top Coat y curar.<\/p>\n<p>La duraci\u00f3n de la manicura es superior a 3 semanas.<\/p>\n<p>Al realizar la manicura con esmaltes semipermanentes de PNB recomendamos utilizar las bases y tops de la misma marca.<\/p>\n<p>Productos relacionados<\/p>\n","protected":false},"excerpt":{"rendered":"<p>\u00a1Shock Effect, la colecci\u00f3n m\u00e1s brillante! Es un esmalte semipermanente azul oscuro. Se asocia con el cosmos ilimitado, en el<\/p>\n","protected":false},"featured_media":7301,"comment_status":"open","ping_status":"closed","template":"","meta":[],"product_brand":[215],"product_cat":[123],"product_tag":[],"class_list":{"0":"post-7300","1":"product","2":"type-product","3":"status-publish","4":"has-post-thumbnail","6":"product_brand-pnb","7":"product_cat-esmaltes","9":"first","10":"outofstock","11":"purchasable","12":"product-type-simple"},"_links":{"self":[{"href":"https:\/\/maabmakeup.com\/inicio-2\/wp-json\/wp\/v2\/product\/7300","targetHints":{"allow":["GET"]}}],"collection":[{"href":"https:\/\/maabmakeup.com\/inicio-2\/wp-json\/wp\/v2\/product"}],"about":[{"href":"https:\/\/maabmakeup.com\/inicio-2\/wp-json\/wp\/v2\/types\/product"}],"replies":[{"embeddable":true,"href":"https:\/\/maabmakeup.com\/inicio-2\/wp-json\/wp\/v2\/comments?post=7300"}],"wp:featuredmedia":[{"embeddable":true,"href":"https:\/\/maabmakeup.com\/inicio-2\/wp-json\/wp\/v2\/media\/7301"}],"wp:attachment":[{"href":"https:\/\/maabmakeup.com\/inicio-2\/wp-json\/wp\/v2\/media?parent=7300"}],"wp:term":[{"taxonomy":"product_brand","embeddable":true,"href":"https:\/\/maabmakeup.com\/inicio-2\/wp-json\/wp\/v2\/product_brand?post=7300"},{"taxonomy":"product_cat","embeddable":true,"href":"https:\/\/maabmakeup.com\/inicio-2\/wp-json\/wp\/v2\/product_cat?post=7300"},{"taxonomy":"product_tag","embeddable":true,"href":"https:\/\/maabmakeup.com\/inicio-2\/wp-json\/wp\/v2\/product_tag?post=7300"}],"curies":[{"name":"wp","href":"https:\/\/api.w.org\/{rel}","templated":true}]}}