{"id":7302,"date":"2025-10-21T18:26:46","date_gmt":"2025-10-21T16:26:46","guid":{"rendered":"https:\/\/maabmakeup.com\/inicio-2\/?post_type=product&#038;p=7302"},"modified":"2025-10-21T18:26:46","modified_gmt":"2025-10-21T16:26:46","slug":"joia-vegan-gel-liquido-second-skin-polyliquid-gel-15ml","status":"publish","type":"product","link":"https:\/\/maabmakeup.com\/inicio-2\/tienda\/constructores\/polygel-liquido\/joia-vegan-gel-liquido-second-skin-polyliquid-gel-15ml\/","title":{"rendered":"JOIA vegan Gel L\u00edquido &#8211; Second Skin PolyLiquid Gel &#8211; 15ml"},"content":{"rendered":"<p>El PolyLiquid Gel de JOIA vegan es un gel l\u00edquido y base coat ultra fuerte en un solo frasco.<\/p>\n<p>Producto multifunci\u00f3n: un fuerte base coat, fortalecimiento de la placa de la u\u00f1a, modelado de la longitud de la u\u00f1a y nivelaci\u00f3n de la superficie. Adem\u00e1s, se caracteriza por aportar una impresionante resistencia y elasticidad, y evita que se deforme. Tiene una densidad media que garantiza una aplicaci\u00f3n f\u00e1cil y c\u00f3moda del producto con el mejor resultado.<\/p>\n<p>\u00bfNecesitas un producto que te ayude a fortalecer u\u00f1as finas y da\u00f1adas? El PolyLiquid Gel de JOIA vegan es la soluci\u00f3n perfecta.<\/p>\n<p>El tono Second Skin es un rosa nude muy natural. Su pigmento se adapta perfectamente a cualquier color \u00a1Un lienzo para tu creatividad! Este color se convertir\u00e1 en una excelente base para los dise\u00f1os m\u00e1s creativos y los nail looks m\u00e1s interesantes.<\/p>\n<p>Caracter\u00edsticas:<br \/>\n&#8211; Gel y base 2en1.<br \/>\n&#8211; No requiere la aplicaci\u00f3n de base coat.<br \/>\n&#8211; M\u00e1xima adherencia.<br \/>\n&#8211; Durabilidad extra de la manicura.<br \/>\n&#8211; Consistencia de viscosidad media.<br \/>\n&#8211; Autonivelaci\u00f3n impecable.<br \/>\n&#8211; Ideal para t\u00e9cnicas sin relleno.<br \/>\n&#8211; No encoge<br \/>\n&#8211; La flexibilidad y plasticidad de la base y la fuerza del gel en un solo frasco.<br \/>\n&#8211; Apto para u\u00f1as finas y problem\u00e1ticas.<br \/>\n&#8211; M\u00faltiples funcionalidades (nivelaci\u00f3n, fortalecimiento, reparaci\u00f3n, construcci\u00f3n y extensi\u00f3n).<br \/>\n&#8211; Reduce significativamente el tiempo de trabajo.<\/p>\n<p>Modo de empleo:<br \/>\n1. Preparar la placa de la u\u00f1a.<br \/>\n2. Aplicar una capa muy fina del PolyLiquid Gel de JOIA vegan.<br \/>\n3. Curar en la l\u00e1mpara UV LED durante 60 segundos.<br \/>\n4. Aplicar una segunda capa de PolyLiquid Gel siguiendo la t\u00e9cnica de alineaci\u00f3n, sellar el borde libre de la u\u00f1a. Seguidamente, secar durante 60 segundos en l\u00e1mpara UV LED.<br \/>\n5. Si es necesario, retirar la capa de dispersi\u00f3n y quitar el polvo. S\u00f3lo limpiar, si es la capa final de la manicura.<br \/>\n6. Si se desea aplicar un esmalte semipermanente de color de JOIA vegan, hacer un dise\u00f1o o bien aplicar directamente el top, no se recomiendo limpiar la capa de dispersi\u00f3n en el paso 5.<\/p>\n<p>Tiempo de curado:<br \/>\nL\u00e1mpara UV LED 48W: 60 segundos<\/p>\n<p>Producto vegano.<br \/>\n15-Free f\u00f3rmula.<\/p>\n<p>JOIA vegan es la primera marca vegana de esmaltes semipermanentes. JOIA vegan naci\u00f3 con la filosof\u00eda del veganismo y respeto por el medio ambiente, para ayudar a hacer del mundo un lugar mejor. \u00a1La combinaci\u00f3n perfecta entre innovaci\u00f3n, belleza y una filosof\u00eda eco-friendly!<\/p>\n<p>Productos relacionados<\/p>\n","protected":false},"excerpt":{"rendered":"<p>El PolyLiquid Gel de JOIA vegan es un gel l\u00edquido y base coat ultra fuerte en un solo frasco. Producto<\/p>\n","protected":false},"featured_media":7303,"comment_status":"open","ping_status":"closed","template":"","meta":[],"product_brand":[215],"product_cat":[231],"product_tag":[],"class_list":{"0":"post-7302","1":"product","2":"type-product","3":"status-publish","4":"has-post-thumbnail","6":"product_brand-pnb","7":"product_cat-polygel-liquido","9":"first","10":"instock","11":"purchasable","12":"product-type-simple"},"_links":{"self":[{"href":"https:\/\/maabmakeup.com\/inicio-2\/wp-json\/wp\/v2\/product\/7302","targetHints":{"allow":["GET"]}}],"collection":[{"href":"https:\/\/maabmakeup.com\/inicio-2\/wp-json\/wp\/v2\/product"}],"about":[{"href":"https:\/\/maabmakeup.com\/inicio-2\/wp-json\/wp\/v2\/types\/product"}],"replies":[{"embeddable":true,"href":"https:\/\/maabmakeup.com\/inicio-2\/wp-json\/wp\/v2\/comments?post=7302"}],"wp:featuredmedia":[{"embeddable":true,"href":"https:\/\/maabmakeup.com\/inicio-2\/wp-json\/wp\/v2\/media\/7303"}],"wp:attachment":[{"href":"https:\/\/maabmakeup.com\/inicio-2\/wp-json\/wp\/v2\/media?parent=7302"}],"wp:term":[{"taxonomy":"product_brand","embeddable":true,"href":"https:\/\/maabmakeup.com\/inicio-2\/wp-json\/wp\/v2\/product_brand?post=7302"},{"taxonomy":"product_cat","embeddable":true,"href":"https:\/\/maabmakeup.com\/inicio-2\/wp-json\/wp\/v2\/product_cat?post=7302"},{"taxonomy":"product_tag","embeddable":true,"href":"https:\/\/maabmakeup.com\/inicio-2\/wp-json\/wp\/v2\/product_tag?post=7302"}],"curies":[{"name":"wp","href":"https:\/\/api.w.org\/{rel}","templated":true}]}}