{"id":7304,"date":"2025-10-21T18:30:54","date_gmt":"2025-10-21T16:30:54","guid":{"rendered":"https:\/\/maabmakeup.com\/inicio-2\/?post_type=product&#038;p=7304"},"modified":"2025-10-21T18:30:54","modified_gmt":"2025-10-21T16:30:54","slug":"pnb-base-revital-fiber-milk-white-30ml","status":"publish","type":"product","link":"https:\/\/maabmakeup.com\/inicio-2\/tienda\/base\/pnb-base-revital-fiber-milk-white-30ml\/","title":{"rendered":"PNB Base Revital Fiber &#8211; Milk White &#8211; 30ml"},"content":{"rendered":"<p>El tono Milk White de la nueva Revital Fiber es un color base blanquecino especial que se asemeja a una nube ingr\u00e1vida y delicada.<br \/>\nSe adapta a todo tipo de colores, por lo que es un tono verdaderamente universal. Este tono ayudar\u00e1 a crear un esmaltado realmente elegante.<\/p>\n<p>\u00a1Dura y de larga duraci\u00f3n, pero extremadamente flexible! Los expertos apreciar\u00e1n las nuevas posibilidades para trabajar con Revital Fiber Base de PNB desde el primer uso.<\/p>\n<p>Ventajas:<br \/>\n&#8211; F\u00f3rmula hipoalerg\u00e9nica 12 FREE<br \/>\n&#8211; Ausencia de mon\u00f3mero HEMA<br \/>\n&#8211; Producto a baja temperatura<br \/>\n&#8211; Consistencia de grado medio de viscosidad<br \/>\n&#8211; Sorprendente adherencia con la placa ungueal<br \/>\n&#8211; Crea un recubrimiento ultra duradero debido al contenido de fibras de nailon en su composici\u00f3n<br \/>\n&#8211; Perfectamente autonivelante, distribuido uniformemente sobre la superficie de la u\u00f1a, rellenando grietas e irregularidades<br \/>\n&#8211; Ahorro de tiempo y producto<br \/>\n&#8211; Gracias al calcio y la vitamina E en la composici\u00f3n, nutre la u\u00f1a desde el interior<br \/>\n&#8211; Fortalece incluso la placa ungueal m\u00e1s delgada<br \/>\n&#8211; Adecuada para la reparaci\u00f3n, reconstrucci\u00f3n, refuerzo y extensi\u00f3n del borde libre<\/p>\n<p>Modo de empleo:<br \/>\n1. Preparar la placa de la u\u00f1a con un pulidor o una lima, eliminando el brillo de toda la superficie de la u\u00f1a.<br \/>\n2. Aplicar Deshidratador de u\u00f1as y Primer Bond Control.<br \/>\n3. Al aplicar la Revital Fiber Base con color, aplicar una capa muy fina de base transparente.<br \/>\n4. Aplicar otra capa de Revital Fiber Base, dejando un margen de 0,5 mm desde la cut\u00edcula. Poner una peque\u00f1a gota de Revital Fiber Base en el pincel y distribuirla uniformemente sobre la capa no seca, modelando la forma de la u\u00f1a. Polimerizar en la l\u00e1mpara durante 2 minutos.<br \/>\n5. Crear un dise\u00f1o, cura y aplicar top coat de PNB.<\/p>\n<p>Recomendaci\u00f3n:<br \/>\n&#8211; Despu\u00e9s de aplicar la capa base, es necesario esperar unos segundos hasta que las fibras Revital Fiber Base penenetren.<br \/>\n&#8211; Despu\u00e9s, curar en l\u00e1mpara UV\/LED.<\/p>\n<p>El producto est\u00e1 disponible en capacidades de: 8ml, 17ml y 30ml<\/p>\n","protected":false},"excerpt":{"rendered":"<p>El tono Milk White de la nueva Revital Fiber es un color base blanquecino especial que se asemeja a una<\/p>\n","protected":false},"featured_media":7305,"comment_status":"open","ping_status":"closed","template":"","meta":[],"product_brand":[215],"product_cat":[36],"product_tag":[],"class_list":{"0":"post-7304","1":"product","2":"type-product","3":"status-publish","4":"has-post-thumbnail","6":"product_brand-pnb","7":"product_cat-base","9":"first","10":"instock","11":"purchasable","12":"product-type-simple"},"_links":{"self":[{"href":"https:\/\/maabmakeup.com\/inicio-2\/wp-json\/wp\/v2\/product\/7304","targetHints":{"allow":["GET"]}}],"collection":[{"href":"https:\/\/maabmakeup.com\/inicio-2\/wp-json\/wp\/v2\/product"}],"about":[{"href":"https:\/\/maabmakeup.com\/inicio-2\/wp-json\/wp\/v2\/types\/product"}],"replies":[{"embeddable":true,"href":"https:\/\/maabmakeup.com\/inicio-2\/wp-json\/wp\/v2\/comments?post=7304"}],"wp:featuredmedia":[{"embeddable":true,"href":"https:\/\/maabmakeup.com\/inicio-2\/wp-json\/wp\/v2\/media\/7305"}],"wp:attachment":[{"href":"https:\/\/maabmakeup.com\/inicio-2\/wp-json\/wp\/v2\/media?parent=7304"}],"wp:term":[{"taxonomy":"product_brand","embeddable":true,"href":"https:\/\/maabmakeup.com\/inicio-2\/wp-json\/wp\/v2\/product_brand?post=7304"},{"taxonomy":"product_cat","embeddable":true,"href":"https:\/\/maabmakeup.com\/inicio-2\/wp-json\/wp\/v2\/product_cat?post=7304"},{"taxonomy":"product_tag","embeddable":true,"href":"https:\/\/maabmakeup.com\/inicio-2\/wp-json\/wp\/v2\/product_tag?post=7304"}],"curies":[{"name":"wp","href":"https:\/\/api.w.org\/{rel}","templated":true}]}}