{"id":7326,"date":"2025-10-22T11:26:53","date_gmt":"2025-10-22T09:26:53","guid":{"rendered":"https:\/\/maabmakeup.com\/inicio-2\/?post_type=product&#038;p=7326"},"modified":"2025-10-22T11:26:53","modified_gmt":"2025-10-22T09:26:53","slug":"joia-vegan-base-coat-bb-cream-pink-seashell-8ml","status":"publish","type":"product","link":"https:\/\/maabmakeup.com\/inicio-2\/tienda\/base\/joia-vegan-base-coat-bb-cream-pink-seashell-8ml\/","title":{"rendered":"JOIA vegan Base Coat &#8211; BB Cream &#8211; Pink seashell &#8211; 8ml"},"content":{"rendered":"<p>BB Cream Base de JOIA vegan, una base que te inspirar\u00e1 a crear creativos nail looks.<\/p>\n<p>es un tono lavanda transl\u00facido con destellos dorados y peque\u00f1as lentejuelas de diferentes tama\u00f1os. Este tono recuerda al n\u00e1car de una concha: delicado, m\u00e1gico, como salido de un cuento marino. Combina perfectamente tanto con dise\u00f1os nude como con opciones de nail art creativo.<\/p>\n<p>Ventajas:<br \/>\n-F\u00f3rmula 9 FREE, certificado VEGAN;<br \/>\n-Tonos espectaculares y brillantes;<br \/>\n-Nivela perfectamente la superficie de la u\u00f1a y disimula imperfecciones;<br \/>\n-Alta elasticidad y resistencia;<br \/>\n-Autonivelado r\u00e1pido;<br \/>\n-Excelente adherencia: garantiza fijaci\u00f3n segura a la placa ungueal;<br \/>\n-No quema en la l\u00e1mpara, polimerizaci\u00f3n r\u00e1pida.<\/p>\n<p>Modo de empleo:<br \/>\n1.Preparar la placa ungueal y aplicar los l\u00edquidos auxiliares: Nail Dryer JOIA Vegan y Nail Primer JOIA Vegan.<br \/>\n2.Aplicar una capa muy fina de UV\/LED Latex Base JOIA Vegan. Curar en l\u00e1mpara LED durante 60 segundos.<br \/>\n3.Aplicar una capa fina de UV\/LED BB Cream Base JOIA Vegan, sellar el borde libre y secar durante 60 segundos.<br \/>\n4.Aplicar una segunda capa de UV\/LED BB Cream Base JOIA Vegan, colocar una gota del producto en el punto m\u00e1s alto de la u\u00f1a y estirarla uniformemente hasta el borde libre. Curar 60 segundos en l\u00e1mpara LED.<br \/>\n5.Dise\u00f1ar o cubrir con un Top JOIA Vegan<\/p>\n<p>Producto vegano.<br \/>\n15-Free f\u00f3rmula.<\/p>\n<p>JOIA vegan es la primera marca vegana de esmaltes semipermanentes. JOIA vegan naci\u00f3 con la filosof\u00eda del veganismo y respeto por el medio ambiente, para ayudar a hacer del mundo un lugar mejor. \u00a1La combinaci\u00f3n perfecta entre innovaci\u00f3n, belleza y una filosof\u00eda eco-friendly!<\/p>\n<p>Productos relacionados<\/p>\n","protected":false},"excerpt":{"rendered":"<p>BB Cream Base de JOIA vegan, una base que te inspirar\u00e1 a crear creativos nail looks. es un tono lavanda<\/p>\n","protected":false},"featured_media":7327,"comment_status":"open","ping_status":"closed","template":"","meta":[],"product_brand":[207],"product_cat":[36],"product_tag":[],"class_list":{"0":"post-7326","1":"product","2":"type-product","3":"status-publish","4":"has-post-thumbnail","6":"product_brand-joia","7":"product_cat-base","9":"first","10":"instock","11":"purchasable","12":"product-type-simple"},"_links":{"self":[{"href":"https:\/\/maabmakeup.com\/inicio-2\/wp-json\/wp\/v2\/product\/7326","targetHints":{"allow":["GET"]}}],"collection":[{"href":"https:\/\/maabmakeup.com\/inicio-2\/wp-json\/wp\/v2\/product"}],"about":[{"href":"https:\/\/maabmakeup.com\/inicio-2\/wp-json\/wp\/v2\/types\/product"}],"replies":[{"embeddable":true,"href":"https:\/\/maabmakeup.com\/inicio-2\/wp-json\/wp\/v2\/comments?post=7326"}],"wp:featuredmedia":[{"embeddable":true,"href":"https:\/\/maabmakeup.com\/inicio-2\/wp-json\/wp\/v2\/media\/7327"}],"wp:attachment":[{"href":"https:\/\/maabmakeup.com\/inicio-2\/wp-json\/wp\/v2\/media?parent=7326"}],"wp:term":[{"taxonomy":"product_brand","embeddable":true,"href":"https:\/\/maabmakeup.com\/inicio-2\/wp-json\/wp\/v2\/product_brand?post=7326"},{"taxonomy":"product_cat","embeddable":true,"href":"https:\/\/maabmakeup.com\/inicio-2\/wp-json\/wp\/v2\/product_cat?post=7326"},{"taxonomy":"product_tag","embeddable":true,"href":"https:\/\/maabmakeup.com\/inicio-2\/wp-json\/wp\/v2\/product_tag?post=7326"}],"curies":[{"name":"wp","href":"https:\/\/api.w.org\/{rel}","templated":true}]}}