{"id":7370,"date":"2025-10-22T18:05:57","date_gmt":"2025-10-22T16:05:57","guid":{"rendered":"https:\/\/maabmakeup.com\/inicio-2\/?post_type=product&#038;p=7370"},"modified":"2026-02-04T09:46:47","modified_gmt":"2026-02-04T08:46:47","slug":"joia-vegan-esmalte-semipermanente-038-6ml-2","status":"publish","type":"product","link":"https:\/\/maabmakeup.com\/inicio-2\/tienda\/esmaltes\/joia-vegan-esmalte-semipermanente-038-6ml-2\/","title":{"rendered":"JOIA vegan Esmalte semipermanente &#8211; 038 &#8211; 6ml"},"content":{"rendered":"<p>Con el tono 038 de JOIA vegan te transportar\u00e1 inmediatamente en un jard\u00edn depleto de cerezos, donde los jugosos frutos crean su incre\u00edble composici\u00f3n. Este color cerezo es una alternativa ideal al cl\u00e1sico color rojo.<\/p>\n<p>Es un color delicado y tranquilo, adecuado tanto para un nail look de diario como para eventos especiales en los que necesitas que todo sea perfecto y especial, \u00a1sobre todo tu manicura!<\/p>\n<p>&#8211; Esmalte semipermanente autonivelante.<br \/>\n&#8211; En su aplicaci\u00f3n, la f\u00f3rmula no forma grumos.<br \/>\n&#8211; Aplicaci\u00f3n m\u00e1s c\u00f3moda gracias a su pincel de alta calidad.<br \/>\n&#8211; El esmalte queda perfecto con una sola capa.<br \/>\n&#8211; No deja rayas al aplicar.<br \/>\n&#8211; Incre\u00edble durabilidad, densidad, brillo y saturaci\u00f3n del color<\/p>\n<p>Tiempo de curado:<br \/>\nL\u00e1mpara UV LED 48W: 60 segundos<\/p>\n<p>Producto vegano.<br \/>\n15-Free f\u00f3rmula.<\/p>\n<p>JOIA vegan es la primera marca vegana de esmaltes semipermanentes. JOIA vegan naci\u00f3 con la filosof\u00eda del veganismo y respeto por el medio ambiente, para ayudar a hacer del mundo un lugar mejor. \u00a1La combinaci\u00f3n perfecta entre innovaci\u00f3n, belleza y una filosof\u00eda eco-friendly!<\/p>\n<p>Productos relacionados<\/p>\n","protected":false},"excerpt":{"rendered":"<p>Con el tono 038 de JOIA vegan te transportar\u00e1 inmediatamente en un jard\u00edn depleto de cerezos, donde los jugosos frutos<\/p>\n","protected":false},"featured_media":7372,"comment_status":"open","ping_status":"closed","template":"","meta":[],"product_brand":[207],"product_cat":[123],"product_tag":[],"class_list":{"0":"post-7370","1":"product","2":"type-product","3":"status-publish","4":"has-post-thumbnail","6":"product_brand-joia","7":"product_cat-esmaltes","9":"first","10":"outofstock","11":"purchasable","12":"product-type-simple"},"_links":{"self":[{"href":"https:\/\/maabmakeup.com\/inicio-2\/wp-json\/wp\/v2\/product\/7370","targetHints":{"allow":["GET"]}}],"collection":[{"href":"https:\/\/maabmakeup.com\/inicio-2\/wp-json\/wp\/v2\/product"}],"about":[{"href":"https:\/\/maabmakeup.com\/inicio-2\/wp-json\/wp\/v2\/types\/product"}],"replies":[{"embeddable":true,"href":"https:\/\/maabmakeup.com\/inicio-2\/wp-json\/wp\/v2\/comments?post=7370"}],"wp:featuredmedia":[{"embeddable":true,"href":"https:\/\/maabmakeup.com\/inicio-2\/wp-json\/wp\/v2\/media\/7372"}],"wp:attachment":[{"href":"https:\/\/maabmakeup.com\/inicio-2\/wp-json\/wp\/v2\/media?parent=7370"}],"wp:term":[{"taxonomy":"product_brand","embeddable":true,"href":"https:\/\/maabmakeup.com\/inicio-2\/wp-json\/wp\/v2\/product_brand?post=7370"},{"taxonomy":"product_cat","embeddable":true,"href":"https:\/\/maabmakeup.com\/inicio-2\/wp-json\/wp\/v2\/product_cat?post=7370"},{"taxonomy":"product_tag","embeddable":true,"href":"https:\/\/maabmakeup.com\/inicio-2\/wp-json\/wp\/v2\/product_tag?post=7370"}],"curies":[{"name":"wp","href":"https:\/\/api.w.org\/{rel}","templated":true}]}}