{"id":7379,"date":"2025-10-22T18:14:58","date_gmt":"2025-10-22T16:14:58","guid":{"rendered":"https:\/\/maabmakeup.com\/inicio-2\/?post_type=product&#038;p=7379"},"modified":"2025-10-23T18:20:02","modified_gmt":"2025-10-23T16:20:02","slug":"joia-vegan-esmalte-semipermanente-024-6ml","status":"publish","type":"product","link":"https:\/\/maabmakeup.com\/inicio-2\/tienda\/esmaltes\/joia-vegan-esmalte-semipermanente-024-6ml\/","title":{"rendered":"JOIA vegan Esmalte semipermanente &#8211; 024 &#8211; 6ml"},"content":{"rendered":"<p>El tono 024 de JOIA vegan es un elegante rosa que se convertir\u00e1 en una opci\u00f3n muy vers\u00e1til.<\/p>\n<p>Este ideal color rosa tiene un delicado subtono floral que aportar\u00e1 sensualidad en tu look. Utiliza este esmalte semipermanente para crear una manicura monocrom\u00e1tica. Si quieres combinarlo con otros colores, elige t\u00e9cnicas y elementos decorativos con estilo. \u00a1Te va a enamorar!<\/p>\n<p>&#8211; Esmalte semipermanente autonivelante.<br \/>\n&#8211; En su aplicaci\u00f3n, la f\u00f3rmula no forma grumos.<br \/>\n&#8211; Aplicaci\u00f3n m\u00e1s c\u00f3moda gracias a su pincel de alta calidad.<br \/>\n&#8211; El esmalte queda perfecto con una sola capa.<br \/>\n&#8211; No deja rayas al aplicar.<br \/>\n&#8211; Incre\u00edble durabilidad, densidad, brillo y saturaci\u00f3n del color<\/p>\n<p>Tiempo de curado:<br \/>\nL\u00e1mpara UV LED 48W: 60 segundos<\/p>\n<p>Producto vegano.<br \/>\n15-Free f\u00f3rmula.<\/p>\n<p>JOIA vegan es la primera marca vegana de esmaltes semipermanentes. JOIA vegan naci\u00f3 con la filosof\u00eda del veganismo y respeto por el medio ambiente, para ayudar a hacer del mundo un lugar mejor. \u00a1La combinaci\u00f3n perfecta entre innovaci\u00f3n, belleza y una filosof\u00eda eco-friendly!<\/p>\n<p>Productos relacionados<\/p>\n","protected":false},"excerpt":{"rendered":"<p>El tono 024 de JOIA vegan es un elegante rosa que se convertir\u00e1 en una opci\u00f3n muy vers\u00e1til. Este ideal<\/p>\n","protected":false},"featured_media":7380,"comment_status":"open","ping_status":"closed","template":"","meta":[],"product_brand":[207],"product_cat":[123],"product_tag":[],"class_list":{"0":"post-7379","1":"product","2":"type-product","3":"status-publish","4":"has-post-thumbnail","6":"product_brand-joia","7":"product_cat-esmaltes","9":"first","10":"instock","11":"purchasable","12":"product-type-simple"},"_links":{"self":[{"href":"https:\/\/maabmakeup.com\/inicio-2\/wp-json\/wp\/v2\/product\/7379","targetHints":{"allow":["GET"]}}],"collection":[{"href":"https:\/\/maabmakeup.com\/inicio-2\/wp-json\/wp\/v2\/product"}],"about":[{"href":"https:\/\/maabmakeup.com\/inicio-2\/wp-json\/wp\/v2\/types\/product"}],"replies":[{"embeddable":true,"href":"https:\/\/maabmakeup.com\/inicio-2\/wp-json\/wp\/v2\/comments?post=7379"}],"wp:featuredmedia":[{"embeddable":true,"href":"https:\/\/maabmakeup.com\/inicio-2\/wp-json\/wp\/v2\/media\/7380"}],"wp:attachment":[{"href":"https:\/\/maabmakeup.com\/inicio-2\/wp-json\/wp\/v2\/media?parent=7379"}],"wp:term":[{"taxonomy":"product_brand","embeddable":true,"href":"https:\/\/maabmakeup.com\/inicio-2\/wp-json\/wp\/v2\/product_brand?post=7379"},{"taxonomy":"product_cat","embeddable":true,"href":"https:\/\/maabmakeup.com\/inicio-2\/wp-json\/wp\/v2\/product_cat?post=7379"},{"taxonomy":"product_tag","embeddable":true,"href":"https:\/\/maabmakeup.com\/inicio-2\/wp-json\/wp\/v2\/product_tag?post=7379"}],"curies":[{"name":"wp","href":"https:\/\/api.w.org\/{rel}","templated":true}]}}