{"id":7389,"date":"2025-10-22T19:03:42","date_gmt":"2025-10-22T17:03:42","guid":{"rendered":"https:\/\/maabmakeup.com\/inicio-2\/?post_type=product&#038;p=7389"},"modified":"2025-12-29T18:25:19","modified_gmt":"2025-12-29T17:25:19","slug":"paleta-de-sombras-natural-shadow-palette-2","status":"publish","type":"product","link":"https:\/\/maabmakeup.com\/inicio-2\/tienda\/maquillaje\/paleta-de-sombras-natural-shadow-palette-2\/","title":{"rendered":"Paleta de sombras Natural Shadow Palette"},"content":{"rendered":"<p>A\u00f1ade un toque especial a tus ojos con la paleta de sombras Natural Shadow Palette. Esta fant\u00e1stica paleta viene con 10 tonos brillantes y satinados inspirados en las ricas tonalidades de las especias que a\u00f1aden ese \u00abtoque distinto\u00bb a tu d\u00eda a d\u00eda.<\/p>\n<p>Modo de uso: Aplicar la sombra en los p\u00e1rpados con un pincel plano y denso. Utilizar un pincel esponjoso para difuminar d\u00f3nde se unen los colores para una look perfecto.<\/p>\n<p>Productos relacionados<\/p>\n","protected":false},"excerpt":{"rendered":"<p>A\u00f1ade un toque especial a tus ojos con la paleta de sombras Natural Shadow Palette. Esta fant\u00e1stica paleta viene con<\/p>\n","protected":false},"featured_media":7390,"comment_status":"open","ping_status":"closed","template":"","meta":[],"product_brand":[],"product_cat":[179],"product_tag":[],"class_list":{"0":"post-7389","1":"product","2":"type-product","3":"status-publish","4":"has-post-thumbnail","6":"product_cat-maquillaje","8":"first","9":"instock","10":"purchasable","11":"product-type-simple"},"_links":{"self":[{"href":"https:\/\/maabmakeup.com\/inicio-2\/wp-json\/wp\/v2\/product\/7389","targetHints":{"allow":["GET"]}}],"collection":[{"href":"https:\/\/maabmakeup.com\/inicio-2\/wp-json\/wp\/v2\/product"}],"about":[{"href":"https:\/\/maabmakeup.com\/inicio-2\/wp-json\/wp\/v2\/types\/product"}],"replies":[{"embeddable":true,"href":"https:\/\/maabmakeup.com\/inicio-2\/wp-json\/wp\/v2\/comments?post=7389"}],"wp:featuredmedia":[{"embeddable":true,"href":"https:\/\/maabmakeup.com\/inicio-2\/wp-json\/wp\/v2\/media\/7390"}],"wp:attachment":[{"href":"https:\/\/maabmakeup.com\/inicio-2\/wp-json\/wp\/v2\/media?parent=7389"}],"wp:term":[{"taxonomy":"product_brand","embeddable":true,"href":"https:\/\/maabmakeup.com\/inicio-2\/wp-json\/wp\/v2\/product_brand?post=7389"},{"taxonomy":"product_cat","embeddable":true,"href":"https:\/\/maabmakeup.com\/inicio-2\/wp-json\/wp\/v2\/product_cat?post=7389"},{"taxonomy":"product_tag","embeddable":true,"href":"https:\/\/maabmakeup.com\/inicio-2\/wp-json\/wp\/v2\/product_tag?post=7389"}],"curies":[{"name":"wp","href":"https:\/\/api.w.org\/{rel}","templated":true}]}}