{"id":7391,"date":"2025-10-22T19:07:19","date_gmt":"2025-10-22T17:07:19","guid":{"rendered":"https:\/\/maabmakeup.com\/inicio-2\/?post_type=product&#038;p=7391"},"modified":"2025-12-05T11:51:40","modified_gmt":"2025-12-05T10:51:40","slug":"calendario-de-adviento-rosa-bell-hypoallergenic","status":"publish","type":"product","link":"https:\/\/maabmakeup.com\/inicio-2\/tienda\/maquillaje\/calendario-de-adviento-rosa-bell-hypoallergenic\/","title":{"rendered":"Calendario de Adviento rosa Bell HypoAllergenic"},"content":{"rendered":"<p>Cuenta con nosotros los d\u00edas que faltan para una de las celebraciones m\u00e1s bonitas del a\u00f1o: \u00a1la Navidad!<\/p>\n<p>Nuestro exclusivo calendario de adviento BELL HYPOALLERGENIC se ha dise\u00f1ado para amantes del maquillaje como t\u00fa.<\/p>\n<p>Ponemos en tus manos 19 productos cosm\u00e9ticos de maquillaje cuidadosamente seleccionados y 5 accesorios para facilitarte el maquillaje.<\/p>\n<p>Cada ventana esconde una sorpresa: pigmentos incre\u00edbles, ingredientes cuidadosos y gadgets \u00fanicos. Adem\u00e1s, el calendario BELL HYPOALLERGENIC tiene un bonito dise\u00f1o que deleitar\u00e1 a muchos ojos.<\/p>\n<p>\u00a1Te deseamos lo mejor en estas fiestas tan especiales!<\/p>\n<p>Contenido del calendario:<br \/>\n&#8211; Exfoliante labial VEGAN<br \/>\n&#8211; S\u00e9rum voluminizador de labios Ultra Gloss<br \/>\n&#8211; L\u00e1piz de labios Long Wear 04<br \/>\n&#8211; Labial l\u00edquido Mat Liquid 09<br \/>\n&#8211; Prebase correctora de color JUST FREE SKIN<br \/>\n&#8211; Bronceador l\u00edquido Liquid Bronze<br \/>\n&#8211; Colorete l\u00edquido Liquid Blush<br \/>\n&#8211; Iluminador l\u00edquido Liquid Glow<br \/>\n&#8211; S\u00e9rum para contorno de ojos VEGAN COLLAGEN<br \/>\n&#8211; S\u00e9rum y Primer para pesta\u00f1as VEGAN COLLAGEN<br \/>\n&#8211; Gel para cejas y pesta\u00f1as VEGAN<br \/>\n&#8211; L\u00e1piz de ojos Long Wear 01<br \/>\n&#8211; L\u00e1piz de ojos Long Wear 02<br \/>\n&#8211; Sombra de ojos l\u00edquida Nature Reflection 01<br \/>\n&#8211; M\u00e1scara de pesta\u00f1as Upper&#038;Lower Lash Precise<br \/>\n&#8211; M\u00e1scara de pesta\u00f1as Waterproof<br \/>\n&#8211; Delineador de cejas con pincel Perfect Brow 01<br \/>\n&#8211; Esmalte de u\u00f1as duradero 05<br \/>\n&#8211; Esmalte de u\u00f1as duradero 21<br \/>\n&#8211; Piedra Gua Sha<br \/>\n&#8211; Borla de maquillaje<br \/>\n&#8211; Clips para el cabello<br \/>\n&#8211; Esponja de maquillaje<br \/>\n&#8211; Coletero scrunchie para el cabello<\/p>\n","protected":false},"excerpt":{"rendered":"<p>Cuenta con nosotros los d\u00edas que faltan para una de las celebraciones m\u00e1s bonitas del a\u00f1o: \u00a1la Navidad! Nuestro exclusivo<\/p>\n","protected":false},"featured_media":7392,"comment_status":"open","ping_status":"closed","template":"","meta":[],"product_brand":[],"product_cat":[179],"product_tag":[],"class_list":{"0":"post-7391","1":"product","2":"type-product","3":"status-publish","4":"has-post-thumbnail","6":"product_cat-maquillaje","8":"first","9":"instock","10":"purchasable","11":"product-type-simple"},"_links":{"self":[{"href":"https:\/\/maabmakeup.com\/inicio-2\/wp-json\/wp\/v2\/product\/7391","targetHints":{"allow":["GET"]}}],"collection":[{"href":"https:\/\/maabmakeup.com\/inicio-2\/wp-json\/wp\/v2\/product"}],"about":[{"href":"https:\/\/maabmakeup.com\/inicio-2\/wp-json\/wp\/v2\/types\/product"}],"replies":[{"embeddable":true,"href":"https:\/\/maabmakeup.com\/inicio-2\/wp-json\/wp\/v2\/comments?post=7391"}],"wp:featuredmedia":[{"embeddable":true,"href":"https:\/\/maabmakeup.com\/inicio-2\/wp-json\/wp\/v2\/media\/7392"}],"wp:attachment":[{"href":"https:\/\/maabmakeup.com\/inicio-2\/wp-json\/wp\/v2\/media?parent=7391"}],"wp:term":[{"taxonomy":"product_brand","embeddable":true,"href":"https:\/\/maabmakeup.com\/inicio-2\/wp-json\/wp\/v2\/product_brand?post=7391"},{"taxonomy":"product_cat","embeddable":true,"href":"https:\/\/maabmakeup.com\/inicio-2\/wp-json\/wp\/v2\/product_cat?post=7391"},{"taxonomy":"product_tag","embeddable":true,"href":"https:\/\/maabmakeup.com\/inicio-2\/wp-json\/wp\/v2\/product_tag?post=7391"}],"curies":[{"name":"wp","href":"https:\/\/api.w.org\/{rel}","templated":true}]}}