{"id":7406,"date":"2025-10-23T10:07:21","date_gmt":"2025-10-23T08:07:21","guid":{"rendered":"https:\/\/maabmakeup.com\/inicio-2\/?post_type=product&#038;p=7406"},"modified":"2025-10-23T10:07:21","modified_gmt":"2025-10-23T08:07:21","slug":"leche-de-cabra-serum-facial-suavizante-y-energizante","status":"publish","type":"product","link":"https:\/\/maabmakeup.com\/inicio-2\/tienda\/facial\/leche-de-cabra-serum-facial-suavizante-y-energizante\/","title":{"rendered":"LECHE DE CABRA S\u00e9rum facial suavizante y energizante"},"content":{"rendered":"<p>S\u00e9rum suavizante , energizante, con f\u00f3rmula cremosa en gel de absorci\u00f3n instant\u00e1nea. Contiene un activador de s\u00edntesis de col\u00e1geno. Suaviza, hidrata y restaura la elasticidad de la piel. Proporciona una piel radiante y saludable. Recomendado como prebase de maquillaje.<\/p>\n<p>Ingredientes principales: prote\u00ednas de leche de cabra, derivado de \u00e1cido manur\u00f3nico, derivado de aceite de oliva, vitamina E.<br \/>\nNo apto para veganos.<br \/>\nNo recomendado para intolerantes a lactosa.<\/p>\n<p>Modo de empleo: aplicar uniformemente sobre el rostro, cuello y escote. Masajear suavemente. Evitar el \u00e1rea de los ojos. Recomendado para el cuidado de d\u00eda y de noche.<\/p>\n<p>Productos relacionados<\/p>\n","protected":false},"excerpt":{"rendered":"<p>S\u00e9rum suavizante , energizante, con f\u00f3rmula cremosa en gel de absorci\u00f3n instant\u00e1nea. Contiene un activador de s\u00edntesis de col\u00e1geno. Suaviza,<\/p>\n","protected":false},"featured_media":7407,"comment_status":"open","ping_status":"closed","template":"","meta":[],"product_brand":[217],"product_cat":[184],"product_tag":[],"class_list":{"0":"post-7406","1":"product","2":"type-product","3":"status-publish","4":"has-post-thumbnail","6":"product_brand-ziaja","7":"product_cat-facial","9":"first","10":"instock","11":"purchasable","12":"product-type-simple"},"_links":{"self":[{"href":"https:\/\/maabmakeup.com\/inicio-2\/wp-json\/wp\/v2\/product\/7406","targetHints":{"allow":["GET"]}}],"collection":[{"href":"https:\/\/maabmakeup.com\/inicio-2\/wp-json\/wp\/v2\/product"}],"about":[{"href":"https:\/\/maabmakeup.com\/inicio-2\/wp-json\/wp\/v2\/types\/product"}],"replies":[{"embeddable":true,"href":"https:\/\/maabmakeup.com\/inicio-2\/wp-json\/wp\/v2\/comments?post=7406"}],"wp:featuredmedia":[{"embeddable":true,"href":"https:\/\/maabmakeup.com\/inicio-2\/wp-json\/wp\/v2\/media\/7407"}],"wp:attachment":[{"href":"https:\/\/maabmakeup.com\/inicio-2\/wp-json\/wp\/v2\/media?parent=7406"}],"wp:term":[{"taxonomy":"product_brand","embeddable":true,"href":"https:\/\/maabmakeup.com\/inicio-2\/wp-json\/wp\/v2\/product_brand?post=7406"},{"taxonomy":"product_cat","embeddable":true,"href":"https:\/\/maabmakeup.com\/inicio-2\/wp-json\/wp\/v2\/product_cat?post=7406"},{"taxonomy":"product_tag","embeddable":true,"href":"https:\/\/maabmakeup.com\/inicio-2\/wp-json\/wp\/v2\/product_tag?post=7406"}],"curies":[{"name":"wp","href":"https:\/\/api.w.org\/{rel}","templated":true}]}}