{"id":7430,"date":"2025-10-23T10:34:13","date_gmt":"2025-10-23T08:34:13","guid":{"rendered":"https:\/\/maabmakeup.com\/inicio-2\/?post_type=product&#038;p=7430"},"modified":"2026-03-15T18:16:36","modified_gmt":"2026-03-15T17:16:36","slug":"joia-vegan-preparador-de-unas-ready-steady-150ml","status":"publish","type":"product","link":"https:\/\/maabmakeup.com\/inicio-2\/tienda\/cuidado-de-las-unas\/joia-vegan-preparador-de-unas-ready-steady-150ml\/","title":{"rendered":"JOIA vegan Preparador de u\u00f1as Ready Steady &#8211; 150ml"},"content":{"rendered":"<p>\u00bfReady para la manicura m\u00e1s impecable? El preparador de u\u00f1as Ready Steady de JOIA vegan es un l\u00edquido auxiliar que te permitir\u00e1 alcanzar el m\u00e1s alto nivel de preparaci\u00f3n de las u\u00f1as para crear un acabado impecable.<\/p>\n<p>Adecuado para usar antes de aplicar base, esmalte semipermanente, gel o poligel.<\/p>\n<p>A partir de ahora, la etapa de aplicaci\u00f3n del preparador de u\u00f1as Ready Steady se convertir\u00e1 en una parte integral del procedimiento de manicura. Esta herramienta te ayudar\u00e1 a limpiar f\u00e1cil y eficazmente la placa ungueal de grasa, polvo y otras impurezas, y tambi\u00e9n garantizar\u00e1 una mejor adherencia de las capas decorativas a la placa ungueal.<\/p>\n<p>Gracias a su f\u00f3rmula \u00fanica, el l\u00edquido preparador Ready Steady asegurar\u00e1 la m\u00e1xima calidad en la preparaci\u00f3n de las u\u00f1as, garantizando la m\u00e1xima estabilidad y una excelente apariencia de tu manicura.<\/p>\n<p>Ventajas:<br \/>\n&#8211; desinfecta la superficie de la u\u00f1a y la piel de las manos;<br \/>\n&#8211; limpia, desengrasa y deshidrata;<br \/>\n&#8211; proporciona una mejor adherencia y durabilidad de la manicura;<br \/>\n&#8211; reduce la probabilidad de delaminaci\u00f3n del material artificial;<br \/>\n&#8211; adecuado tanto para uso profesional como amateur.<\/p>\n<p>Modo de empleo:<br \/>\n1. Empujar la cut\u00edcula hacia atr\u00e1s y limar ligeramente la superficie de la u\u00f1a natural.<br \/>\n2. Humedecer una toallita en preparador de u\u00f1as Ready Steady y limpiar las u\u00f1as naturales.<br \/>\n3. Dejar secar hasta obtener un color blanco tiza.<br \/>\n4. Realizar la manicura.<\/p>\n<p>Capacidad: 150 ml<\/p>\n<p>Productos relacionados<\/p>\n","protected":false},"excerpt":{"rendered":"<p>\u00bfReady para la manicura m\u00e1s impecable? El preparador de u\u00f1as Ready Steady de JOIA vegan es un l\u00edquido auxiliar que<\/p>\n","protected":false},"featured_media":7434,"comment_status":"open","ping_status":"closed","template":"","meta":[],"product_brand":[207],"product_cat":[127],"product_tag":[],"class_list":{"0":"post-7430","1":"product","2":"type-product","3":"status-publish","4":"has-post-thumbnail","6":"product_brand-joia","7":"product_cat-cuidado-de-las-unas","9":"first","10":"instock","11":"purchasable","12":"product-type-simple"},"_links":{"self":[{"href":"https:\/\/maabmakeup.com\/inicio-2\/wp-json\/wp\/v2\/product\/7430","targetHints":{"allow":["GET"]}}],"collection":[{"href":"https:\/\/maabmakeup.com\/inicio-2\/wp-json\/wp\/v2\/product"}],"about":[{"href":"https:\/\/maabmakeup.com\/inicio-2\/wp-json\/wp\/v2\/types\/product"}],"replies":[{"embeddable":true,"href":"https:\/\/maabmakeup.com\/inicio-2\/wp-json\/wp\/v2\/comments?post=7430"}],"wp:featuredmedia":[{"embeddable":true,"href":"https:\/\/maabmakeup.com\/inicio-2\/wp-json\/wp\/v2\/media\/7434"}],"wp:attachment":[{"href":"https:\/\/maabmakeup.com\/inicio-2\/wp-json\/wp\/v2\/media?parent=7430"}],"wp:term":[{"taxonomy":"product_brand","embeddable":true,"href":"https:\/\/maabmakeup.com\/inicio-2\/wp-json\/wp\/v2\/product_brand?post=7430"},{"taxonomy":"product_cat","embeddable":true,"href":"https:\/\/maabmakeup.com\/inicio-2\/wp-json\/wp\/v2\/product_cat?post=7430"},{"taxonomy":"product_tag","embeddable":true,"href":"https:\/\/maabmakeup.com\/inicio-2\/wp-json\/wp\/v2\/product_tag?post=7430"}],"curies":[{"name":"wp","href":"https:\/\/api.w.org\/{rel}","templated":true}]}}