{"id":7713,"date":"2025-12-22T12:53:27","date_gmt":"2025-12-22T11:53:27","guid":{"rendered":"https:\/\/maabmakeup.com\/inicio-2\/?post_type=product&#038;p=7713"},"modified":"2026-02-05T11:08:37","modified_gmt":"2026-02-05T10:08:37","slug":"deshidratador-para-manicura-illusion-beauty-nails-100ml","status":"publish","type":"product","link":"https:\/\/maabmakeup.com\/inicio-2\/tienda\/cuidado-de-las-unas\/deshidratador\/deshidratador-para-manicura-illusion-beauty-nails-100ml\/","title":{"rendered":"Deshidratador para manicura illusion beauty Nails \u2013 100ml"},"content":{"rendered":"<h3 data-start=\"161\" data-end=\"256\">Deshidratador Illusion Beauty 100ml \u2013 Preparaci\u00f3n profesional con aplicaci\u00f3n f\u00e1cil y r\u00e1pida<\/h3>\n<p data-start=\"258\" data-end=\"591\">El\u00c2\u00a0<strong data-start=\"261\" data-end=\"297\">deshidratador de Illusion Beauty<\/strong>\u00c2\u00a0en formato profesional de\u00c2\u00a0<strong data-start=\"324\" data-end=\"333\">100ml<\/strong>\u00c2\u00a0es la opci\u00f3n ideal para salones y manicuristas que buscan rendimiento y comodidad. Este producto esencial\u00c2\u00a0<strong data-start=\"440\" data-end=\"481\">desengrasa la u\u00f1a, elimina la humedad<\/strong>\u00c2\u00a0y act\u00faa como\u00c2\u00a0<strong data-start=\"495\" data-end=\"516\">balanceador de pH<\/strong>, dejando la superficie perfectamente lista para cualquier sistema de u\u00f1as.<\/p>\n<p data-start=\"593\" data-end=\"624\"><strong data-start=\"593\" data-end=\"624\">Caracter\u00edsticas destacadas:<\/strong><\/p>\n<ul data-start=\"626\" data-end=\"1135\">\n<li data-start=\"626\" data-end=\"771\">\n<p data-start=\"628\" data-end=\"771\"><strong data-start=\"628\" data-end=\"658\">Deshidratador profesional:<\/strong>\u00c2\u00a0Limpia y desengrasa en profundidad la u\u00f1a natural, mejorando la adhesi\u00f3n de geles, acr\u00edlicos y otros materiales.<\/p>\n<\/li>\n<li data-start=\"772\" data-end=\"897\">\n<p data-start=\"774\" data-end=\"897\"><strong data-start=\"774\" data-end=\"796\">Balanceador de pH:<\/strong>\u00c2\u00a0Equilibra la superficie de la u\u00f1a, evitando levantamientos y prolongando la duraci\u00f3n de la manicura.<\/p>\n<\/li>\n<li data-start=\"898\" data-end=\"1018\">\n<p data-start=\"900\" data-end=\"1018\"><strong data-start=\"900\" data-end=\"928\">Formato ahorro de 100ml:<\/strong>\u00c2\u00a0Perfecto para uso continuado en el sal\u00f3n o para manicuristas con gran volumen de trabajo.<\/p>\n<\/li>\n<li data-start=\"898\" data-end=\"1018\"><strong>Incluido mini embudo<\/strong>\u00c2\u00a0para facilitar el llenado de botellitas de pincel.<\/li>\n<\/ul>\n<p data-start=\"1137\" data-end=\"1366\"><strong data-start=\"1137\" data-end=\"1188\">Prepara tus u\u00f1as como una verdadera profesional<\/strong>\u00c2\u00a0y disfruta de la m\u00e1xima comodidad con el envase grande y el pr\u00e1ctico vaporizador del\u00c2\u00a0<strong data-start=\"1274\" data-end=\"1310\">deshidratador de Illusion Beauty<\/strong>. El primer paso para manicuras impecables empieza aqu\u00ed.<\/p>\n","protected":false},"excerpt":{"rendered":"<p>Deshidratador Illusion Beauty 100ml \u2013 Preparaci\u00f3n profesional con aplicaci\u00f3n f\u00e1cil y r\u00e1pida El\u00c2\u00a0deshidratador de Illusion Beauty\u00c2\u00a0en formato profesional de\u00c2\u00a0100ml\u00c2\u00a0es la<\/p>\n","protected":false},"featured_media":7749,"comment_status":"open","ping_status":"closed","template":"","meta":[],"product_brand":[186],"product_cat":[37],"product_tag":[],"class_list":{"0":"post-7713","1":"product","2":"type-product","3":"status-publish","4":"has-post-thumbnail","6":"product_brand-illusion-beauty","7":"product_cat-deshidratador","9":"first","10":"instock","11":"purchasable","12":"product-type-simple"},"_links":{"self":[{"href":"https:\/\/maabmakeup.com\/inicio-2\/wp-json\/wp\/v2\/product\/7713","targetHints":{"allow":["GET"]}}],"collection":[{"href":"https:\/\/maabmakeup.com\/inicio-2\/wp-json\/wp\/v2\/product"}],"about":[{"href":"https:\/\/maabmakeup.com\/inicio-2\/wp-json\/wp\/v2\/types\/product"}],"replies":[{"embeddable":true,"href":"https:\/\/maabmakeup.com\/inicio-2\/wp-json\/wp\/v2\/comments?post=7713"}],"wp:featuredmedia":[{"embeddable":true,"href":"https:\/\/maabmakeup.com\/inicio-2\/wp-json\/wp\/v2\/media\/7749"}],"wp:attachment":[{"href":"https:\/\/maabmakeup.com\/inicio-2\/wp-json\/wp\/v2\/media?parent=7713"}],"wp:term":[{"taxonomy":"product_brand","embeddable":true,"href":"https:\/\/maabmakeup.com\/inicio-2\/wp-json\/wp\/v2\/product_brand?post=7713"},{"taxonomy":"product_cat","embeddable":true,"href":"https:\/\/maabmakeup.com\/inicio-2\/wp-json\/wp\/v2\/product_cat?post=7713"},{"taxonomy":"product_tag","embeddable":true,"href":"https:\/\/maabmakeup.com\/inicio-2\/wp-json\/wp\/v2\/product_tag?post=7713"}],"curies":[{"name":"wp","href":"https:\/\/api.w.org\/{rel}","templated":true}]}}