{"id":7716,"date":"2025-12-22T19:36:53","date_gmt":"2025-12-22T18:36:53","guid":{"rendered":"https:\/\/maabmakeup.com\/inicio-2\/?post_type=product&#038;p=7716"},"modified":"2026-03-28T13:21:06","modified_gmt":"2026-03-28T12:21:06","slug":"acrygel-cover-illusion-beauty-30g","status":"publish","type":"product","link":"https:\/\/maabmakeup.com\/inicio-2\/tienda\/constructores\/gel-builder\/acrygel-cover-illusion-beauty-30g\/","title":{"rendered":"AcryGel Cover Illusion Beauty 30g"},"content":{"rendered":"<h3 data-start=\"138\" data-end=\"184\"><strong data-start=\"142\" data-end=\"182\">AcryGel Cover 30 g \u2013 Illusion Beauty<\/strong><\/h3>\n<p data-start=\"186\" data-end=\"458\">El\u00c2\u00a0<strong data-start=\"189\" data-end=\"225\">AcryGel Cover de Illusion Beauty<\/strong>\u00c2\u00a0es la fusi\u00f3n perfecta entre acr\u00edlico y gel, dise\u00f1ado para ofrecer\u00c2\u00a0<strong data-start=\"292\" data-end=\"347\">resistencia, control y un acabado natural impecable<\/strong>. Su tono cover es ideal para\u00c2\u00a0<strong data-start=\"377\" data-end=\"420\">estructuras, extensiones y correcciones<\/strong>\u00c2\u00a0con un aspecto uniforme y elegante.<\/p>\n<p data-start=\"460\" data-end=\"631\">Gracias a su textura cremosa y moldeable, se adapta f\u00e1cilmente a cualquier t\u00e9cnica, especialmente la\u00c2\u00a0<strong data-start=\"561\" data-end=\"577\">t\u00e9cnica Dual<\/strong>, permitiendo una aplicaci\u00f3n precisa y sin esfuerzo.<\/p>\n<p data-start=\"633\" data-end=\"670\">\u00f0\u0178\u2019\u017d\u00c2\u00a0<strong data-start=\"636\" data-end=\"668\">Caracter\u00edsticas principales:<\/strong><\/p>\n<ul data-start=\"671\" data-end=\"948\">\n<li data-start=\"671\" data-end=\"739\">\n<p data-start=\"673\" data-end=\"739\">Cobertura natural, ideal para bases, extensiones y baby boomers.<\/p>\n<\/li>\n<li data-start=\"740\" data-end=\"801\">\n<p data-start=\"742\" data-end=\"801\">Alta resistencia y flexibilidad sin sensaci\u00f3n de pesadez.<\/p>\n<\/li>\n<li data-start=\"802\" data-end=\"846\">\n<p data-start=\"804\" data-end=\"846\">Textura autonivelante que no se escurre.<\/p>\n<\/li>\n<li data-start=\"847\" data-end=\"889\">\n<p data-start=\"849\" data-end=\"889\">Perfecto para limar, f\u00e1cil de modelar.<\/p>\n<\/li>\n<li data-start=\"890\" data-end=\"948\">\n<p data-start=\"892\" data-end=\"948\"><strong data-start=\"892\" data-end=\"911\">TPO y HEMA Free<\/strong>, seguro y respetuoso con las u\u00f1as.<\/p>\n<\/li>\n<\/ul>\n<p data-start=\"950\" data-end=\"1138\">Un producto imprescindible para conseguir u\u00f1as con acabado profesional, resistentes y con un\u00c2\u00a0<strong data-start=\"1043\" data-end=\"1068\">tono nude sofisticado<\/strong>. Eleva tu trabajo con el\u00c2\u00a0<strong data-start=\"1094\" data-end=\"1135\">AcryGel Cover 30 g de Illusion Beauty<\/strong><\/p>\n","protected":false},"excerpt":{"rendered":"<p>AcryGel Cover 30 g \u2013 Illusion Beauty El\u00c2\u00a0AcryGel Cover de Illusion Beauty\u00c2\u00a0es la fusi\u00f3n perfecta entre acr\u00edlico y gel, dise\u00f1ado<\/p>\n","protected":false},"featured_media":7717,"comment_status":"open","ping_status":"closed","template":"","meta":[],"product_brand":[186],"product_cat":[233],"product_tag":[],"class_list":{"0":"post-7716","1":"product","2":"type-product","3":"status-publish","4":"has-post-thumbnail","6":"product_brand-illusion-beauty","7":"product_cat-gel-builder","9":"first","10":"outofstock","11":"purchasable","12":"product-type-simple"},"_links":{"self":[{"href":"https:\/\/maabmakeup.com\/inicio-2\/wp-json\/wp\/v2\/product\/7716","targetHints":{"allow":["GET"]}}],"collection":[{"href":"https:\/\/maabmakeup.com\/inicio-2\/wp-json\/wp\/v2\/product"}],"about":[{"href":"https:\/\/maabmakeup.com\/inicio-2\/wp-json\/wp\/v2\/types\/product"}],"replies":[{"embeddable":true,"href":"https:\/\/maabmakeup.com\/inicio-2\/wp-json\/wp\/v2\/comments?post=7716"}],"wp:featuredmedia":[{"embeddable":true,"href":"https:\/\/maabmakeup.com\/inicio-2\/wp-json\/wp\/v2\/media\/7717"}],"wp:attachment":[{"href":"https:\/\/maabmakeup.com\/inicio-2\/wp-json\/wp\/v2\/media?parent=7716"}],"wp:term":[{"taxonomy":"product_brand","embeddable":true,"href":"https:\/\/maabmakeup.com\/inicio-2\/wp-json\/wp\/v2\/product_brand?post=7716"},{"taxonomy":"product_cat","embeddable":true,"href":"https:\/\/maabmakeup.com\/inicio-2\/wp-json\/wp\/v2\/product_cat?post=7716"},{"taxonomy":"product_tag","embeddable":true,"href":"https:\/\/maabmakeup.com\/inicio-2\/wp-json\/wp\/v2\/product_tag?post=7716"}],"curies":[{"name":"wp","href":"https:\/\/api.w.org\/{rel}","templated":true}]}}