{"id":7918,"date":"2026-02-23T09:30:31","date_gmt":"2026-02-23T08:30:31","guid":{"rendered":"https:\/\/maabmakeup.com\/inicio-2\/?post_type=product&#038;p=7918"},"modified":"2026-02-23T09:30:31","modified_gmt":"2026-02-23T08:30:31","slug":"inicio-a-la-profesion","status":"publish","type":"product","link":"https:\/\/maabmakeup.com\/inicio-2\/tienda\/cursos\/inicio-a-la-profesion\/","title":{"rendered":"INICIO A LA PROFESION"},"content":{"rendered":"<div>747\u20ac<\/div>\n<div>Una Formaci\u00f3n Completa para toda la que quiera ser Profesional de U\u00f1as<\/p>\n<p>Con un programa intensivo de 40 horas, este curso es nuestra formaci\u00f3n estrella para las que tiene poco tiempo y quieren ser manicuristas, dise\u00f1ada para convertirte en un experto integral en el arte de la manicura. Domina las t\u00e9cnicas desde lo b\u00e1sico hasta m\u00e1s avanzadas y vers\u00e1tiles, y adquiere las habilidades necesarias para sobresalir en el mundo profesional.<\/p>\n<p>\u00bfQu\u00e9 aprender\u00e1s?<br \/>\n<img decoding=\"async\" class=\"an1\" draggable=\"false\" src=\"https:\/\/fonts.gstatic.com\/s\/e\/notoemoji\/17.0\/1f340\/32.png\" alt=\"\ud83c\udf40\" data-emoji=\"\ud83c\udf40\" aria-label=\"\ud83c\udf40\" \/>\u00a0Manicura Perfecta con Nivelaci\u00f3n: Aprende el arte de cut\u00edculas perfectas, redondas y saludables; nivelaci\u00f3n impecable y esmaltados duraderos; refuerzos, correcciones y peque\u00f1as extensiones.<br \/>\n<img decoding=\"async\" class=\"an1\" draggable=\"false\" src=\"https:\/\/fonts.gstatic.com\/s\/e\/notoemoji\/17.0\/1f340\/32.png\" alt=\"\ud83c\udf40\" data-emoji=\"\ud83c\udf40\" aria-label=\"\ud83c\udf40\" \/>\u00a0Gel XXX: Descubre la t\u00e9cnica m\u00e1s r\u00e1pida para lograr extensiones de sal\u00f3n perfectas en tiempo r\u00e9cord.<br \/>\n<img decoding=\"async\" class=\"an1\" draggable=\"false\" src=\"https:\/\/fonts.gstatic.com\/s\/e\/notoemoji\/17.0\/1f340\/32.png\" alt=\"\ud83c\udf40\" data-emoji=\"\ud83c\udf40\" aria-label=\"\ud83c\udf40\" \/>\u00a0Dual Basic: Aprende a crear estructuras de sal\u00f3n con sistema Dual y con un limado m\u00ednimo, optimizando tiempo y precisi\u00f3n.<br \/>\n<img decoding=\"async\" class=\"an1\" draggable=\"false\" src=\"https:\/\/fonts.gstatic.com\/s\/e\/notoemoji\/17.0\/1f340\/32.png\" alt=\"\ud83c\udf40\" data-emoji=\"\ud83c\udf40\" aria-label=\"\ud83c\udf40\" \/>\u00a0Estructuras \u00a0gel y acrygel sin limado. Domina formas ic\u00f3nicas como Cuadrada, Almendra y Bailarina. Trabajar\u00e1s desde estilos naturales hasta dise\u00f1os sofisticados como baby boomer y encapsulados.<br \/>\n.<\/p>\n<p>\u00bfQu\u00e9 hace \u00fanico este curso?<br \/>\n<img decoding=\"async\" class=\"an1\" draggable=\"false\" src=\"https:\/\/fonts.gstatic.com\/s\/e\/notoemoji\/17.0\/2714_fe0f\/32.png\" alt=\"\u2714\ufe0f\" data-emoji=\"\u2714\ufe0f\" aria-label=\"\u2714\ufe0f\" \/>\u00a0Formaci\u00f3n completa que cubre todas las \u00e1reas clave de la manicura profesional.<br \/>\n<img decoding=\"async\" class=\"an1\" draggable=\"false\" src=\"https:\/\/fonts.gstatic.com\/s\/e\/notoemoji\/17.0\/2714_fe0f\/32.png\" alt=\"\u2714\ufe0f\" data-emoji=\"\u2714\ufe0f\" aria-label=\"\u2714\ufe0f\" \/>\u00a0Examen final te\u00f3rico y pr\u00e1ctico para certificar tus conocimientos y habilidades.<br \/>\n<img decoding=\"async\" class=\"an1\" draggable=\"false\" src=\"https:\/\/fonts.gstatic.com\/s\/e\/notoemoji\/17.0\/2714_fe0f\/32.png\" alt=\"\u2714\ufe0f\" data-emoji=\"\u2714\ufe0f\" aria-label=\"\u2714\ufe0f\" \/>\u00a0Perfecto tanto para quienes inician su camino en el mundo de la manicura como para quienes buscan una especializaci\u00f3n exhaustiva.<\/p>\n<p>Prep\u00e1rate para destacarte como Manicurista Profesional. \u00a1Convi\u00e9rtete en un referente en la industria!<\/p>\n<p>Horario: 9:30- 18:30 H cada d\u00eda<\/p>\n<p>Lugar: C\/ Cabo Noval, 6 local 1. Academia MAAB Make up. MELILLA<\/p>\n<p>Solo debes llevar torno y pincel liner, el resto de lo materiales se prestan para durante la formaci\u00f3n. Adem\u00e1s incluye un kit con todo lo necesario.<\/p>\n<p>Para reservar tu plaza podemos indicarte las condiciones y posibilidades dd pago! Una vez hecho el pago, MUY IMPORTANTE, dejarme escrito por aqu\u00ed tu nombre y apellidos para el t\u00edtulo!!!<\/p><\/div>\n","protected":false},"excerpt":{"rendered":"<p>747\u20ac Una Formaci\u00f3n Completa para toda la que quiera ser Profesional de U\u00f1as Con un programa intensivo de 40 horas,<\/p>\n","protected":false},"featured_media":7919,"comment_status":"open","ping_status":"closed","template":"","meta":[],"product_brand":[],"product_cat":[138],"product_tag":[],"class_list":{"0":"post-7918","1":"product","2":"type-product","3":"status-publish","4":"has-post-thumbnail","6":"product_cat-cursos","8":"first","9":"instock","10":"purchasable","11":"product-type-simple"},"_links":{"self":[{"href":"https:\/\/maabmakeup.com\/inicio-2\/wp-json\/wp\/v2\/product\/7918","targetHints":{"allow":["GET"]}}],"collection":[{"href":"https:\/\/maabmakeup.com\/inicio-2\/wp-json\/wp\/v2\/product"}],"about":[{"href":"https:\/\/maabmakeup.com\/inicio-2\/wp-json\/wp\/v2\/types\/product"}],"replies":[{"embeddable":true,"href":"https:\/\/maabmakeup.com\/inicio-2\/wp-json\/wp\/v2\/comments?post=7918"}],"wp:featuredmedia":[{"embeddable":true,"href":"https:\/\/maabmakeup.com\/inicio-2\/wp-json\/wp\/v2\/media\/7919"}],"wp:attachment":[{"href":"https:\/\/maabmakeup.com\/inicio-2\/wp-json\/wp\/v2\/media?parent=7918"}],"wp:term":[{"taxonomy":"product_brand","embeddable":true,"href":"https:\/\/maabmakeup.com\/inicio-2\/wp-json\/wp\/v2\/product_brand?post=7918"},{"taxonomy":"product_cat","embeddable":true,"href":"https:\/\/maabmakeup.com\/inicio-2\/wp-json\/wp\/v2\/product_cat?post=7918"},{"taxonomy":"product_tag","embeddable":true,"href":"https:\/\/maabmakeup.com\/inicio-2\/wp-json\/wp\/v2\/product_tag?post=7918"}],"curies":[{"name":"wp","href":"https:\/\/api.w.org\/{rel}","templated":true}]}}