{"id":7920,"date":"2026-02-23T09:32:40","date_gmt":"2026-02-23T08:32:40","guid":{"rendered":"https:\/\/maabmakeup.com\/inicio-2\/?post_type=product&#038;p=7920"},"modified":"2026-02-23T09:32:40","modified_gmt":"2026-02-23T08:32:40","slug":"curso-gel-sin-limado","status":"publish","type":"product","link":"https:\/\/maabmakeup.com\/inicio-2\/tienda\/cursos\/curso-gel-sin-limado\/","title":{"rendered":"CURSO GEL SIN LIMADO"},"content":{"rendered":"<p>247\u20ac<br \/>\nEstructuras de Sal\u00f3n con Eficiencia y Precisi\u00f3n<\/p>\n<p>Descubre la t\u00e9cnica de Gel Sin Limado, una soluci\u00f3n eficiente y profesional para crear estructuras de sal\u00f3n impecables. Este m\u00e9todo te permitir\u00e1 ahorrar tiempo y esfuerzo en el proceso, garantizando un acabado perfecto y duradero.<\/p>\n<p>\u00bfQu\u00e9 aprender\u00e1s?<br \/>\n<img decoding=\"async\" class=\"an1\" draggable=\"false\" src=\"https:\/\/fonts.gstatic.com\/s\/e\/notoemoji\/17.0\/1f485\/32.png\" alt=\"\ud83d\udc85\" data-emoji=\"\ud83d\udc85\" aria-label=\"\ud83d\udc85\" \/>\u00a0Preparaci\u00f3n de la u\u00f1a natural: Domina los pasos esenciales para asegurar la adherencia y resistencia del gel.<br \/>\n<img decoding=\"async\" class=\"an1\" draggable=\"false\" src=\"https:\/\/fonts.gstatic.com\/s\/e\/notoemoji\/17.0\/1f485\/32.png\" alt=\"\ud83d\udc85\" data-emoji=\"\ud83d\udc85\" aria-label=\"\ud83d\udc85\" \/>\u00a0T\u00e9cnica de Gel Sin Limado: Perfecciona la aplicaci\u00f3n precisa que elimina la necesidad de limado excesivo.<br \/>\n<img decoding=\"async\" class=\"an1\" draggable=\"false\" src=\"https:\/\/fonts.gstatic.com\/s\/e\/notoemoji\/17.0\/1f485\/32.png\" alt=\"\ud83d\udc85\" data-emoji=\"\ud83d\udc85\" aria-label=\"\ud83d\udc85\" \/>\u00a0Trabajo con moldes de papel: Aprende a utilizar moldes de forma eficiente para crear estructuras adaptadas a las clientas.<br \/>\n<img decoding=\"async\" class=\"an1\" draggable=\"false\" src=\"https:\/\/fonts.gstatic.com\/s\/e\/notoemoji\/17.0\/1f485\/32.png\" alt=\"\ud83d\udc85\" data-emoji=\"\ud83d\udc85\" aria-label=\"\ud83d\udc85\" \/>\u00a0Estructuras de sal\u00f3n: Dise\u00f1a formas populares como Cuadrada, Bailarina y Almendra con acabados profesionales.<\/p>\n<p>\u00bfPor qu\u00e9 tomar este curso?<br \/>\n<img decoding=\"async\" class=\"an1\" draggable=\"false\" src=\"https:\/\/fonts.gstatic.com\/s\/e\/notoemoji\/17.0\/2714_fe0f\/32.png\" alt=\"\u2714\ufe0f\" data-emoji=\"\u2714\ufe0f\" aria-label=\"\u2714\ufe0f\" \/>\u00a0Optimizar\u00e1s tu tiempo de trabajo en el sal\u00f3n sin comprometer la calidad.<br \/>\n<img decoding=\"async\" class=\"an1\" draggable=\"false\" src=\"https:\/\/fonts.gstatic.com\/s\/e\/notoemoji\/17.0\/2714_fe0f\/32.png\" alt=\"\u2714\ufe0f\" data-emoji=\"\u2714\ufe0f\" aria-label=\"\u2714\ufe0f\" \/>\u00a0Dominar\u00e1s una t\u00e9cnica moderna y demandada en el mercado.<br \/>\n<img decoding=\"async\" class=\"an1\" draggable=\"false\" src=\"https:\/\/fonts.gstatic.com\/s\/e\/notoemoji\/17.0\/2714_fe0f\/32.png\" alt=\"\u2714\ufe0f\" data-emoji=\"\u2714\ufe0f\" aria-label=\"\u2714\ufe0f\" \/>\u00a0Reducir\u00e1s el esfuerzo f\u00edsico al minimizar el proceso de limado.<br \/>\n<img decoding=\"async\" class=\"an1\" draggable=\"false\" src=\"https:\/\/fonts.gstatic.com\/s\/e\/notoemoji\/17.0\/2714_fe0f\/32.png\" alt=\"\u2714\ufe0f\" data-emoji=\"\u2714\ufe0f\" aria-label=\"\u2714\ufe0f\" \/>\u00a0Ofrecer\u00e1s a tus clientas u\u00f1as de sal\u00f3n duraderas y con acabados impecables.<\/p>\n<p>Aprovecha esta t\u00e9cnica innovadora y lleva tu servicio al siguiente nivel con Gel Sin Limado. \u00a1Te esperamos!<\/p>\n<p>Horario: 9:30- 18:30 H<\/p>\n<p>Lugar: C\/ Cabo Noval, 6 local 1. Academia MAAB Make up. MELILLA<\/p>\n<p>Solo debes llevar torno, pincel de gel y pincel liner, el resto de lo materiales se prestan para durante la formaci\u00f3n.<\/p>\n<div>Para reservar tu plaza podemos indicarte las condiciones y posibilidades dd pago! Una vez hecho el pago, MUY IMPORTANTE, dejarme escrito por aqu\u00ed tu nombre y apellidos para el t\u00edtulo!!!<\/div>\n","protected":false},"excerpt":{"rendered":"<p>247\u20ac Estructuras de Sal\u00f3n con Eficiencia y Precisi\u00f3n Descubre la t\u00e9cnica de Gel Sin Limado, una soluci\u00f3n eficiente y profesional<\/p>\n","protected":false},"featured_media":7921,"comment_status":"open","ping_status":"closed","template":"","meta":[],"product_brand":[],"product_cat":[138],"product_tag":[],"class_list":{"0":"post-7920","1":"product","2":"type-product","3":"status-publish","4":"has-post-thumbnail","6":"product_cat-cursos","8":"first","9":"instock","10":"purchasable","11":"product-type-simple"},"_links":{"self":[{"href":"https:\/\/maabmakeup.com\/inicio-2\/wp-json\/wp\/v2\/product\/7920","targetHints":{"allow":["GET"]}}],"collection":[{"href":"https:\/\/maabmakeup.com\/inicio-2\/wp-json\/wp\/v2\/product"}],"about":[{"href":"https:\/\/maabmakeup.com\/inicio-2\/wp-json\/wp\/v2\/types\/product"}],"replies":[{"embeddable":true,"href":"https:\/\/maabmakeup.com\/inicio-2\/wp-json\/wp\/v2\/comments?post=7920"}],"wp:featuredmedia":[{"embeddable":true,"href":"https:\/\/maabmakeup.com\/inicio-2\/wp-json\/wp\/v2\/media\/7921"}],"wp:attachment":[{"href":"https:\/\/maabmakeup.com\/inicio-2\/wp-json\/wp\/v2\/media?parent=7920"}],"wp:term":[{"taxonomy":"product_brand","embeddable":true,"href":"https:\/\/maabmakeup.com\/inicio-2\/wp-json\/wp\/v2\/product_brand?post=7920"},{"taxonomy":"product_cat","embeddable":true,"href":"https:\/\/maabmakeup.com\/inicio-2\/wp-json\/wp\/v2\/product_cat?post=7920"},{"taxonomy":"product_tag","embeddable":true,"href":"https:\/\/maabmakeup.com\/inicio-2\/wp-json\/wp\/v2\/product_tag?post=7920"}],"curies":[{"name":"wp","href":"https:\/\/api.w.org\/{rel}","templated":true}]}}