{"id":7922,"date":"2026-02-23T09:34:35","date_gmt":"2026-02-23T08:34:35","guid":{"rendered":"https:\/\/maabmakeup.com\/inicio-2\/?post_type=product&#038;p=7922"},"modified":"2026-02-23T09:34:35","modified_gmt":"2026-02-23T08:34:35","slug":"curso-5-formas","status":"publish","type":"product","link":"https:\/\/maabmakeup.com\/inicio-2\/tienda\/cursos\/curso-5-formas\/","title":{"rendered":"CURSO 5 FORMAS"},"content":{"rendered":"<div>517,00\u00a0EUR<\/div>\n<div>\nDomina el Arte de las Estructuras<\/p>\n<p>Este curso est\u00e1 dise\u00f1ado para que aprendas a crear las estructuras m\u00e1s populares y vers\u00e1tiles en Gel y Poligel utilizando moldes de papel. Desarrollar\u00e1s la habilidad de trabajar con precisi\u00f3n, asegurando u\u00f1as resistentes, elegantes y adaptadas al sal\u00f3n.<\/p>\n<p>\u00bfQu\u00e9 aprender\u00e1s?<br \/>\n<img decoding=\"async\" class=\"an1\" draggable=\"false\" src=\"https:\/\/fonts.gstatic.com\/s\/e\/notoemoji\/17.0\/1f485\/32.png\" alt=\"\ud83d\udc85\" data-emoji=\"\ud83d\udc85\" aria-label=\"\ud83d\udc85\" \/>\u00a05 estructuras de sal\u00f3n:<br \/>\n\u2022 Cuadrada.<br \/>\n\u2022 Bailarina.<br \/>\n\u2022 Almendra Cl\u00e1sica.<br \/>\n\u2022 Almendra Moderna (Rusa).<br \/>\n\u2022 Ovalado Moderno.<\/p>\n<p>Adem\u00e1s<br \/>\n<img decoding=\"async\" class=\"an1\" draggable=\"false\" src=\"https:\/\/fonts.gstatic.com\/s\/e\/notoemoji\/17.0\/1f485\/32.png\" alt=\"\ud83d\udc85\" data-emoji=\"\ud83d\udc85\" aria-label=\"\ud83d\udc85\" \/>\u00a0Manicura saludable y preparaci\u00f3n profesional:<br \/>\n\u2022 C\u00f3mo hacer una manicura perfecta y c\u00f3mo preparar correctamente la u\u00f1a natural para garantizar resultados duraderos.<\/p>\n<p><img decoding=\"async\" class=\"an1\" draggable=\"false\" src=\"https:\/\/fonts.gstatic.com\/s\/e\/notoemoji\/17.0\/1f485\/32.png\" alt=\"\ud83d\udc85\" data-emoji=\"\ud83d\udc85\" aria-label=\"\ud83d\udc85\" \/>\u00a0Decoraci\u00f3n:<br \/>\n\u2022 Demostraciones en vivo para complementar tus estructuras con dise\u00f1os modernos y creativos.<\/p>\n<p>\u00bfPor qu\u00e9 tomar este curso?<br \/>\n<img decoding=\"async\" class=\"an1\" draggable=\"false\" src=\"https:\/\/fonts.gstatic.com\/s\/e\/notoemoji\/17.0\/2714_fe0f\/32.png\" alt=\"\u2714\ufe0f\" data-emoji=\"\u2714\ufe0f\" aria-label=\"\u2714\ufe0f\" \/>\u00a0Aprender\u00e1s a trabajar las estructuras m\u00e1s demandadas por las clientas.<br \/>\n<img decoding=\"async\" class=\"an1\" draggable=\"false\" src=\"https:\/\/fonts.gstatic.com\/s\/e\/notoemoji\/17.0\/2714_fe0f\/32.png\" alt=\"\u2714\ufe0f\" data-emoji=\"\u2714\ufe0f\" aria-label=\"\u2714\ufe0f\" \/>\u00a0Conocer\u00e1s t\u00e9cnicas avanzadas en Gel y Poligel que elevar\u00e1n la calidad de tu servicio.<br \/>\n<img decoding=\"async\" class=\"an1\" draggable=\"false\" src=\"https:\/\/fonts.gstatic.com\/s\/e\/notoemoji\/17.0\/2714_fe0f\/32.png\" alt=\"\u2714\ufe0f\" data-emoji=\"\u2714\ufe0f\" aria-label=\"\u2714\ufe0f\" \/>\u00a0Incorporar\u00e1s decoraciones que a\u00f1aden un toque \u00fanico y personalizado a cada trabajo.<\/p>\n<p>Domina las formas de sal\u00f3n y lleva tu t\u00e9cnica al siguiente nivel con este curso profesional. \u00a1Te esperamos para perfeccionar tu arte!<\/p>\n<p>2 d\u00edas de clases<\/p>\n<p>Horario: 9:30- 18:30 H<\/p>\n<p>Lugar: C\/ Cabo Noval, 6 local 1. Academia MAAB Make up. MELILLA<\/p>\n<p>Solo debes llevar torno y pincel de gel,<br \/>\nPOLIGEL y liner, el resto de lo materiales se prestan para durante la formaci\u00f3n.<\/p>\n<p>Para reservar tu plaza podemos indicarte las condiciones y posibilidades dd pago! Una vez hecho el pago, MUY IMPORTANTE, dejarme escrito por aqu\u00ed tu nombre y apellidos para el t\u00edtulo!!!<\/p><\/div>\n","protected":false},"excerpt":{"rendered":"<p>517,00\u00a0EUR Domina el Arte de las Estructuras Este curso est\u00e1 dise\u00f1ado para que aprendas a crear las estructuras m\u00e1s populares<\/p>\n","protected":false},"featured_media":7923,"comment_status":"open","ping_status":"closed","template":"","meta":[],"product_brand":[],"product_cat":[138],"product_tag":[],"class_list":{"0":"post-7922","1":"product","2":"type-product","3":"status-publish","4":"has-post-thumbnail","6":"product_cat-cursos","8":"first","9":"instock","10":"purchasable","11":"product-type-simple"},"_links":{"self":[{"href":"https:\/\/maabmakeup.com\/inicio-2\/wp-json\/wp\/v2\/product\/7922","targetHints":{"allow":["GET"]}}],"collection":[{"href":"https:\/\/maabmakeup.com\/inicio-2\/wp-json\/wp\/v2\/product"}],"about":[{"href":"https:\/\/maabmakeup.com\/inicio-2\/wp-json\/wp\/v2\/types\/product"}],"replies":[{"embeddable":true,"href":"https:\/\/maabmakeup.com\/inicio-2\/wp-json\/wp\/v2\/comments?post=7922"}],"wp:featuredmedia":[{"embeddable":true,"href":"https:\/\/maabmakeup.com\/inicio-2\/wp-json\/wp\/v2\/media\/7923"}],"wp:attachment":[{"href":"https:\/\/maabmakeup.com\/inicio-2\/wp-json\/wp\/v2\/media?parent=7922"}],"wp:term":[{"taxonomy":"product_brand","embeddable":true,"href":"https:\/\/maabmakeup.com\/inicio-2\/wp-json\/wp\/v2\/product_brand?post=7922"},{"taxonomy":"product_cat","embeddable":true,"href":"https:\/\/maabmakeup.com\/inicio-2\/wp-json\/wp\/v2\/product_cat?post=7922"},{"taxonomy":"product_tag","embeddable":true,"href":"https:\/\/maabmakeup.com\/inicio-2\/wp-json\/wp\/v2\/product_tag?post=7922"}],"curies":[{"name":"wp","href":"https:\/\/api.w.org\/{rel}","templated":true}]}}