{"id":7930,"date":"2026-02-25T16:23:50","date_gmt":"2026-02-25T15:23:50","guid":{"rendered":"https:\/\/maabmakeup.com\/inicio-2\/?post_type=product&#038;p=7930"},"modified":"2026-02-25T16:23:50","modified_gmt":"2026-02-25T15:23:50","slug":"joia-vegan-aceite-seco-para-unas-y-cuticulas-con-oro-24k-brut-oil-15ml","status":"publish","type":"product","link":"https:\/\/maabmakeup.com\/inicio-2\/tienda\/cuidado-de-las-unas\/aceite-cuticula\/joia-vegan-aceite-seco-para-unas-y-cuticulas-con-oro-24k-brut-oil-15ml\/","title":{"rendered":"JOIA vegan Aceite seco para u\u00f1as y cut\u00edculas con oro 24K Brut Oil &#8211; 15ml"},"content":{"rendered":"<p>Aceite seco vitaminado para el cuidado de u\u00f1as y cut\u00edculas, que est\u00e1 saturado con oro de 24 quilates.<\/p>\n<p>Es un regalo del cielo para los manicuristas m\u00e1s modernos e innovadores, porque el producto se absorbe instant\u00e1neamente y no deja una capa aceitosa, lo que es importante para ahorrar tiempo a la hora de crear contenidos visuales para por ejemplo las redes sociales.<\/p>\n<p>&#8211; Proporciona un eficaz efecto hidratante<br \/>\n&#8211; Suaviza la piel, favorece su regeneraci\u00f3n y ralentiza el proceso de envejecimiento<br \/>\n&#8211; Restaura la placa ungueal, ayudando a que crezcan u\u00f1as largas y sanas<br \/>\n&#8211; La presencia de oro de 24 quilates en la composici\u00f3n estimula la producci\u00f3n de col\u00e1geno e ilumina la piel de las manos<br \/>\n&#8211; La penetraci\u00f3n profunda del producto en la estructura de la piel y las u\u00f1as proporciona un efecto de cuidado acumulativo<br \/>\n&#8211; Cicatriza, previene la aparici\u00f3n de grietas<br \/>\n&#8211; El aceite se absorbe r\u00e1pidamente y no deja una capa grasa<\/p>\n<p>Capacidad: 15ml<\/p>\n<p>JOIA vegan es la primera marca vegana de esmaltes semipermanentes. JOIA vegan naci\u00f3 con la filosof\u00eda del veganismo y respeto por el medio ambiente, para ayudar a hacer del mundo un lugar mejor. \u00a1La combinaci\u00f3n perfecta entre innovaci\u00f3n, belleza y una filosof\u00eda eco-friendly!<\/p>\n","protected":false},"excerpt":{"rendered":"<p>Aceite seco vitaminado para el cuidado de u\u00f1as y cut\u00edculas, que est\u00e1 saturado con oro de 24 quilates. Es un<\/p>\n","protected":false},"featured_media":7932,"comment_status":"open","ping_status":"closed","template":"","meta":[],"product_brand":[207],"product_cat":[34],"product_tag":[],"class_list":{"0":"post-7930","1":"product","2":"type-product","3":"status-publish","4":"has-post-thumbnail","6":"product_brand-joia","7":"product_cat-aceite-cuticula","9":"first","10":"instock","11":"purchasable","12":"product-type-simple"},"_links":{"self":[{"href":"https:\/\/maabmakeup.com\/inicio-2\/wp-json\/wp\/v2\/product\/7930","targetHints":{"allow":["GET"]}}],"collection":[{"href":"https:\/\/maabmakeup.com\/inicio-2\/wp-json\/wp\/v2\/product"}],"about":[{"href":"https:\/\/maabmakeup.com\/inicio-2\/wp-json\/wp\/v2\/types\/product"}],"replies":[{"embeddable":true,"href":"https:\/\/maabmakeup.com\/inicio-2\/wp-json\/wp\/v2\/comments?post=7930"}],"wp:featuredmedia":[{"embeddable":true,"href":"https:\/\/maabmakeup.com\/inicio-2\/wp-json\/wp\/v2\/media\/7932"}],"wp:attachment":[{"href":"https:\/\/maabmakeup.com\/inicio-2\/wp-json\/wp\/v2\/media?parent=7930"}],"wp:term":[{"taxonomy":"product_brand","embeddable":true,"href":"https:\/\/maabmakeup.com\/inicio-2\/wp-json\/wp\/v2\/product_brand?post=7930"},{"taxonomy":"product_cat","embeddable":true,"href":"https:\/\/maabmakeup.com\/inicio-2\/wp-json\/wp\/v2\/product_cat?post=7930"},{"taxonomy":"product_tag","embeddable":true,"href":"https:\/\/maabmakeup.com\/inicio-2\/wp-json\/wp\/v2\/product_tag?post=7930"}],"curies":[{"name":"wp","href":"https:\/\/api.w.org\/{rel}","templated":true}]}}