{"id":7943,"date":"2026-02-26T09:31:07","date_gmt":"2026-02-26T08:31:07","guid":{"rendered":"https:\/\/maabmakeup.com\/inicio-2\/?post_type=product&#038;p=7943"},"modified":"2026-02-26T09:31:07","modified_gmt":"2026-02-26T08:31:07","slug":"joia-vegan-esmalte-semipermanente-002-6ml","status":"publish","type":"product","link":"https:\/\/maabmakeup.com\/inicio-2\/tienda\/constructores\/polygel-liquido\/joia-vegan-esmalte-semipermanente-002-6ml\/","title":{"rendered":"JOIA vegan Esmalte semipermanente &#8211; 002 &#8211; 6ml"},"content":{"rendered":"<p>El 002 es un tono blanco con un sutil color cacao. Una gran opci\u00f3n para una manicura vers\u00e1til para todos los d\u00edas, \u00a1y a\u00fan m\u00e1s si hay c\u00f3digo de vestimenta! Es un tono que, si lo combinas, queda genial con colores tanto claros como oscuros.<\/p>\n<p>Para darle un toque especial y en tendencia a tu manicura, combina el 002 Milky Shade con una decoraci\u00f3n plateada o dorada. Como por ejemplo, foils en una o dos u\u00f1as, o en l\u00edneas finas. Conseguir\u00e1s un efecto elegante y que llama mucho la atenci\u00f3n \u00a1Tu nail look no se quedar\u00e1 sin cumplidos!<\/p>\n<p>&#8211; Esmalte semipermanente autonivelante.<br \/>\n&#8211; En su aplicaci\u00f3n, la f\u00f3rmula no forma grumos.<br \/>\n&#8211; Aplicaci\u00f3n m\u00e1s c\u00f3moda gracias a su pincel de alta calidad.<br \/>\n&#8211; El esmalte queda perfecto con una sola capa.<br \/>\n&#8211; No deja rayas al aplicar.<br \/>\n&#8211; Incre\u00edble durabilidad, densidad, brillo y saturaci\u00f3n del color<\/p>\n<p>Tiempo de curado:<br \/>\nL\u00e1mpara UV LED 48W: 60 segundos<\/p>\n","protected":false},"excerpt":{"rendered":"<p>El 002 es un tono blanco con un sutil color cacao. Una gran opci\u00f3n para una manicura vers\u00e1til para todos<\/p>\n","protected":false},"featured_media":7944,"comment_status":"open","ping_status":"closed","template":"","meta":[],"product_brand":[207],"product_cat":[231],"product_tag":[],"class_list":{"0":"post-7943","1":"product","2":"type-product","3":"status-publish","4":"has-post-thumbnail","6":"product_brand-joia","7":"product_cat-polygel-liquido","9":"first","10":"instock","11":"purchasable","12":"product-type-simple"},"_links":{"self":[{"href":"https:\/\/maabmakeup.com\/inicio-2\/wp-json\/wp\/v2\/product\/7943","targetHints":{"allow":["GET"]}}],"collection":[{"href":"https:\/\/maabmakeup.com\/inicio-2\/wp-json\/wp\/v2\/product"}],"about":[{"href":"https:\/\/maabmakeup.com\/inicio-2\/wp-json\/wp\/v2\/types\/product"}],"replies":[{"embeddable":true,"href":"https:\/\/maabmakeup.com\/inicio-2\/wp-json\/wp\/v2\/comments?post=7943"}],"wp:featuredmedia":[{"embeddable":true,"href":"https:\/\/maabmakeup.com\/inicio-2\/wp-json\/wp\/v2\/media\/7944"}],"wp:attachment":[{"href":"https:\/\/maabmakeup.com\/inicio-2\/wp-json\/wp\/v2\/media?parent=7943"}],"wp:term":[{"taxonomy":"product_brand","embeddable":true,"href":"https:\/\/maabmakeup.com\/inicio-2\/wp-json\/wp\/v2\/product_brand?post=7943"},{"taxonomy":"product_cat","embeddable":true,"href":"https:\/\/maabmakeup.com\/inicio-2\/wp-json\/wp\/v2\/product_cat?post=7943"},{"taxonomy":"product_tag","embeddable":true,"href":"https:\/\/maabmakeup.com\/inicio-2\/wp-json\/wp\/v2\/product_tag?post=7943"}],"curies":[{"name":"wp","href":"https:\/\/api.w.org\/{rel}","templated":true}]}}