{"id":7950,"date":"2026-02-26T09:46:40","date_gmt":"2026-02-26T08:46:40","guid":{"rendered":"https:\/\/maabmakeup.com\/inicio-2\/?post_type=product&#038;p=7950"},"modified":"2026-02-26T09:46:40","modified_gmt":"2026-02-26T08:46:40","slug":"joia-vegan-esmalte-semipermanente-007-6ml","status":"publish","type":"product","link":"https:\/\/maabmakeup.com\/inicio-2\/tienda\/esmaltes\/joia-vegan-esmalte-semipermanente-007-6ml\/","title":{"rendered":"JOIA vegan Esmalte semipermanente &#8211; 007 &#8211; 6ml"},"content":{"rendered":"<p>Delicado y dulce, como una deliciosa crema de fresa o un delicioso cupcake, as\u00ed es el tono 007 de JOIA vegan.<\/p>\n<p>Un color genial para llevar en una cita rom\u00e1ntica o simplemente para un look alegre, dulce y divertido. El tono 007 ser\u00e1 una gran opci\u00f3n para la manicura francesa. Tambi\u00e9n puedes animarte a combinar este tono con un tono blanco y crear un dise\u00f1o s\u00faper vers\u00e1til y que no pasar\u00e1 desapercibido.<\/p>\n<p>&#8211; Esmalte semipermanente autonivelante.<br \/>\n&#8211; En su aplicaci\u00f3n, la f\u00f3rmula no forma grumos.<br \/>\n&#8211; Aplicaci\u00f3n m\u00e1s c\u00f3moda gracias a su pincel de alta calidad.<br \/>\n&#8211; El esmalte queda perfecto con una sola capa.<br \/>\n&#8211; No deja rayas al aplicar.<br \/>\n&#8211; Incre\u00edble durabilidad, densidad, brillo y saturaci\u00f3n del color<\/p>\n<p>Tiempo de curado:<br \/>\nL\u00e1mpara UV LED 48W: 60 segundos<\/p>\n","protected":false},"excerpt":{"rendered":"<p>Delicado y dulce, como una deliciosa crema de fresa o un delicioso cupcake, as\u00ed es el tono 007 de JOIA<\/p>\n","protected":false},"featured_media":7951,"comment_status":"open","ping_status":"closed","template":"","meta":[],"product_brand":[207],"product_cat":[123],"product_tag":[],"class_list":{"0":"post-7950","1":"product","2":"type-product","3":"status-publish","4":"has-post-thumbnail","6":"product_brand-joia","7":"product_cat-esmaltes","9":"first","10":"instock","11":"purchasable","12":"product-type-simple"},"_links":{"self":[{"href":"https:\/\/maabmakeup.com\/inicio-2\/wp-json\/wp\/v2\/product\/7950","targetHints":{"allow":["GET"]}}],"collection":[{"href":"https:\/\/maabmakeup.com\/inicio-2\/wp-json\/wp\/v2\/product"}],"about":[{"href":"https:\/\/maabmakeup.com\/inicio-2\/wp-json\/wp\/v2\/types\/product"}],"replies":[{"embeddable":true,"href":"https:\/\/maabmakeup.com\/inicio-2\/wp-json\/wp\/v2\/comments?post=7950"}],"wp:featuredmedia":[{"embeddable":true,"href":"https:\/\/maabmakeup.com\/inicio-2\/wp-json\/wp\/v2\/media\/7951"}],"wp:attachment":[{"href":"https:\/\/maabmakeup.com\/inicio-2\/wp-json\/wp\/v2\/media?parent=7950"}],"wp:term":[{"taxonomy":"product_brand","embeddable":true,"href":"https:\/\/maabmakeup.com\/inicio-2\/wp-json\/wp\/v2\/product_brand?post=7950"},{"taxonomy":"product_cat","embeddable":true,"href":"https:\/\/maabmakeup.com\/inicio-2\/wp-json\/wp\/v2\/product_cat?post=7950"},{"taxonomy":"product_tag","embeddable":true,"href":"https:\/\/maabmakeup.com\/inicio-2\/wp-json\/wp\/v2\/product_tag?post=7950"}],"curies":[{"name":"wp","href":"https:\/\/api.w.org\/{rel}","templated":true}]}}