{"id":7959,"date":"2026-02-26T10:19:16","date_gmt":"2026-02-26T09:19:16","guid":{"rendered":"https:\/\/maabmakeup.com\/inicio-2\/?post_type=product&#038;p=7959"},"modified":"2026-02-26T10:19:16","modified_gmt":"2026-02-26T09:19:16","slug":"joia-vegan-esmalte-semipermanente-014-6ml","status":"publish","type":"product","link":"https:\/\/maabmakeup.com\/inicio-2\/tienda\/esmaltes\/joia-vegan-esmalte-semipermanente-014-6ml\/","title":{"rendered":"JOIA vegan Esmalte semipermanente &#8211; 014 &#8211; 6ml"},"content":{"rendered":"<p>El tono 014 de JOIA vegan es un precioso color marr\u00f1on que nos recuerda a una taza de arom\u00e1tico caf\u00e9 o dulce chocolare, que animar\u00e1 incluso en un d\u00eda nublado. Si eres una aut\u00e9ntica amante de los tonos profundos y la manicura lac\u00f3nica \u00a1te encantar\u00e1!.<\/p>\n<p>Este color ser\u00e1 todo un descubrimiento para completar tu colecci\u00f3n de esmaltes semipermanentes, porque combina s\u00faper bien con todos los looks y estilos de ropa. Comb\u00ednalo con un tono milky o beige claro para dar un toque especial a tu manicura. \u00a1Conseguir\u00e1s una composici\u00f3n de colores incre\u00edble!<\/p>\n<p>&#8211; Esmalte semipermanente autonivelante.<br \/>\n&#8211; En su aplicaci\u00f3n, la f\u00f3rmula no forma grumos.<br \/>\n&#8211; Aplicaci\u00f3n m\u00e1s c\u00f3moda gracias a su pincel de alta calidad.<br \/>\n&#8211; El esmalte queda perfecto con una sola capa.<br \/>\n&#8211; No deja rayas al aplicar.<br \/>\n&#8211; Incre\u00edble durabilidad, densidad, brillo y saturaci\u00f3n del color<\/p>\n<p>Tiempo de curado:<br \/>\nL\u00e1mpara UV LED 48W: 60 segundos<\/p>\n","protected":false},"excerpt":{"rendered":"<p>El tono 014 de JOIA vegan es un precioso color marr\u00f1on que nos recuerda a una taza de arom\u00e1tico caf\u00e9<\/p>\n","protected":false},"featured_media":7960,"comment_status":"open","ping_status":"closed","template":"","meta":[],"product_brand":[207],"product_cat":[123],"product_tag":[],"class_list":{"0":"post-7959","1":"product","2":"type-product","3":"status-publish","4":"has-post-thumbnail","6":"product_brand-joia","7":"product_cat-esmaltes","9":"first","10":"instock","11":"purchasable","12":"product-type-simple"},"_links":{"self":[{"href":"https:\/\/maabmakeup.com\/inicio-2\/wp-json\/wp\/v2\/product\/7959","targetHints":{"allow":["GET"]}}],"collection":[{"href":"https:\/\/maabmakeup.com\/inicio-2\/wp-json\/wp\/v2\/product"}],"about":[{"href":"https:\/\/maabmakeup.com\/inicio-2\/wp-json\/wp\/v2\/types\/product"}],"replies":[{"embeddable":true,"href":"https:\/\/maabmakeup.com\/inicio-2\/wp-json\/wp\/v2\/comments?post=7959"}],"wp:featuredmedia":[{"embeddable":true,"href":"https:\/\/maabmakeup.com\/inicio-2\/wp-json\/wp\/v2\/media\/7960"}],"wp:attachment":[{"href":"https:\/\/maabmakeup.com\/inicio-2\/wp-json\/wp\/v2\/media?parent=7959"}],"wp:term":[{"taxonomy":"product_brand","embeddable":true,"href":"https:\/\/maabmakeup.com\/inicio-2\/wp-json\/wp\/v2\/product_brand?post=7959"},{"taxonomy":"product_cat","embeddable":true,"href":"https:\/\/maabmakeup.com\/inicio-2\/wp-json\/wp\/v2\/product_cat?post=7959"},{"taxonomy":"product_tag","embeddable":true,"href":"https:\/\/maabmakeup.com\/inicio-2\/wp-json\/wp\/v2\/product_tag?post=7959"}],"curies":[{"name":"wp","href":"https:\/\/api.w.org\/{rel}","templated":true}]}}