{"id":7965,"date":"2026-02-26T11:19:30","date_gmt":"2026-02-26T10:19:30","guid":{"rendered":"https:\/\/maabmakeup.com\/inicio-2\/?post_type=product&#038;p=7965"},"modified":"2026-02-26T11:19:30","modified_gmt":"2026-02-26T10:19:30","slug":"joia-vegan-esmalte-semipermanente-030-6ml","status":"publish","type":"product","link":"https:\/\/maabmakeup.com\/inicio-2\/tienda\/esmaltes\/joia-vegan-esmalte-semipermanente-030-6ml\/","title":{"rendered":"JOIA vegan Esmalte semipermanente &#8211; 030 &#8211; 6ml"},"content":{"rendered":"<p>El tono 030 de JOIA vegan es un rosado con un acabado brilante y un sobtono melocot\u00f3n, que transmite ternura y suavidad.<\/p>\n<p>Este tono combina s\u00faper bien con colores claros, y puedes utilizarlo para crear combinaciones de color muy interesantes utilizando t\u00e9cnicas que aportar\u00e1n un toque elegante a tu manicura: ombre, degradado o \u00abnegative space\u00bb. Da rienda suelta a tu imaginaci\u00f3n y conseguir\u00e1s que tu nail look no sea bonito, sino que sea incre\u00edble!<\/p>\n<p>&#8211; Esmalte semipermanente autonivelante.<br \/>\n&#8211; En su aplicaci\u00f3n, la f\u00f3rmula no forma grumos.<br \/>\n&#8211; Aplicaci\u00f3n m\u00e1s c\u00f3moda gracias a su pincel de alta calidad.<br \/>\n&#8211; El esmalte queda perfecto con una sola capa.<br \/>\n&#8211; No deja rayas al aplicar.<br \/>\n&#8211; Incre\u00edble durabilidad, densidad, brillo y saturaci\u00f3n del color<\/p>\n<p>Tiempo de curado:<br \/>\nL\u00e1mpara UV LED 48W: 60 segundos<\/p>\n","protected":false},"excerpt":{"rendered":"<p>El tono 030 de JOIA vegan es un rosado con un acabado brilante y un sobtono melocot\u00f3n, que transmite ternura<\/p>\n","protected":false},"featured_media":7966,"comment_status":"open","ping_status":"closed","template":"","meta":[],"product_brand":[207],"product_cat":[123],"product_tag":[],"class_list":{"0":"post-7965","1":"product","2":"type-product","3":"status-publish","4":"has-post-thumbnail","6":"product_brand-joia","7":"product_cat-esmaltes","9":"first","10":"instock","11":"purchasable","12":"product-type-simple"},"_links":{"self":[{"href":"https:\/\/maabmakeup.com\/inicio-2\/wp-json\/wp\/v2\/product\/7965","targetHints":{"allow":["GET"]}}],"collection":[{"href":"https:\/\/maabmakeup.com\/inicio-2\/wp-json\/wp\/v2\/product"}],"about":[{"href":"https:\/\/maabmakeup.com\/inicio-2\/wp-json\/wp\/v2\/types\/product"}],"replies":[{"embeddable":true,"href":"https:\/\/maabmakeup.com\/inicio-2\/wp-json\/wp\/v2\/comments?post=7965"}],"wp:featuredmedia":[{"embeddable":true,"href":"https:\/\/maabmakeup.com\/inicio-2\/wp-json\/wp\/v2\/media\/7966"}],"wp:attachment":[{"href":"https:\/\/maabmakeup.com\/inicio-2\/wp-json\/wp\/v2\/media?parent=7965"}],"wp:term":[{"taxonomy":"product_brand","embeddable":true,"href":"https:\/\/maabmakeup.com\/inicio-2\/wp-json\/wp\/v2\/product_brand?post=7965"},{"taxonomy":"product_cat","embeddable":true,"href":"https:\/\/maabmakeup.com\/inicio-2\/wp-json\/wp\/v2\/product_cat?post=7965"},{"taxonomy":"product_tag","embeddable":true,"href":"https:\/\/maabmakeup.com\/inicio-2\/wp-json\/wp\/v2\/product_tag?post=7965"}],"curies":[{"name":"wp","href":"https:\/\/api.w.org\/{rel}","templated":true}]}}