{"id":7972,"date":"2026-02-26T12:35:19","date_gmt":"2026-02-26T11:35:19","guid":{"rendered":"https:\/\/maabmakeup.com\/inicio-2\/?post_type=product&#038;p=7972"},"modified":"2026-02-26T12:38:45","modified_gmt":"2026-02-26T11:38:45","slug":"joia-vegan-esmalte-semipermanente-057-6ml","status":"publish","type":"product","link":"https:\/\/maabmakeup.com\/inicio-2\/tienda\/esmaltes\/joia-vegan-esmalte-semipermanente-057-6ml\/","title":{"rendered":"JOIA vegan Esmalte semipermanente &#8211; 057 &#8211; 6ml"},"content":{"rendered":"<p>Este tono gris claro 057 de JOIA vegan es una buena opci\u00f3n para cualquier momento. Se asemeja al cielo antes de una tormenta, completamente cautivado por una bruma gris. Un color fant\u00e1stico que sin duda se convertir\u00e1 en uno de tus favoritos.<\/p>\n<p>El tono 057 puede ser tambi\u00e9n un color base para experimentar con tu manicura, ya que combina perfectamente con diferentes colores. Prueba con un tono milky o blanco. Tambi\u00e9n puedes a\u00f1adir un toque de brillo con la ayuda de un tono rosa, o buscar una manicura que transmita elegancia y sofisticaci\u00f3n utilizando un foli plateado o dorado para la decoraci\u00f3n. Todo depende de tu imaginaci\u00f3n.<\/p>\n<p>&#8211; Esmalte semipermanente autonivelante.<br \/>\n&#8211; En su aplicaci\u00f3n, la f\u00f3rmula no forma grumos.<br \/>\n&#8211; Aplicaci\u00f3n m\u00e1s c\u00f3moda gracias a su pincel de alta calidad.<br \/>\n&#8211; El esmalte queda perfecto con una sola capa.<br \/>\n&#8211; No deja rayas al aplicar.<br \/>\n&#8211; Incre\u00edble durabilidad, densidad, brillo y saturaci\u00f3n del color<\/p>\n<p>Tiempo de curado:<br \/>\nL\u00e1mpara UV LED 48W: 60 segundos<\/p>\n","protected":false},"excerpt":{"rendered":"<p>Este tono gris claro 057 de JOIA vegan es una buena opci\u00f3n para cualquier momento. Se asemeja al cielo antes<\/p>\n","protected":false},"featured_media":7973,"comment_status":"open","ping_status":"closed","template":"","meta":[],"product_brand":[207],"product_cat":[123],"product_tag":[],"class_list":{"0":"post-7972","1":"product","2":"type-product","3":"status-publish","4":"has-post-thumbnail","6":"product_brand-joia","7":"product_cat-esmaltes","9":"first","10":"instock","11":"purchasable","12":"product-type-simple"},"_links":{"self":[{"href":"https:\/\/maabmakeup.com\/inicio-2\/wp-json\/wp\/v2\/product\/7972","targetHints":{"allow":["GET"]}}],"collection":[{"href":"https:\/\/maabmakeup.com\/inicio-2\/wp-json\/wp\/v2\/product"}],"about":[{"href":"https:\/\/maabmakeup.com\/inicio-2\/wp-json\/wp\/v2\/types\/product"}],"replies":[{"embeddable":true,"href":"https:\/\/maabmakeup.com\/inicio-2\/wp-json\/wp\/v2\/comments?post=7972"}],"wp:featuredmedia":[{"embeddable":true,"href":"https:\/\/maabmakeup.com\/inicio-2\/wp-json\/wp\/v2\/media\/7973"}],"wp:attachment":[{"href":"https:\/\/maabmakeup.com\/inicio-2\/wp-json\/wp\/v2\/media?parent=7972"}],"wp:term":[{"taxonomy":"product_brand","embeddable":true,"href":"https:\/\/maabmakeup.com\/inicio-2\/wp-json\/wp\/v2\/product_brand?post=7972"},{"taxonomy":"product_cat","embeddable":true,"href":"https:\/\/maabmakeup.com\/inicio-2\/wp-json\/wp\/v2\/product_cat?post=7972"},{"taxonomy":"product_tag","embeddable":true,"href":"https:\/\/maabmakeup.com\/inicio-2\/wp-json\/wp\/v2\/product_tag?post=7972"}],"curies":[{"name":"wp","href":"https:\/\/api.w.org\/{rel}","templated":true}]}}