{"id":8022,"date":"2026-02-27T11:09:47","date_gmt":"2026-02-27T10:09:47","guid":{"rendered":"https:\/\/maabmakeup.com\/inicio-2\/?post_type=product&#038;p=8022"},"modified":"2026-02-27T11:09:47","modified_gmt":"2026-02-27T10:09:47","slug":"joia-vegan-esmalte-semipermanente-147-6ml","status":"publish","type":"product","link":"https:\/\/maabmakeup.com\/inicio-2\/tienda\/esmaltes\/joia-vegan-esmalte-semipermanente-147-6ml\/","title":{"rendered":"JOIA vegan Esmalte semipermanente &#8211; 147 &#8211; 6ml"},"content":{"rendered":"<p>El tono 147 de la colecci\u00f3n Macarons de JOIA vegan es un color menta nieve creado para agregar frescura. Las notas de menta tienen un encanto especial, porque la gama de sabores de estos postres no es tan empalagosa, sino que se revela de forma cuidadosa e interesante. \u00a1El color 147 es el elegido por los conocedores de aut\u00e9nticas tartas francesas!<\/p>\n<p>Ventajas:<br \/>\n&#8211; Esmalte semipermanente autonivelante.<br \/>\n&#8211; Aplicaci\u00f3n m\u00e1s c\u00f3moda gracias a su pincel de alta calidad.<br \/>\n&#8211; El esmalte queda perfecto con una sola capa.<br \/>\n&#8211; Polimera r\u00e1pidamente.<br \/>\n&#8211; No contiene un olor fuerte.<br \/>\n&#8211; No deja rayas al aplicar.<br \/>\n&#8211; Incre\u00edble durabilidad, densidad, brillo y saturaci\u00f3n del color.<\/p>\n<p>Modo de empleo:<br \/>\n1. Preparar la placa ungueal y aplicar los l\u00edquidos auxiliares: Nail Dryer JOIA vegan y Nail Primer JOIA vegan.<br \/>\n2. Aplicar y polimerizar una fina capa de JOIA vegan Base Coat.<br \/>\n3. Aplicar el esmalte semipermanente de la colecci\u00f3n Macarons de JOIA vegan y polimeriza en la l\u00e1mpara UV LED 48W durante 60 segundos. Si es necesario, despu\u00e9s de la polimerizaci\u00f3n de la primera capa, se puede repetir el procedimiento.<br \/>\n4. Aplicar el Joia vegan Top Coat brillante o mate y polimeriza en la l\u00e1mpara UV LED durante 60 segundos.<\/p>\n<p>Tiempo de curado:<br \/>\nL\u00e1mpara UV LED 48W: 60 segundos<\/p>\n","protected":false},"excerpt":{"rendered":"<p>El tono 147 de la colecci\u00f3n Macarons de JOIA vegan es un color menta nieve creado para agregar frescura. Las<\/p>\n","protected":false},"featured_media":8023,"comment_status":"open","ping_status":"closed","template":"","meta":[],"product_brand":[207],"product_cat":[123],"product_tag":[],"class_list":{"0":"post-8022","1":"product","2":"type-product","3":"status-publish","4":"has-post-thumbnail","6":"product_brand-joia","7":"product_cat-esmaltes","9":"first","10":"instock","11":"purchasable","12":"product-type-simple"},"_links":{"self":[{"href":"https:\/\/maabmakeup.com\/inicio-2\/wp-json\/wp\/v2\/product\/8022","targetHints":{"allow":["GET"]}}],"collection":[{"href":"https:\/\/maabmakeup.com\/inicio-2\/wp-json\/wp\/v2\/product"}],"about":[{"href":"https:\/\/maabmakeup.com\/inicio-2\/wp-json\/wp\/v2\/types\/product"}],"replies":[{"embeddable":true,"href":"https:\/\/maabmakeup.com\/inicio-2\/wp-json\/wp\/v2\/comments?post=8022"}],"wp:featuredmedia":[{"embeddable":true,"href":"https:\/\/maabmakeup.com\/inicio-2\/wp-json\/wp\/v2\/media\/8023"}],"wp:attachment":[{"href":"https:\/\/maabmakeup.com\/inicio-2\/wp-json\/wp\/v2\/media?parent=8022"}],"wp:term":[{"taxonomy":"product_brand","embeddable":true,"href":"https:\/\/maabmakeup.com\/inicio-2\/wp-json\/wp\/v2\/product_brand?post=8022"},{"taxonomy":"product_cat","embeddable":true,"href":"https:\/\/maabmakeup.com\/inicio-2\/wp-json\/wp\/v2\/product_cat?post=8022"},{"taxonomy":"product_tag","embeddable":true,"href":"https:\/\/maabmakeup.com\/inicio-2\/wp-json\/wp\/v2\/product_tag?post=8022"}],"curies":[{"name":"wp","href":"https:\/\/api.w.org\/{rel}","templated":true}]}}