{"id":8027,"date":"2026-02-27T11:31:05","date_gmt":"2026-02-27T10:31:05","guid":{"rendered":"https:\/\/maabmakeup.com\/inicio-2\/?post_type=product&#038;p=8027"},"modified":"2026-02-27T11:31:05","modified_gmt":"2026-02-27T10:31:05","slug":"joia-vegan-esmalte-semipermanente-149-6ml","status":"publish","type":"product","link":"https:\/\/maabmakeup.com\/inicio-2\/tienda\/esmaltes\/joia-vegan-esmalte-semipermanente-149-6ml\/","title":{"rendered":"JOIA vegan Esmalte semipermanente &#8211; 149 &#8211; 6ml"},"content":{"rendered":"<p>El tono 149 de la colecci\u00f3n Macarons de JOIA vegan es un color melocot\u00f3n pastel que se convertir\u00e1 en un cl\u00e1sico indispensable como s\u00edmbolo de delicadeza y belleza. Esta elecci\u00f3n ser\u00e1 acertada para todas las ocasiones. El sabor del melocot\u00f3n dulce y jugoso es autosuficiente, moderadamente brillante y no necesita adiciones. Habi\u00e9ndolo experimentado una vez, querr\u00e1s repetirlo lo antes posible. \u00bfLo comprobamos?<\/p>\n<p>Ventajas:<br \/>\n&#8211; Esmalte semipermanente autonivelante.<br \/>\n&#8211; Aplicaci\u00f3n m\u00e1s c\u00f3moda gracias a su pincel de alta calidad.<br \/>\n&#8211; El esmalte queda perfecto con una sola capa.<br \/>\n&#8211; Polimera r\u00e1pidamente.<br \/>\n&#8211; No contiene un olor fuerte.<br \/>\n&#8211; No deja rayas al aplicar.<br \/>\n&#8211; Incre\u00edble durabilidad, densidad, brillo y saturaci\u00f3n del color.<\/p>\n<p>Modo de empleo:<br \/>\n1. Preparar la placa ungueal y aplicar los l\u00edquidos auxiliares: Nail Dryer JOIA vegan y Nail Primer JOIA vegan.<br \/>\n2. Aplicar y polimerizar una fina capa de JOIA vegan Base Coat.<br \/>\n3. Aplicar el esmalte semipermanente de la colecci\u00f3n Macarons de JOIA vegan y polimeriza en la l\u00e1mpara UV LED 48W durante 60 segundos. Si es necesario, despu\u00e9s de la polimerizaci\u00f3n de la primera capa, se puede repetir el procedimiento.<br \/>\n4. Aplicar el Joia vegan Top Coat brillante o mate y polimeriza en la l\u00e1mpara UV LED durante 60 segundos.<\/p>\n<p>Tiempo de curado:<br \/>\nL\u00e1mpara UV LED 48W: 60 segundos<\/p>\n","protected":false},"excerpt":{"rendered":"<p>El tono 149 de la colecci\u00f3n Macarons de JOIA vegan es un color melocot\u00f3n pastel que se convertir\u00e1 en un<\/p>\n","protected":false},"featured_media":8028,"comment_status":"open","ping_status":"closed","template":"","meta":[],"product_brand":[207],"product_cat":[123],"product_tag":[],"class_list":{"0":"post-8027","1":"product","2":"type-product","3":"status-publish","4":"has-post-thumbnail","6":"product_brand-joia","7":"product_cat-esmaltes","9":"first","10":"instock","11":"purchasable","12":"product-type-simple"},"_links":{"self":[{"href":"https:\/\/maabmakeup.com\/inicio-2\/wp-json\/wp\/v2\/product\/8027","targetHints":{"allow":["GET"]}}],"collection":[{"href":"https:\/\/maabmakeup.com\/inicio-2\/wp-json\/wp\/v2\/product"}],"about":[{"href":"https:\/\/maabmakeup.com\/inicio-2\/wp-json\/wp\/v2\/types\/product"}],"replies":[{"embeddable":true,"href":"https:\/\/maabmakeup.com\/inicio-2\/wp-json\/wp\/v2\/comments?post=8027"}],"wp:featuredmedia":[{"embeddable":true,"href":"https:\/\/maabmakeup.com\/inicio-2\/wp-json\/wp\/v2\/media\/8028"}],"wp:attachment":[{"href":"https:\/\/maabmakeup.com\/inicio-2\/wp-json\/wp\/v2\/media?parent=8027"}],"wp:term":[{"taxonomy":"product_brand","embeddable":true,"href":"https:\/\/maabmakeup.com\/inicio-2\/wp-json\/wp\/v2\/product_brand?post=8027"},{"taxonomy":"product_cat","embeddable":true,"href":"https:\/\/maabmakeup.com\/inicio-2\/wp-json\/wp\/v2\/product_cat?post=8027"},{"taxonomy":"product_tag","embeddable":true,"href":"https:\/\/maabmakeup.com\/inicio-2\/wp-json\/wp\/v2\/product_tag?post=8027"}],"curies":[{"name":"wp","href":"https:\/\/api.w.org\/{rel}","templated":true}]}}