{"id":8031,"date":"2026-02-27T11:36:22","date_gmt":"2026-02-27T10:36:22","guid":{"rendered":"https:\/\/maabmakeup.com\/inicio-2\/?post_type=product&#038;p=8031"},"modified":"2026-02-27T11:36:22","modified_gmt":"2026-02-27T10:36:22","slug":"joia-vegan-esmalte-semipermanente-151-6ml","status":"publish","type":"product","link":"https:\/\/maabmakeup.com\/inicio-2\/tienda\/esmaltes\/joia-vegan-esmalte-semipermanente-151-6ml\/","title":{"rendered":"JOIA vegan Esmalte semipermanente &#8211; 151 &#8211; 6ml"},"content":{"rendered":"<p>El tono 151 de la colecci\u00f3n Macarons de JOIA vegan es un color lavanda que representa un potente sabor a fuego artificial. Este tono es adecuado para verdaderos gourmets que buscan constantemente combinaciones inusuales. \u00a1Macaron con lavanda es una fusi\u00f3n audaz que se justifica plenamente! Conoce mejor este postre y definitivamente no te arrepentir\u00e1s.<\/p>\n<p>Ventajas:<br \/>\n&#8211; Esmalte semipermanente autonivelante.<br \/>\n&#8211; Aplicaci\u00f3n m\u00e1s c\u00f3moda gracias a su pincel de alta calidad.<br \/>\n&#8211; El esmalte queda perfecto con una sola capa.<br \/>\n&#8211; Polimera r\u00e1pidamente.<br \/>\n&#8211; No contiene un olor fuerte.<br \/>\n&#8211; No deja rayas al aplicar.<br \/>\n&#8211; Incre\u00edble durabilidad, densidad, brillo y saturaci\u00f3n del color.<\/p>\n<p>Modo de empleo:<br \/>\n1. Preparar la placa ungueal y aplicar los l\u00edquidos auxiliares: Nail Dryer JOIA vegan y Nail Primer JOIA vegan.<br \/>\n2. Aplicar y polimerizar una fina capa de JOIA vegan Base Coat.<br \/>\n3. Aplicar el esmalte semipermanente de la colecci\u00f3n Macarons de JOIA vegan y polimeriza en la l\u00e1mpara UV LED 48W durante 60 segundos. Si es necesario, despu\u00e9s de la polimerizaci\u00f3n de la primera capa, se puede repetir el procedimiento.<br \/>\n4. Aplicar el Joia vegan Top Coat brillante o mate y polimeriza en la l\u00e1mpara UV LED durante 60 segundos.<\/p>\n<p>Tiempo de curado:<br \/>\nL\u00e1mpara UV LED 48W: 60 segundos<\/p>\n","protected":false},"excerpt":{"rendered":"<p>El tono 151 de la colecci\u00f3n Macarons de JOIA vegan es un color lavanda que representa un potente sabor a<\/p>\n","protected":false},"featured_media":8032,"comment_status":"open","ping_status":"closed","template":"","meta":[],"product_brand":[],"product_cat":[123],"product_tag":[],"class_list":{"0":"post-8031","1":"product","2":"type-product","3":"status-publish","4":"has-post-thumbnail","6":"product_cat-esmaltes","8":"first","9":"instock","10":"purchasable","11":"product-type-simple"},"_links":{"self":[{"href":"https:\/\/maabmakeup.com\/inicio-2\/wp-json\/wp\/v2\/product\/8031","targetHints":{"allow":["GET"]}}],"collection":[{"href":"https:\/\/maabmakeup.com\/inicio-2\/wp-json\/wp\/v2\/product"}],"about":[{"href":"https:\/\/maabmakeup.com\/inicio-2\/wp-json\/wp\/v2\/types\/product"}],"replies":[{"embeddable":true,"href":"https:\/\/maabmakeup.com\/inicio-2\/wp-json\/wp\/v2\/comments?post=8031"}],"wp:featuredmedia":[{"embeddable":true,"href":"https:\/\/maabmakeup.com\/inicio-2\/wp-json\/wp\/v2\/media\/8032"}],"wp:attachment":[{"href":"https:\/\/maabmakeup.com\/inicio-2\/wp-json\/wp\/v2\/media?parent=8031"}],"wp:term":[{"taxonomy":"product_brand","embeddable":true,"href":"https:\/\/maabmakeup.com\/inicio-2\/wp-json\/wp\/v2\/product_brand?post=8031"},{"taxonomy":"product_cat","embeddable":true,"href":"https:\/\/maabmakeup.com\/inicio-2\/wp-json\/wp\/v2\/product_cat?post=8031"},{"taxonomy":"product_tag","embeddable":true,"href":"https:\/\/maabmakeup.com\/inicio-2\/wp-json\/wp\/v2\/product_tag?post=8031"}],"curies":[{"name":"wp","href":"https:\/\/api.w.org\/{rel}","templated":true}]}}