{"id":8035,"date":"2026-02-27T11:40:39","date_gmt":"2026-02-27T10:40:39","guid":{"rendered":"https:\/\/maabmakeup.com\/inicio-2\/?post_type=product&#038;p=8035"},"modified":"2026-02-27T11:40:39","modified_gmt":"2026-02-27T10:40:39","slug":"joia-vegan-esmalte-semipermanente-159-6ml","status":"publish","type":"product","link":"https:\/\/maabmakeup.com\/inicio-2\/tienda\/esmaltes\/joia-vegan-esmalte-semipermanente-159-6ml\/","title":{"rendered":"JOIA vegan Esmalte semipermanente &#8211; 159 &#8211; 6ml"},"content":{"rendered":"<p>El JOIA vegan Esmalte semipermanente 159 es un suave tono de chocolate con leche, que evoca la deliciosa combinaci\u00f3n de sabores dulces y ligeramente \u00e1cidos del chocolate con leche y un capuchino arom\u00e1tico. Vers\u00e1til y encantador, el color 159 es la elecci\u00f3n perfecta para llevar tanto en el d\u00eda a d\u00eda como en ocasiones especiales.<\/p>\n<p>Ventajas:<br \/>\n&#8211; Esmalte semipermanente autonivelante.<br \/>\n&#8211;<br \/>\nAplicaci\u00f3n m\u00e1s c\u00f3moda gracias a un pincel de alta calidad.<\/p>\n<p>&#8211; El esmalte queda perfecto con una sola capa.<\/p>\n<p>&#8211; Incre\u00edble durabilidad, densidad, brillo y saturaci\u00f3n del pigmento.<br \/>\n&#8211;<br \/>\nR\u00e1pida polimerizaci\u00f3n.<\/p>\n<p>&#8211; No emite un olor fuerte.<\/p>\n<p>&#8211; Tonos autosuficientes que no requieren dise\u00f1o adicional.<\/p>\n<p>Tiempo de curado:<br \/>\nL\u00e1mpara UV LED 48W: 60 segundos<\/p>\n","protected":false},"excerpt":{"rendered":"<p>El JOIA vegan Esmalte semipermanente 159 es un suave tono de chocolate con leche, que evoca la deliciosa combinaci\u00f3n de<\/p>\n","protected":false},"featured_media":8036,"comment_status":"open","ping_status":"closed","template":"","meta":[],"product_brand":[207],"product_cat":[123],"product_tag":[],"class_list":{"0":"post-8035","1":"product","2":"type-product","3":"status-publish","4":"has-post-thumbnail","6":"product_brand-joia","7":"product_cat-esmaltes","9":"first","10":"instock","11":"purchasable","12":"product-type-simple"},"_links":{"self":[{"href":"https:\/\/maabmakeup.com\/inicio-2\/wp-json\/wp\/v2\/product\/8035","targetHints":{"allow":["GET"]}}],"collection":[{"href":"https:\/\/maabmakeup.com\/inicio-2\/wp-json\/wp\/v2\/product"}],"about":[{"href":"https:\/\/maabmakeup.com\/inicio-2\/wp-json\/wp\/v2\/types\/product"}],"replies":[{"embeddable":true,"href":"https:\/\/maabmakeup.com\/inicio-2\/wp-json\/wp\/v2\/comments?post=8035"}],"wp:featuredmedia":[{"embeddable":true,"href":"https:\/\/maabmakeup.com\/inicio-2\/wp-json\/wp\/v2\/media\/8036"}],"wp:attachment":[{"href":"https:\/\/maabmakeup.com\/inicio-2\/wp-json\/wp\/v2\/media?parent=8035"}],"wp:term":[{"taxonomy":"product_brand","embeddable":true,"href":"https:\/\/maabmakeup.com\/inicio-2\/wp-json\/wp\/v2\/product_brand?post=8035"},{"taxonomy":"product_cat","embeddable":true,"href":"https:\/\/maabmakeup.com\/inicio-2\/wp-json\/wp\/v2\/product_cat?post=8035"},{"taxonomy":"product_tag","embeddable":true,"href":"https:\/\/maabmakeup.com\/inicio-2\/wp-json\/wp\/v2\/product_tag?post=8035"}],"curies":[{"name":"wp","href":"https:\/\/api.w.org\/{rel}","templated":true}]}}