{"id":8041,"date":"2026-02-27T11:49:00","date_gmt":"2026-02-27T10:49:00","guid":{"rendered":"https:\/\/maabmakeup.com\/inicio-2\/?post_type=product&#038;p=8041"},"modified":"2026-02-27T11:49:00","modified_gmt":"2026-02-27T10:49:00","slug":"joia-vegan-esmalte-semipermanente-167-6ml","status":"publish","type":"product","link":"https:\/\/maabmakeup.com\/inicio-2\/tienda\/esmaltes\/joia-vegan-esmalte-semipermanente-167-6ml\/","title":{"rendered":"JOIA vegan Esmalte semipermanente &#8211; 167 &#8211; 6ml"},"content":{"rendered":"<p>La colecci\u00f3n I am the moment de JOIA vegan celebra la diversidad de cada mujer, invit\u00e1ndola a disfrutar cada momento y expresar todas sus facetas.<\/p>\n<p>El tono 167 es un esmalte semipermanente de color burdeos.<\/p>\n<p>Ventajas:<br \/>\n&#8211; Esmalte semipermanente autonivelante.<br \/>\n&#8211; En su aplicaci\u00f3n la f\u00f3rmula no forma grumos.<br \/>\n&#8211; Aplicaci\u00f3n m\u00e1s c\u00f3moda gracias a su pincel de alta calidad.<br \/>\n&#8211; El esmalte queda perfecto con una sola capa.<br \/>\n&#8211; Incre\u00edble durabilidad, densidad, brillo y saturaci\u00f3n del pigmento.<br \/>\n&#8211; R\u00e1pida polimerizaci\u00f3n.<br \/>\n&#8211; No emite un olor fuerte.<br \/>\n&#8211; Tonos autosuficientes que no requieren dise\u00f1o adicional.<\/p>\n<p>Tiempo de curado:<br \/>\nL\u00e1mpara UV LED 48W: 60 segundos<\/p>\n","protected":false},"excerpt":{"rendered":"<p>La colecci\u00f3n I am the moment de JOIA vegan celebra la diversidad de cada mujer, invit\u00e1ndola a disfrutar cada momento<\/p>\n","protected":false},"featured_media":8042,"comment_status":"open","ping_status":"closed","template":"","meta":[],"product_brand":[207],"product_cat":[123],"product_tag":[],"class_list":{"0":"post-8041","1":"product","2":"type-product","3":"status-publish","4":"has-post-thumbnail","6":"product_brand-joia","7":"product_cat-esmaltes","9":"first","10":"instock","11":"purchasable","12":"product-type-simple"},"_links":{"self":[{"href":"https:\/\/maabmakeup.com\/inicio-2\/wp-json\/wp\/v2\/product\/8041","targetHints":{"allow":["GET"]}}],"collection":[{"href":"https:\/\/maabmakeup.com\/inicio-2\/wp-json\/wp\/v2\/product"}],"about":[{"href":"https:\/\/maabmakeup.com\/inicio-2\/wp-json\/wp\/v2\/types\/product"}],"replies":[{"embeddable":true,"href":"https:\/\/maabmakeup.com\/inicio-2\/wp-json\/wp\/v2\/comments?post=8041"}],"wp:featuredmedia":[{"embeddable":true,"href":"https:\/\/maabmakeup.com\/inicio-2\/wp-json\/wp\/v2\/media\/8042"}],"wp:attachment":[{"href":"https:\/\/maabmakeup.com\/inicio-2\/wp-json\/wp\/v2\/media?parent=8041"}],"wp:term":[{"taxonomy":"product_brand","embeddable":true,"href":"https:\/\/maabmakeup.com\/inicio-2\/wp-json\/wp\/v2\/product_brand?post=8041"},{"taxonomy":"product_cat","embeddable":true,"href":"https:\/\/maabmakeup.com\/inicio-2\/wp-json\/wp\/v2\/product_cat?post=8041"},{"taxonomy":"product_tag","embeddable":true,"href":"https:\/\/maabmakeup.com\/inicio-2\/wp-json\/wp\/v2\/product_tag?post=8041"}],"curies":[{"name":"wp","href":"https:\/\/api.w.org\/{rel}","templated":true}]}}