{"id":8060,"date":"2026-03-02T08:55:56","date_gmt":"2026-03-02T07:55:56","guid":{"rendered":"https:\/\/maabmakeup.com\/inicio-2\/?post_type=product&#038;p=8060"},"modified":"2026-03-02T08:55:56","modified_gmt":"2026-03-02T07:55:56","slug":"pnb-removedor-de-cuticulas-cuticle-remover-15ml","status":"publish","type":"product","link":"https:\/\/maabmakeup.com\/inicio-2\/tienda\/cuidado-de-las-unas\/aceite-cuticula\/pnb-removedor-de-cuticulas-cuticle-remover-15ml\/","title":{"rendered":"PNB Removedor de cut\u00edculas -Cuticle Remover &#8211; 15ml"},"content":{"rendered":"<p>Limpia y elimina suavemente las part\u00edculas \u00e1speras de la cut\u00edcula.<br \/>\nSu innovadora f\u00f3rmula previene la formaci\u00f3n de rebabas, favorece el r\u00e1pido ablandamiento de la cut\u00edcula, as\u00ed como su hidrataci\u00f3n y acondicionamiento.<br \/>\nEl producto suaviza la piel, la hidrata y ayuda a separar r\u00e1pidamente las part\u00edculas de piel muerta con un palito de naranjo. El producto tambi\u00e9n crea la base para un cuidado suave posterior, ya que normaliza el nivel de humedad de la piel y el intercambio natural de aire.<br \/>\nEliminar la piel muerta con un producto profesional especial permite acelerar el procedimiento, as\u00ed como proteger la piel sensible cercana a la u\u00f1a de la aparici\u00f3n de microfisuras y heridas.<br \/>\nModo de empleo:<br \/>\nExtender uniformemente sobre la superficie de la cut\u00edcula. Despu\u00e9s de 30-60 segundos, retirar la cut\u00edcula con un bastoncillo. Aclarar el producto restante con agua tibia.<\/p>\n","protected":false},"excerpt":{"rendered":"<p>Limpia y elimina suavemente las part\u00edculas \u00e1speras de la cut\u00edcula. Su innovadora f\u00f3rmula previene la formaci\u00f3n de rebabas, favorece el<\/p>\n","protected":false},"featured_media":8061,"comment_status":"open","ping_status":"closed","template":"","meta":[],"product_brand":[215],"product_cat":[34],"product_tag":[],"class_list":{"0":"post-8060","1":"product","2":"type-product","3":"status-publish","4":"has-post-thumbnail","6":"product_brand-pnb","7":"product_cat-aceite-cuticula","9":"first","10":"instock","11":"purchasable","12":"product-type-simple"},"_links":{"self":[{"href":"https:\/\/maabmakeup.com\/inicio-2\/wp-json\/wp\/v2\/product\/8060","targetHints":{"allow":["GET"]}}],"collection":[{"href":"https:\/\/maabmakeup.com\/inicio-2\/wp-json\/wp\/v2\/product"}],"about":[{"href":"https:\/\/maabmakeup.com\/inicio-2\/wp-json\/wp\/v2\/types\/product"}],"replies":[{"embeddable":true,"href":"https:\/\/maabmakeup.com\/inicio-2\/wp-json\/wp\/v2\/comments?post=8060"}],"wp:featuredmedia":[{"embeddable":true,"href":"https:\/\/maabmakeup.com\/inicio-2\/wp-json\/wp\/v2\/media\/8061"}],"wp:attachment":[{"href":"https:\/\/maabmakeup.com\/inicio-2\/wp-json\/wp\/v2\/media?parent=8060"}],"wp:term":[{"taxonomy":"product_brand","embeddable":true,"href":"https:\/\/maabmakeup.com\/inicio-2\/wp-json\/wp\/v2\/product_brand?post=8060"},{"taxonomy":"product_cat","embeddable":true,"href":"https:\/\/maabmakeup.com\/inicio-2\/wp-json\/wp\/v2\/product_cat?post=8060"},{"taxonomy":"product_tag","embeddable":true,"href":"https:\/\/maabmakeup.com\/inicio-2\/wp-json\/wp\/v2\/product_tag?post=8060"}],"curies":[{"name":"wp","href":"https:\/\/api.w.org\/{rel}","templated":true}]}}