{"id":8068,"date":"2026-03-02T09:33:48","date_gmt":"2026-03-02T08:33:48","guid":{"rendered":"https:\/\/maabmakeup.com\/inicio-2\/?post_type=product&#038;p=8068"},"modified":"2026-03-02T09:33:48","modified_gmt":"2026-03-02T08:33:48","slug":"lanolina-pura","status":"publish","type":"product","link":"https:\/\/maabmakeup.com\/inicio-2\/tienda\/mi-categoria\/lanolina-pura\/","title":{"rendered":"Lanolina pura"},"content":{"rendered":"<p>Lanolina para cosm\u00e9tica \u2022 100% efectiva \u2022 alto est\u00e1ndar de seguridad<br \/>\nNutre, suaviza y alivia la piel seca.<\/p>\n<p>Uso t\u00f3pico universal para el cuidado de los labios secos, con tendencia a agrietarse y la piel en manos, rodillas y codos.<br \/>\nApto para embarazadas y para aplicar en el pecho durante la lactancia.<\/p>\n<p>Producto fabricado y testado siguiendo las normas farmac\u00e9uticas, altamente purificado y con calidad farmac\u00e9utica.<\/p>\n<p>Nutre y suaviza la epidermis. Aporta alivio a la piel seca y calma irritaciones. Adem\u00e1s, afina los labios.<\/p>\n<p>Cambia de textura seg\u00fan la temperatura. Adopta una textura suave a temperatura ambiente, con un punto de fusi\u00f3n por encima de 36\u00b0C, eficacia probada.<\/p>\n<p>Apto para ni\u00f1os a partir de 1 mes y adultos.<\/p>\n<p>Modo de empleo: Aplicar una peque\u00f1a cantidad de lanolina en la piel o en los labios. Se puede usar una o varias veces al d\u00eda seg\u00fan necesidades de la piel. Despu\u00e9s de enfriarse, el producto se endurece. Despu\u00e9s de calentar el tubo en las manos, la lanolina se suaviza, lo que facilita su aplicaci\u00f3n.<\/p>\n","protected":false},"excerpt":{"rendered":"<p>Lanolina para cosm\u00e9tica \u2022 100% efectiva \u2022 alto est\u00e1ndar de seguridad Nutre, suaviza y alivia la piel seca. Uso t\u00f3pico<\/p>\n","protected":false},"featured_media":8069,"comment_status":"open","ping_status":"closed","template":"","meta":[],"product_brand":[217],"product_cat":[17],"product_tag":[],"class_list":{"0":"post-8068","1":"product","2":"type-product","3":"status-publish","4":"has-post-thumbnail","6":"product_brand-ziaja","7":"product_cat-mi-categoria","9":"first","10":"instock","11":"purchasable","12":"product-type-simple"},"_links":{"self":[{"href":"https:\/\/maabmakeup.com\/inicio-2\/wp-json\/wp\/v2\/product\/8068","targetHints":{"allow":["GET"]}}],"collection":[{"href":"https:\/\/maabmakeup.com\/inicio-2\/wp-json\/wp\/v2\/product"}],"about":[{"href":"https:\/\/maabmakeup.com\/inicio-2\/wp-json\/wp\/v2\/types\/product"}],"replies":[{"embeddable":true,"href":"https:\/\/maabmakeup.com\/inicio-2\/wp-json\/wp\/v2\/comments?post=8068"}],"wp:featuredmedia":[{"embeddable":true,"href":"https:\/\/maabmakeup.com\/inicio-2\/wp-json\/wp\/v2\/media\/8069"}],"wp:attachment":[{"href":"https:\/\/maabmakeup.com\/inicio-2\/wp-json\/wp\/v2\/media?parent=8068"}],"wp:term":[{"taxonomy":"product_brand","embeddable":true,"href":"https:\/\/maabmakeup.com\/inicio-2\/wp-json\/wp\/v2\/product_brand?post=8068"},{"taxonomy":"product_cat","embeddable":true,"href":"https:\/\/maabmakeup.com\/inicio-2\/wp-json\/wp\/v2\/product_cat?post=8068"},{"taxonomy":"product_tag","embeddable":true,"href":"https:\/\/maabmakeup.com\/inicio-2\/wp-json\/wp\/v2\/product_tag?post=8068"}],"curies":[{"name":"wp","href":"https:\/\/api.w.org\/{rel}","templated":true}]}}