{"id":8071,"date":"2026-03-02T09:39:01","date_gmt":"2026-03-02T08:39:01","guid":{"rendered":"https:\/\/maabmakeup.com\/inicio-2\/?post_type=product&#038;p=8071"},"modified":"2026-04-06T11:48:17","modified_gmt":"2026-04-06T09:48:17","slug":"staleks-lima-pulidora-media-luna-mini-100-180-20-uds","status":"publish","type":"product","link":"https:\/\/maabmakeup.com\/inicio-2\/tienda\/accesorios\/herramientas\/staleks-lima-pulidora-media-luna-mini-100-180-20-uds\/","title":{"rendered":"STALEKS Lima pulidora media luna mini &#8211; 100\/180 &#8211; 20 uds"},"content":{"rendered":"<p>Se utiliza para nivelar la placa ungueal, dar la forma necesaria a las u\u00f1as naturales y preparar la aplicaci\u00f3n de un recubrimiento artificial.<\/p>\n<p>Adecuada para corregir y alisar las irregularidades de la superficie de la placa ungueal tras el modelado, as\u00ed como para pulir u\u00f1as artificiales.<\/p>\n<p>La forma de media luna mini y el tama\u00f1o compacto de la lima de u\u00f1as son c\u00f3modos de usar y permiten un pulido preciso.<\/p>\n<p>Los extremos redondeados de la lima de u\u00f1as tienen un procesamiento especial, no lesionan al cliente y permiten trabajar c\u00f3modamente alrededor de la cut\u00edcula y los senos.<\/p>\n<p>El revestimiento abrasivo de alta calidad conserva sus propiedades durante mucho tiempo.<\/p>\n<p>2 lados de trabajo.<br \/>\nGrano: 100\/180.<br \/>\nTama\u00f1o: 85x30x12 mm.<\/p>\n","protected":false},"excerpt":{"rendered":"<p>Se utiliza para nivelar la placa ungueal, dar la forma necesaria a las u\u00f1as naturales y preparar la aplicaci\u00f3n de<\/p>\n","protected":false},"featured_media":8072,"comment_status":"open","ping_status":"closed","template":"","meta":[],"product_brand":[212],"product_cat":[247,86],"product_tag":[],"class_list":{"0":"post-8071","1":"product","2":"type-product","3":"status-publish","4":"has-post-thumbnail","6":"product_brand-staleks-pro","7":"product_cat-herramientas","8":"product_cat-limas","10":"first","11":"instock","12":"purchasable","13":"product-type-simple"},"_links":{"self":[{"href":"https:\/\/maabmakeup.com\/inicio-2\/wp-json\/wp\/v2\/product\/8071","targetHints":{"allow":["GET"]}}],"collection":[{"href":"https:\/\/maabmakeup.com\/inicio-2\/wp-json\/wp\/v2\/product"}],"about":[{"href":"https:\/\/maabmakeup.com\/inicio-2\/wp-json\/wp\/v2\/types\/product"}],"replies":[{"embeddable":true,"href":"https:\/\/maabmakeup.com\/inicio-2\/wp-json\/wp\/v2\/comments?post=8071"}],"wp:featuredmedia":[{"embeddable":true,"href":"https:\/\/maabmakeup.com\/inicio-2\/wp-json\/wp\/v2\/media\/8072"}],"wp:attachment":[{"href":"https:\/\/maabmakeup.com\/inicio-2\/wp-json\/wp\/v2\/media?parent=8071"}],"wp:term":[{"taxonomy":"product_brand","embeddable":true,"href":"https:\/\/maabmakeup.com\/inicio-2\/wp-json\/wp\/v2\/product_brand?post=8071"},{"taxonomy":"product_cat","embeddable":true,"href":"https:\/\/maabmakeup.com\/inicio-2\/wp-json\/wp\/v2\/product_cat?post=8071"},{"taxonomy":"product_tag","embeddable":true,"href":"https:\/\/maabmakeup.com\/inicio-2\/wp-json\/wp\/v2\/product_tag?post=8071"}],"curies":[{"name":"wp","href":"https:\/\/api.w.org\/{rel}","templated":true}]}}