{"id":8073,"date":"2026-03-02T09:43:03","date_gmt":"2026-03-02T08:43:03","guid":{"rendered":"https:\/\/maabmakeup.com\/inicio-2\/?post_type=product&#038;p=8073"},"modified":"2026-03-23T11:22:38","modified_gmt":"2026-03-23T10:22:38","slug":"staleks-bloque-pulidor-rectangular-150","status":"publish","type":"product","link":"https:\/\/maabmakeup.com\/inicio-2\/tienda\/accesorios\/herramientas\/staleks-bloque-pulidor-rectangular-150\/","title":{"rendered":"STALEKS Bloque pulidor rectangular &#8211; 150"},"content":{"rendered":"<p>Se utiliza para corregir y alisar las irregularidades de la superficie de la placa de la u\u00f1a despu\u00e9s del modelado, as\u00ed como para pulir u\u00f1as artificiales.<\/p>\n<p>Adecuado para preparar las u\u00f1as naturales para el procedimiento de extensi\u00f3n, as\u00ed como para aplicar un recubrimiento artificial.<\/p>\n<p>El revestimiento abrasivo de alta calidad conserva sus propiedades durante mucho tiempo.<\/p>\n<p>La forma es rectangular, un bloque.<\/p>\n<p>4 lados de trabajo.<br \/>\nGrano: 150.<br \/>\nTama\u00f1o: 95x25x25mm.<\/p>\n","protected":false},"excerpt":{"rendered":"<p>Se utiliza para corregir y alisar las irregularidades de la superficie de la placa de la u\u00f1a despu\u00e9s del modelado,<\/p>\n","protected":false},"featured_media":8074,"comment_status":"open","ping_status":"closed","template":"","meta":[],"product_brand":[212],"product_cat":[247,86],"product_tag":[],"class_list":{"0":"post-8073","1":"product","2":"type-product","3":"status-publish","4":"has-post-thumbnail","6":"product_brand-staleks-pro","7":"product_cat-herramientas","8":"product_cat-limas","10":"first","11":"instock","12":"purchasable","13":"product-type-simple"},"_links":{"self":[{"href":"https:\/\/maabmakeup.com\/inicio-2\/wp-json\/wp\/v2\/product\/8073","targetHints":{"allow":["GET"]}}],"collection":[{"href":"https:\/\/maabmakeup.com\/inicio-2\/wp-json\/wp\/v2\/product"}],"about":[{"href":"https:\/\/maabmakeup.com\/inicio-2\/wp-json\/wp\/v2\/types\/product"}],"replies":[{"embeddable":true,"href":"https:\/\/maabmakeup.com\/inicio-2\/wp-json\/wp\/v2\/comments?post=8073"}],"wp:featuredmedia":[{"embeddable":true,"href":"https:\/\/maabmakeup.com\/inicio-2\/wp-json\/wp\/v2\/media\/8074"}],"wp:attachment":[{"href":"https:\/\/maabmakeup.com\/inicio-2\/wp-json\/wp\/v2\/media?parent=8073"}],"wp:term":[{"taxonomy":"product_brand","embeddable":true,"href":"https:\/\/maabmakeup.com\/inicio-2\/wp-json\/wp\/v2\/product_brand?post=8073"},{"taxonomy":"product_cat","embeddable":true,"href":"https:\/\/maabmakeup.com\/inicio-2\/wp-json\/wp\/v2\/product_cat?post=8073"},{"taxonomy":"product_tag","embeddable":true,"href":"https:\/\/maabmakeup.com\/inicio-2\/wp-json\/wp\/v2\/product_tag?post=8073"}],"curies":[{"name":"wp","href":"https:\/\/api.w.org\/{rel}","templated":true}]}}