{"id":8088,"date":"2026-03-04T11:18:37","date_gmt":"2026-03-04T10:18:37","guid":{"rendered":"https:\/\/maabmakeup.com\/inicio-2\/?post_type=product&#038;p=8088"},"modified":"2026-03-04T11:18:37","modified_gmt":"2026-03-04T10:18:37","slug":"taller-deco-mix","status":"publish","type":"product","link":"https:\/\/maabmakeup.com\/inicio-2\/tienda\/cursos\/taller-deco-mix\/","title":{"rendered":"TALLER DECO MIX"},"content":{"rendered":"<p><img decoding=\"async\" class=\"an1\" draggable=\"false\" src=\"https:\/\/fonts.gstatic.com\/s\/e\/notoemoji\/17.0\/1f4c5\/32.png\" alt=\"\ud83d\udcc5\" data-emoji=\"\ud83d\udcc5\" aria-label=\"\ud83d\udcc5\" \/>\u00a012 de abril (domingo)<\/p>\n<p><img decoding=\"async\" class=\"an1\" draggable=\"false\" src=\"https:\/\/fonts.gstatic.com\/s\/e\/notoemoji\/17.0\/23f0\/32.png\" alt=\"\u23f0\" data-emoji=\"\u23f0\" aria-label=\"\u23f0\" \/>\u00a010:00 a 13:00<\/p>\n<p><img decoding=\"async\" class=\"an1\" draggable=\"false\" src=\"https:\/\/fonts.gstatic.com\/s\/e\/notoemoji\/17.0\/1f4b6\/32.png\" alt=\"\ud83d\udcb6\" data-emoji=\"\ud83d\udcb6\" aria-label=\"\ud83d\udcb6\" \/>\u00a097\u20ac<\/p>\n<p><img decoding=\"async\" class=\"an1\" draggable=\"false\" src=\"https:\/\/fonts.gstatic.com\/s\/e\/notoemoji\/17.0\/1f393\/32.png\" alt=\"\ud83c\udf93\" data-emoji=\"\ud83c\udf93\" aria-label=\"\ud83c\udf93\" \/>\u00a0Incluye diploma<\/p>\n<p>Taller pr\u00e1ctico intensivo donde aprender\u00e1s las t\u00e9cnicas de decoraci\u00f3n m\u00e1s demandadas en sal\u00f3n:<\/p>\n<p>&nbsp;<\/p>\n<ul>\n<li>Degradados<\/li>\n<li>Blooming<\/li>\n<li>Efecto az\u00facar<\/li>\n<li>Encapsulados<\/li>\n<li>Foil<\/li>\n<li>Pedrer\u00eda<\/li>\n<li>Arabescos<\/li>\n<li>Flores efecto cristal<\/li>\n<li>Dise\u00f1o jersey<\/li>\n<li>T\u00e9cnicas combinadas\n<p>Y muchas m\u00e1s t\u00e9cnicas&#8230;<\/li>\n<\/ul>\n<p>&nbsp;<\/p>\n<p>Trabajaremos paso a paso la aplicaci\u00f3n correcta, el sellado y los trucos para lograr acabados profesionales y duraderos, siempre respetando la u\u00f1a natural.<\/p>\n<p dir=\"auto\"><img decoding=\"async\" class=\"an1\" draggable=\"false\" src=\"https:\/\/fonts.gstatic.com\/s\/e\/notoemoji\/17.0\/2714_fe0f\/32.png\" alt=\"\u2714\ufe0f\" data-emoji=\"\u2714\ufe0f\" aria-label=\"\u2714\ufe0f\" \/>\u00a0Todos los materiales est\u00e1n incluidos DURANTE LA FORMACI\u00d3N<\/p>\n<p><img decoding=\"async\" class=\"an1\" draggable=\"false\" src=\"https:\/\/fonts.gstatic.com\/s\/e\/notoemoji\/17.0\/2714_fe0f\/32.png\" alt=\"\u2714\ufe0f\" data-emoji=\"\u2714\ufe0f\" aria-label=\"\u2714\ufe0f\" \/>\u00a0No incluye kit<\/p>\n<p>Solo necesitas traer tus pinceles.<\/p>\n","protected":false},"excerpt":{"rendered":"<p>\u00a012 de abril (domingo) \u00a010:00 a 13:00 \u00a097\u20ac \u00a0Incluye diploma Taller pr\u00e1ctico intensivo donde aprender\u00e1s las t\u00e9cnicas de decoraci\u00f3n m\u00e1s<\/p>\n","protected":false},"featured_media":8089,"comment_status":"open","ping_status":"closed","template":"","meta":[],"product_brand":[],"product_cat":[138],"product_tag":[],"class_list":{"0":"post-8088","1":"product","2":"type-product","3":"status-publish","4":"has-post-thumbnail","6":"product_cat-cursos","8":"first","9":"instock","10":"purchasable","11":"product-type-simple"},"_links":{"self":[{"href":"https:\/\/maabmakeup.com\/inicio-2\/wp-json\/wp\/v2\/product\/8088","targetHints":{"allow":["GET"]}}],"collection":[{"href":"https:\/\/maabmakeup.com\/inicio-2\/wp-json\/wp\/v2\/product"}],"about":[{"href":"https:\/\/maabmakeup.com\/inicio-2\/wp-json\/wp\/v2\/types\/product"}],"replies":[{"embeddable":true,"href":"https:\/\/maabmakeup.com\/inicio-2\/wp-json\/wp\/v2\/comments?post=8088"}],"wp:featuredmedia":[{"embeddable":true,"href":"https:\/\/maabmakeup.com\/inicio-2\/wp-json\/wp\/v2\/media\/8089"}],"wp:attachment":[{"href":"https:\/\/maabmakeup.com\/inicio-2\/wp-json\/wp\/v2\/media?parent=8088"}],"wp:term":[{"taxonomy":"product_brand","embeddable":true,"href":"https:\/\/maabmakeup.com\/inicio-2\/wp-json\/wp\/v2\/product_brand?post=8088"},{"taxonomy":"product_cat","embeddable":true,"href":"https:\/\/maabmakeup.com\/inicio-2\/wp-json\/wp\/v2\/product_cat?post=8088"},{"taxonomy":"product_tag","embeddable":true,"href":"https:\/\/maabmakeup.com\/inicio-2\/wp-json\/wp\/v2\/product_tag?post=8088"}],"curies":[{"name":"wp","href":"https:\/\/api.w.org\/{rel}","templated":true}]}}