{"id":8090,"date":"2026-03-04T11:51:28","date_gmt":"2026-03-04T10:51:28","guid":{"rendered":"https:\/\/maabmakeup.com\/inicio-2\/?post_type=product&#038;p=8090"},"modified":"2026-03-04T11:51:28","modified_gmt":"2026-03-04T10:51:28","slug":"info-curso-tecnico-manicurista","status":"publish","type":"product","link":"https:\/\/maabmakeup.com\/inicio-2\/tienda\/cursos\/info-curso-tecnico-manicurista\/","title":{"rendered":"info curso t\u00e9cnico manicurista"},"content":{"rendered":"<div>Aprende desde cero a ser una experta profesional en el mundo de la manicura.<\/div>\n<div>\n<p>Este curso te ense\u00f1a una a una todas las t\u00e9cnicas desde el inicio hasta las m\u00e1s revolucionarias para crear u\u00f1as de sal\u00f3n perfectas. Es una formaci\u00f3n \u00fanica y la m\u00e1s completa de nuestra academia. Conseguir\u00e1s una titulaci\u00f3n con la que podr\u00e1s trabajar nada m\u00e1s terminar o incluso montar tu propio sal\u00f3n emprendiendo, ya que tambi\u00e9n damos bases de negocio y mentalidad.<\/p><\/div>\n<div>\n\u00bfQu\u00e9 aprender\u00e1s?<\/div>\n<div>\n<img decoding=\"async\" class=\"an1\" draggable=\"false\" src=\"https:\/\/fonts.gstatic.com\/s\/e\/notoemoji\/17.0\/1f485\/32.png\" alt=\"\ud83d\udc85\" data-emoji=\"\ud83d\udc85\" aria-label=\"\ud83d\udc85\" \/>\u00a0Manicura nivel I Nivelaci\u00f3n y uso del torno<\/div>\n<div><img decoding=\"async\" class=\"an1\" draggable=\"false\" src=\"https:\/\/fonts.gstatic.com\/s\/e\/notoemoji\/17.0\/1f485\/32.png\" alt=\"\ud83d\udc85\" data-emoji=\"\ud83d\udc85\" aria-label=\"\ud83d\udc85\" \/>\u00a0Manicura nivel II Esmaltado correcto y problemas diarios con enfermedades y casos reales del d\u00eda a d\u00eda.<br \/>\n<img decoding=\"async\" class=\"an1\" draggable=\"false\" src=\"https:\/\/fonts.gstatic.com\/s\/e\/notoemoji\/17.0\/1f485\/32.png\" alt=\"\ud83d\udc85\" data-emoji=\"\ud83d\udc85\" aria-label=\"\ud83d\udc85\" \/>\u00a0Gel X<br \/>\n<img decoding=\"async\" class=\"an1\" draggable=\"false\" src=\"https:\/\/fonts.gstatic.com\/s\/e\/notoemoji\/17.0\/1f485\/32.png\" alt=\"\ud83d\udc85\" data-emoji=\"\ud83d\udc85\" aria-label=\"\ud83d\udc85\" \/>\u00a0Gel y polygel sin limado<\/div>\n<div><img decoding=\"async\" class=\"an1\" draggable=\"false\" src=\"https:\/\/fonts.gstatic.com\/s\/e\/notoemoji\/17.0\/1f485\/32.png\" alt=\"\ud83d\udc85\" data-emoji=\"\ud83d\udc85\" aria-label=\"\ud83d\udc85\" \/>\u00a05 formas de sal\u00f3n con moldes y t\u00e9cnica de limado correcta<\/div>\n<div><img decoding=\"async\" class=\"an1\" draggable=\"false\" src=\"https:\/\/fonts.gstatic.com\/s\/e\/notoemoji\/17.0\/1f485\/32.png\" alt=\"\ud83d\udc85\" data-emoji=\"\ud83d\udc85\" aria-label=\"\ud83d\udc85\" \/>\u00a0Dual System<\/div>\n<div><img decoding=\"async\" class=\"an1\" draggable=\"false\" src=\"https:\/\/fonts.gstatic.com\/s\/e\/notoemoji\/17.0\/1f485\/32.png\" alt=\"\ud83d\udc85\" data-emoji=\"\ud83d\udc85\" aria-label=\"\ud83d\udc85\" \/>\u00a0Dual Sandwich, smart French y dual nivel II<\/div>\n<div><img decoding=\"async\" class=\"an1\" draggable=\"false\" src=\"https:\/\/fonts.gstatic.com\/s\/e\/notoemoji\/17.0\/1f485\/32.png\" alt=\"\ud83d\udc85\" data-emoji=\"\ud83d\udc85\" aria-label=\"\ud83d\udc85\" \/>\u00a0Decoraci\u00f3n mix, diversas t\u00e9cnicas de Deco<\/div>\n<div><img decoding=\"async\" class=\"an1\" draggable=\"false\" src=\"https:\/\/fonts.gstatic.com\/s\/e\/notoemoji\/17.0\/1f485\/32.png\" alt=\"\ud83d\udc85\" data-emoji=\"\ud83d\udc85\" aria-label=\"\ud83d\udc85\" \/>\u00a0Estrategias de negocio<\/div>\n<div><img decoding=\"async\" class=\"an1\" draggable=\"false\" src=\"https:\/\/fonts.gstatic.com\/s\/e\/notoemoji\/17.0\/1f485\/32.png\" alt=\"\ud83d\udc85\" data-emoji=\"\ud83d\udc85\" aria-label=\"\ud83d\udc85\" \/>\u00a0Mentalidad<\/div>\n<div><img decoding=\"async\" class=\"an1\" draggable=\"false\" src=\"https:\/\/fonts.gstatic.com\/s\/e\/notoemoji\/17.0\/1f485\/32.png\" alt=\"\ud83d\udc85\" data-emoji=\"\ud83d\udc85\" aria-label=\"\ud83d\udc85\" \/>\u00a0Finanzas y contabilidad<\/div>\n<div><img decoding=\"async\" class=\"an1\" draggable=\"false\" src=\"https:\/\/fonts.gstatic.com\/s\/e\/notoemoji\/17.0\/1f485\/32.png\" alt=\"\ud83d\udc85\" data-emoji=\"\ud83d\udc85\" aria-label=\"\ud83d\udc85\" \/>\u00a0Redes, publicidad y marketing<\/div>\n<div><\/div>\n<div>\u00bfPor qu\u00e9 tomar este curso?<br \/>\n<img decoding=\"async\" class=\"an1\" draggable=\"false\" src=\"https:\/\/fonts.gstatic.com\/s\/e\/notoemoji\/17.0\/2714_fe0f\/32.png\" alt=\"\u2714\ufe0f\" data-emoji=\"\u2714\ufe0f\" aria-label=\"\u2714\ufe0f\" \/>\u00a0Ideal para quienes buscan ser manicuristas sin conocimiento pero quieren ser profesionales<br \/>\n<img decoding=\"async\" class=\"an1\" draggable=\"false\" src=\"https:\/\/fonts.gstatic.com\/s\/e\/notoemoji\/17.0\/2714_fe0f\/32.png\" alt=\"\u2714\ufe0f\" data-emoji=\"\u2714\ufe0f\" aria-label=\"\u2714\ufe0f\" \/>\u00a0Seguimiento personalizado por la profesora y apoyo online<br \/>\n<img decoding=\"async\" class=\"an1\" draggable=\"false\" src=\"https:\/\/fonts.gstatic.com\/s\/e\/notoemoji\/17.0\/2714_fe0f\/32.png\" alt=\"\u2714\ufe0f\" data-emoji=\"\u2714\ufe0f\" aria-label=\"\u2714\ufe0f\" \/>\u00a0Ofrecer\u00e1s un servicio r\u00e1pido y eficiente, perfecto para clientas con poco tiempo pero altas expectativas segura de tu trabajo y experiencia.<\/p>\n<p>CURSO PRESENCIAL<\/p><\/div>\n<div><\/div>\n<div>Comenzamos el\u00a0<b>14 SEPTIEMBRE y terminamos las clases 4 DICIEMBRE<\/b>\u00a0(hay periodo posterior de ex\u00e1menes)<\/div>\n<div><\/div>\n<div>\u00a0DOS TURNOS DISPONIBLES\u00a0<b>A ELEGIR:<\/b><\/div>\n<div>\n<b>Horario de ma\u00f1ana: L-X-V 9:30h- 12:30H<\/b><\/div>\n<div><b>Horario de tarde: L-M-J 16:30h- 19:30h<\/b><\/p>\n<p>Lugar: C\/ Cabo Noval, 6 local 1. Academia MAAB Make up. MELILLA<\/p>\n<p>Solo debes traer torno. El resto de lo\u00a0<b>materiales vienen incluidos en el kit super completo valorado en mas de 300\u20ac<\/b>. Si se necesita aparatolog\u00eda (torno o l\u00e1mpara, se pueden adquirir en la academia tambi\u00e9n)<\/div>\n<div>\nPara reservar tu plaza podemos indicarte las condiciones y posibilidades o comodidades de pago! Una vez hecha la reserva de la plaza, MUY IMPORTANTE, rellenar tu formulario con tu nombre y apellidos para el t\u00edtulo!!!<\/p>\n<div class=\"yj6qo\"><\/div>\n<div class=\"adL\"><\/div>\n<\/div>\n","protected":false},"excerpt":{"rendered":"<p>Aprende desde cero a ser una experta profesional en el mundo de la manicura. Este curso te ense\u00f1a una a<\/p>\n","protected":false},"featured_media":8091,"comment_status":"open","ping_status":"closed","template":"","meta":[],"product_brand":[],"product_cat":[138],"product_tag":[],"class_list":{"0":"post-8090","1":"product","2":"type-product","3":"status-publish","4":"has-post-thumbnail","6":"product_cat-cursos","8":"first","9":"instock","10":"purchasable","11":"product-type-simple"},"_links":{"self":[{"href":"https:\/\/maabmakeup.com\/inicio-2\/wp-json\/wp\/v2\/product\/8090","targetHints":{"allow":["GET"]}}],"collection":[{"href":"https:\/\/maabmakeup.com\/inicio-2\/wp-json\/wp\/v2\/product"}],"about":[{"href":"https:\/\/maabmakeup.com\/inicio-2\/wp-json\/wp\/v2\/types\/product"}],"replies":[{"embeddable":true,"href":"https:\/\/maabmakeup.com\/inicio-2\/wp-json\/wp\/v2\/comments?post=8090"}],"wp:featuredmedia":[{"embeddable":true,"href":"https:\/\/maabmakeup.com\/inicio-2\/wp-json\/wp\/v2\/media\/8091"}],"wp:attachment":[{"href":"https:\/\/maabmakeup.com\/inicio-2\/wp-json\/wp\/v2\/media?parent=8090"}],"wp:term":[{"taxonomy":"product_brand","embeddable":true,"href":"https:\/\/maabmakeup.com\/inicio-2\/wp-json\/wp\/v2\/product_brand?post=8090"},{"taxonomy":"product_cat","embeddable":true,"href":"https:\/\/maabmakeup.com\/inicio-2\/wp-json\/wp\/v2\/product_cat?post=8090"},{"taxonomy":"product_tag","embeddable":true,"href":"https:\/\/maabmakeup.com\/inicio-2\/wp-json\/wp\/v2\/product_tag?post=8090"}],"curies":[{"name":"wp","href":"https:\/\/api.w.org\/{rel}","templated":true}]}}