{"id":8101,"date":"2026-03-09T12:16:30","date_gmt":"2026-03-09T11:16:30","guid":{"rendered":"https:\/\/maabmakeup.com\/inicio-2\/?post_type=product&#038;p=8101"},"modified":"2026-03-09T12:16:31","modified_gmt":"2026-03-09T11:16:31","slug":"nail-prep-claumy-15ml","status":"publish","type":"product","link":"https:\/\/maabmakeup.com\/inicio-2\/tienda\/cuidado-de-las-unas\/primer\/nail-prep-claumy-15ml\/","title":{"rendered":"Nail Prep Claumy 15ml"},"content":{"rendered":"<p>El\u00a0<strong>Nail Prep de Claumy<\/strong>\u00a0es el aliado perfecto para comenzar cualquier aplicaci\u00f3n de u\u00f1as. Este producto esencial prepara la superficie de la u\u00f1a natural, eliminando la humedad y aceites, creando una base ideal para una\u00a0<strong>adherencia perfecta<\/strong>\u00a0y duradera en tus aplicaciones de gel, acrygel o esmalte semipermanente.<\/p>\n<p><strong>Beneficios destacados:<\/strong><\/p>\n<ul>\n<li><strong>Elimina humedad y aceites<\/strong>: Asegura una superficie limpia y lista para trabajar, evitando desprendimientos.<\/li>\n<li><strong>Prepara la u\u00f1a natural<\/strong>: Neutraliza la grasa y equilibra el pH de la u\u00f1a para una mejor adhesi\u00f3n del producto.<\/li>\n<li><strong>Compatibilidad universal<\/strong>: Ideal para usar con gel, acrygel, esmalte semipermanente y m\u00e1s.<\/li>\n<li><strong>F\u00f3rmula de secado r\u00e1pido<\/strong>: No requiere l\u00e1mpara UV\/LED, ahorrando tiempo en tu proceso de manicura.<\/li>\n<li><strong>Formato de 15 ml<\/strong>: Perfecto para m\u00faltiples aplicaciones, asegurando un uso prolongado y pr\u00e1ctico.<\/li>\n<\/ul>\n<p>Con el\u00a0<strong>Nail Prep de Claumy<\/strong>, lograr\u00e1s una base\u00a0<strong>perfecta<\/strong>\u00a0y u\u00f1as\u00a0<strong>resistentes<\/strong>, garantizando resultados impecables en cada manicura. \u00a1Convierte este paso en tu secreto para un acabado profesional duradero! \u2728    <form name=\"loginform\" id=\"loginform\" action=\"https:\/\/maabmakeup.com\/inicio-2\/panel201316\/\" method=\"post\"><p class=\"login-username\">\n\t\t\t\t<label for=\"user_login\">Nombre de usuario o correo electr\u00f3nico<\/label>\n\t\t\t\t<input type=\"text\" name=\"log\" id=\"user_login\" autocomplete=\"username\" class=\"input\" value=\"\" size=\"20\" \/>\n\t\t\t<\/p><p class=\"login-password\">\n\t\t\t\t<label for=\"user_pass\">Contrase\u00f1a<\/label>\n\t\t\t\t<input type=\"password\" name=\"pwd\" id=\"user_pass\" autocomplete=\"current-password\" spellcheck=\"false\" class=\"input\" value=\"\" size=\"20\" \/>\n\t\t\t<\/p><p class=\"login-remember\"><label><input name=\"rememberme\" type=\"checkbox\" id=\"rememberme\" value=\"forever\" \/> Recu\u00e9rdame<\/label><\/p><p class=\"login-submit\">\n\t\t\t\t<input type=\"submit\" name=\"wp-submit\" id=\"wp-submit\" class=\"button button-primary\" value=\"Acceder\" \/>\n\t\t\t\t<input type=\"hidden\" name=\"redirect_to\" value=\"https:\/\/maabmakeup.com\/inicio-2\/wp-json\/wp\/v2\/product\/8101\" \/>\n\t\t\t<\/p><\/form><\/p>\n","protected":false},"excerpt":{"rendered":"<p>El\u00a0Nail Prep de Claumy\u00a0es el aliado perfecto para comenzar cualquier aplicaci\u00f3n de u\u00f1as. Este producto esencial prepara la superficie de<\/p>\n","protected":false},"featured_media":0,"comment_status":"open","ping_status":"closed","template":"","meta":[],"product_brand":[],"product_cat":[77],"product_tag":[],"class_list":{"0":"post-8101","1":"product","2":"type-product","3":"status-publish","5":"product_cat-primer","7":"first","8":"instock","9":"purchasable","10":"product-type-simple"},"_links":{"self":[{"href":"https:\/\/maabmakeup.com\/inicio-2\/wp-json\/wp\/v2\/product\/8101","targetHints":{"allow":["GET"]}}],"collection":[{"href":"https:\/\/maabmakeup.com\/inicio-2\/wp-json\/wp\/v2\/product"}],"about":[{"href":"https:\/\/maabmakeup.com\/inicio-2\/wp-json\/wp\/v2\/types\/product"}],"replies":[{"embeddable":true,"href":"https:\/\/maabmakeup.com\/inicio-2\/wp-json\/wp\/v2\/comments?post=8101"}],"wp:attachment":[{"href":"https:\/\/maabmakeup.com\/inicio-2\/wp-json\/wp\/v2\/media?parent=8101"}],"wp:term":[{"taxonomy":"product_brand","embeddable":true,"href":"https:\/\/maabmakeup.com\/inicio-2\/wp-json\/wp\/v2\/product_brand?post=8101"},{"taxonomy":"product_cat","embeddable":true,"href":"https:\/\/maabmakeup.com\/inicio-2\/wp-json\/wp\/v2\/product_cat?post=8101"},{"taxonomy":"product_tag","embeddable":true,"href":"https:\/\/maabmakeup.com\/inicio-2\/wp-json\/wp\/v2\/product_tag?post=8101"}],"curies":[{"name":"wp","href":"https:\/\/api.w.org\/{rel}","templated":true}]}}